{"id":123869,"date":"2023-09-08T16:05:26","date_gmt":"2023-09-08T16:05:26","guid":{"rendered":"https:\/\/lighthouselocarno.ch\/prodotti\/pull-tailleur-a-manches-courtes\/"},"modified":"2023-08-30T15:59:40","modified_gmt":"2023-08-30T15:59:40","slug":"pull-over-a-manches-courtes","status":"publish","type":"product","link":"https:\/\/lighthouselocarno.ch\/fr\/produit\/pull-over-a-manches-courtes\/","title":{"rendered":"Pull tailleur \u00e0 manches courtes"},"content":{"rendered":"","protected":false},"excerpt":{"rendered":"<p>\u00c9l\u00e9gant et pr\u00e9cieux <strong>pull de printemps \u00e0 manches courtes<\/strong>. Traitement \u00e0 l&rsquo;aide de m\u00e9tiers \u00e0 tisser sp\u00e9ciaux qui traitent les fils de diff\u00e9rents poids. La partie sup\u00e9rieure, plus \u00e9paisse, est<strong>ajour\u00e9e<\/strong>. Fini et d\u00e9cor\u00e9 avec des <strong>garnitures en fourrure<\/strong>. La partie inf\u00e9rieure est tr\u00e8s l\u00e9g\u00e8re par rapport \u00e0 la partie sup\u00e9rieure, presque impalpable, et pr\u00e9sente un <strong>tricot ras\u00e9 avec des motifs floraux en technique intarsia<\/strong>. 100% coton. Fabriqu\u00e9 en Italie. De la<strong>collection printemps-\u00e9t\u00e9<\/strong> cr\u00e9\u00e9e par la styliste <strong>Daniela Dallavalle<\/strong>, marque de mode <strong>Elisa Cavaletti<\/strong>.<\/p>\n<p>La couleur est bleue<\/p>\n","protected":false},"featured_media":103978,"template":"","meta":{"_seopress_robots_primary_cat":"","_seopress_titles_title":"","_seopress_titles_desc":"","_seopress_robots_index":"","_seopress_analysis_target_kw":""},"product_brand":[],"product_cat":[3780,5104,3756,3766],"product_tag":[5917,5919,4985,5914,5107],"class_list":{"0":"post-123869","1":"product","2":"type-product","3":"status-publish","4":"has-post-thumbnail","6":"product_cat-mode-femme","7":"product_cat-tricots","8":"product_cat-vente","9":"product_cat-vetements","10":"product_tag-pull-a-manches-courtes","11":"product_tag-pull-en-coton-fr","12":"product_tag-pull-over","13":"product_tag-pull-over-en-coton","14":"product_tag-sauteur","16":"first","17":"instock","18":"sale","19":"shipping-taxable","20":"purchasable","21":"product-type-variable"},"jetpack_sharing_enabled":true,"_links":{"self":[{"href":"https:\/\/lighthouselocarno.ch\/fr\/wp-json\/wp\/v2\/product\/123869","targetHints":{"allow":["GET"]}}],"collection":[{"href":"https:\/\/lighthouselocarno.ch\/fr\/wp-json\/wp\/v2\/product"}],"about":[{"href":"https:\/\/lighthouselocarno.ch\/fr\/wp-json\/wp\/v2\/types\/product"}],"wp:featuredmedia":[{"embeddable":true,"href":"https:\/\/lighthouselocarno.ch\/fr\/wp-json\/wp\/v2\/media\/103978"}],"wp:attachment":[{"href":"https:\/\/lighthouselocarno.ch\/fr\/wp-json\/wp\/v2\/media?parent=123869"}],"wp:term":[{"taxonomy":"product_brand","embeddable":true,"href":"https:\/\/lighthouselocarno.ch\/fr\/wp-json\/wp\/v2\/product_brand?post=123869"},{"taxonomy":"product_cat","embeddable":true,"href":"https:\/\/lighthouselocarno.ch\/fr\/wp-json\/wp\/v2\/product_cat?post=123869"},{"taxonomy":"product_tag","embeddable":true,"href":"https:\/\/lighthouselocarno.ch\/fr\/wp-json\/wp\/v2\/product_tag?post=123869"}],"curies":[{"name":"wp","href":"https:\/\/api.w.org\/{rel}","templated":true}]}}