{"id":126208,"date":"2022-05-07T17:07:23","date_gmt":"2022-05-07T17:07:23","guid":{"rendered":"https:\/\/lighthouselocarno.ch\/prodotti\/nappe-en-lin-130x150cm-avec-dix-boutons-en-agoya\/"},"modified":"2025-05-23T13:44:33","modified_gmt":"2025-05-23T13:44:33","slug":"nappe-130x150cm-en-linen-composable-avec-ten-button-agoya","status":"publish","type":"product","link":"https:\/\/lighthouselocarno.ch\/fr\/produit\/nappe-130x150cm-en-linen-composable-avec-ten-button-agoya\/","title":{"rendered":"Nappe en lin 130x150cm avec dix boutons en agoya"},"content":{"rendered":"","protected":false},"excerpt":{"rendered":"<p>Nappe sectionnelle rectangulaire en lin \u00e9pais avec rang\u00e9e de boutons Agoya en nacre sur le c\u00f4t\u00e9 long. Dimensions 130X150 cm.<\/p>\n<p>Nappe fabriqu\u00e9e en Italie, compos\u00e9e \u00e0 100 % de lin de haute qualit\u00e9 et rendue douce au toucher par des traitements sp\u00e9ciaux qui renforcent l&rsquo;aspect naturel.<\/p>\n<p>Un tissu id\u00e9al pour la table car il est hypoallerg\u00e9nique et antibact\u00e9rien, en plus de l&rsquo;utilisation de colorants naturels et hypoallerg\u00e9niques qui donnent de l&rsquo;\u00e9clat et de la verve \u00e0 la fibre naturelle.<\/p>\n<p>La longue dur\u00e9e de vie et la facilit\u00e9 d&rsquo;entretien ajoutent \u00e0 votre choix.<\/p>\n<p>Id\u00e9al pour embellir votre mise en place : seul ou associ\u00e9 \u00e0 des chemins de table et des serviettes, pour cr\u00e9er des combinaisons originales \u00e0 chaque fois.<\/p>\n<p>Veuillez vous r\u00e9f\u00e9rer \u00e0 la section \u00abEntretien du produit\u00bb pour toutes les instructions de lavage.<\/p>\n","protected":false},"featured_media":106231,"template":"","meta":{"_seopress_robots_primary_cat":"none","_seopress_titles_title":"","_seopress_titles_desc":"","_seopress_robots_index":""},"product_brand":[8562],"product_cat":[3747,3757,5978],"product_tag":[5979,5987,5841,5840,3972,5843,5991,6001,5997,5845],"class_list":{"0":"post-126208","1":"product","2":"type-product","3":"status-publish","4":"has-post-thumbnail","6":"product_brand-arte-pura","7":"product_cat-decoration-interieure","8":"product_cat-table-fr","9":"product_cat-nappes","10":"product_tag-130x150-fr","11":"product_tag-boutons-dagoya","12":"product_tag-convivialite","13":"product_tag-essentiel","14":"product_tag-lino-fr","15":"product_tag-melanger-et-assortir","16":"product_tag-modulaire","17":"product_tag-nappes","18":"product_tag-rectangulaire","19":"product_tag-tableau-fr","20":"pa_colore-ange-vieux-401","21":"pa_colore-baltique-ancien-428","22":"pa_colore-beurre-ancien-047","23":"pa_colore-blanc-019","24":"pa_colore-bonbon-vieux-429","25":"pa_colore-convivio-438-fr","26":"pa_colore-craie-ancienne-044","27":"pa_colore-douceur-de-lancienne-434","28":"pa_colore-essenza-old-409-fr","29":"pa_colore-evenement-ancien-436","30":"pa_colore-fee-vieille-405","31":"pa_colore-granit-ancien-427","32":"pa_colore-infinity-ecowash-800-fr","33":"pa_colore-ladorable-vieille-437","34":"pa_colore-lac-old-440","35":"pa_colore-lava-old-037-fr","36":"pa_colore-luxe-vieux-432","37":"pa_colore-malte-ancienne-414","38":"pa_colore-mineral-old-410-fr","39":"pa_colore-noir-021","40":"pa_colore-pierre-vieille-425","41":"pa_colore-pivoine-vieille-417","42":"pa_colore-poudre-ancienne-043","43":"pa_colore-retro-900-fr","44":"pa_colore-roma-old-435-fr","45":"pa_colore-souffle-vieux-415","46":"pa_colore-vieille-argile-048","47":"pa_colore-vieille-pensee-441","48":"pa_colore-vita-old-433-fr","50":"first","51":"instock","52":"shipping-taxable","53":"purchasable","54":"product-type-variable"},"jetpack_sharing_enabled":true,"_links":{"self":[{"href":"https:\/\/lighthouselocarno.ch\/fr\/wp-json\/wp\/v2\/product\/126208","targetHints":{"allow":["GET"]}}],"collection":[{"href":"https:\/\/lighthouselocarno.ch\/fr\/wp-json\/wp\/v2\/product"}],"about":[{"href":"https:\/\/lighthouselocarno.ch\/fr\/wp-json\/wp\/v2\/types\/product"}],"wp:featuredmedia":[{"embeddable":true,"href":"https:\/\/lighthouselocarno.ch\/fr\/wp-json\/wp\/v2\/media\/106231"}],"wp:attachment":[{"href":"https:\/\/lighthouselocarno.ch\/fr\/wp-json\/wp\/v2\/media?parent=126208"}],"wp:term":[{"taxonomy":"product_brand","embeddable":true,"href":"https:\/\/lighthouselocarno.ch\/fr\/wp-json\/wp\/v2\/product_brand?post=126208"},{"taxonomy":"product_cat","embeddable":true,"href":"https:\/\/lighthouselocarno.ch\/fr\/wp-json\/wp\/v2\/product_cat?post=126208"},{"taxonomy":"product_tag","embeddable":true,"href":"https:\/\/lighthouselocarno.ch\/fr\/wp-json\/wp\/v2\/product_tag?post=126208"}],"curies":[{"name":"wp","href":"https:\/\/api.w.org\/{rel}","templated":true}]}}