{"id":126305,"date":"2022-05-07T17:07:25","date_gmt":"2022-05-07T17:07:25","guid":{"rendered":"https:\/\/lighthouselocarno.ch\/prodotti\/plaid-en-coton-et-chenille-avec-bordure-en-lurex\/"},"modified":"2025-05-23T13:44:33","modified_gmt":"2025-05-23T13:44:33","slug":"plaid-en-coton-et-chinille-avec-bord-en-lurex","status":"publish","type":"product","link":"https:\/\/lighthouselocarno.ch\/fr\/produit\/plaid-en-coton-et-chinille-avec-bord-en-lurex\/","title":{"rendered":"Plaid en coton et chenille avec bordure en lurex"},"content":{"rendered":"","protected":false},"excerpt":{"rendered":"<p>Plaid matelass\u00e9 en satin de coton et chenille, fini avec un l\u00e9ger rembourrage qui rend la douceur naturelle de la chenille encore plus confortable. Bordure \u00abLurex\u00bb. Dimensions 150X220 cm.<\/p>\n<p>Plaid fabriqu\u00e9 en Italie dans un tissu doux de haute qualit\u00e9.<\/p>\n<p>Confortables et hypoallerg\u00e9niques, les teintures naturelles apportent \u00e9clat et panache \u00e0 votre int\u00e9rieur.<\/p>\n<p>La longue dur\u00e9e de vie et la facilit\u00e9 d&rsquo;entretien ajoutent \u00e0 votre choix.<\/p>\n<p>Veuillez vous r\u00e9f\u00e9rer \u00e0 la section \u00abEntretien du produit\u00bb pour toutes les instructions de lavage.<\/p>\n","protected":false},"featured_media":106324,"template":"","meta":{"_seopress_robots_primary_cat":"none","_seopress_titles_title":"","_seopress_titles_desc":"","_seopress_robots_index":""},"product_brand":[8562],"product_cat":[6026,3747,5969],"product_tag":[5983,6044,6029,5840,5972,5993,6053],"class_list":{"0":"post-126305","1":"product","2":"type-product","3":"status-publish","4":"has-post-thumbnail","6":"product_brand-arte-pura","7":"product_cat-couvertures","8":"product_cat-decoration-interieure","9":"product_cat-le-lit","10":"product_tag-chambre-a-coucher","11":"product_tag-coton","12":"product_tag-ecossais","13":"product_tag-essentiel","14":"product_tag-linge-de-lit","15":"product_tag-lit-fr","16":"product_tag-luxe","17":"pa_colore-beurre-ancien-047","18":"pa_colore-evenement-ancien-436","20":"first","21":"instock","22":"shipping-taxable","23":"purchasable","24":"product-type-variable"},"jetpack_sharing_enabled":true,"_links":{"self":[{"href":"https:\/\/lighthouselocarno.ch\/fr\/wp-json\/wp\/v2\/product\/126305","targetHints":{"allow":["GET"]}}],"collection":[{"href":"https:\/\/lighthouselocarno.ch\/fr\/wp-json\/wp\/v2\/product"}],"about":[{"href":"https:\/\/lighthouselocarno.ch\/fr\/wp-json\/wp\/v2\/types\/product"}],"wp:featuredmedia":[{"embeddable":true,"href":"https:\/\/lighthouselocarno.ch\/fr\/wp-json\/wp\/v2\/media\/106324"}],"wp:attachment":[{"href":"https:\/\/lighthouselocarno.ch\/fr\/wp-json\/wp\/v2\/media?parent=126305"}],"wp:term":[{"taxonomy":"product_brand","embeddable":true,"href":"https:\/\/lighthouselocarno.ch\/fr\/wp-json\/wp\/v2\/product_brand?post=126305"},{"taxonomy":"product_cat","embeddable":true,"href":"https:\/\/lighthouselocarno.ch\/fr\/wp-json\/wp\/v2\/product_cat?post=126305"},{"taxonomy":"product_tag","embeddable":true,"href":"https:\/\/lighthouselocarno.ch\/fr\/wp-json\/wp\/v2\/product_tag?post=126305"}],"curies":[{"name":"wp","href":"https:\/\/api.w.org\/{rel}","templated":true}]}}