{"id":126312,"date":"2022-05-07T17:33:02","date_gmt":"2022-05-07T17:33:02","guid":{"rendered":"https:\/\/lighthouselocarno.ch\/prodotti\/pack-2-lavettes\/"},"modified":"2025-05-23T13:41:40","modified_gmt":"2025-05-23T13:41:40","slug":"pack-2-lavages","status":"publish","type":"product","link":"https:\/\/lighthouselocarno.ch\/fr\/produit\/pack-2-lavages\/","title":{"rendered":"Pack 2 lavettes"},"content":{"rendered":"","protected":false},"excerpt":{"rendered":"<p>Lot de deux gants de toilette en tissu \u00e9ponge avec bordure en lin. Dimensions 30X30 cm.<\/p>\n<p>Gants de toilette fabriqu\u00e9s en Italie \u00e0 partir de coton de haute qualit\u00e9 et rendus doux au toucher par des traitements sp\u00e9ciaux qui renforcent l&rsquo;aspect naturel.<\/p>\n<p>Un tissu id\u00e9al pour la salle de bains car il est hypoallerg\u00e9nique, antibact\u00e9rien et surtout hygroscopique. Dans le respect de votre peau.<\/p>\n<p>En outre, l&rsquo;utilisation de colorants naturels et hypoallerg\u00e9niques conf\u00e8re \u00e0 la fibre naturelle brillance et \u00e9clat.<\/p>\n<p>La longue dur\u00e9e de vie et la facilit\u00e9 d&rsquo;entretien ajoutent \u00e0 votre choix.<\/p>\n<p>Id\u00e9al pour embellir la salle de bains : seul ou associ\u00e9 \u00e0 un set, pour cr\u00e9er des combinaisons originales \u00e0 chaque fois.<\/p>\n<p>Veuillez vous r\u00e9f\u00e9rer \u00e0 la section \u00abEntretien du produit\u00bb pour toutes les instructions de lavage.<\/p>\n","protected":false},"featured_media":106594,"template":"","meta":{"_seopress_robots_primary_cat":"none","_seopress_titles_title":"","_seopress_titles_desc":"","_seopress_robots_index":""},"product_brand":[8562],"product_cat":[3747,3883,6039],"product_tag":[5840,6057,6040,6003,4823,4934,6050,5847],"class_list":{"0":"post-126312","1":"product","2":"type-product","3":"status-publish","4":"has-post-thumbnail","6":"product_brand-arte-pura","7":"product_cat-decoration-interieure","8":"product_cat-salle-de-bains","9":"product_cat-serviettes-fr","10":"product_tag-essentiel","11":"product_tag-lavetta-fr","12":"product_tag-linge-de-toilette","13":"product_tag-romantique","14":"product_tag-salle-de-bains","15":"product_tag-serviettes","16":"product_tag-set-jeu-de-mots","17":"product_tag-vagues","18":"pa_colore-craie-ancienne-044","19":"pa_colore-mineral-old-410-fr","20":"pa_colore-pivoine-vieille-417","21":"pa_colore-retro-900-fr","22":"pa_colore-vita-old-433-fr","23":"pa_tema-essentiel","24":"pa_tema-romantique","25":"pa_tema-vagues","27":"first","28":"instock","29":"shipping-taxable","30":"purchasable","31":"product-type-variable"},"jetpack_sharing_enabled":true,"_links":{"self":[{"href":"https:\/\/lighthouselocarno.ch\/fr\/wp-json\/wp\/v2\/product\/126312","targetHints":{"allow":["GET"]}}],"collection":[{"href":"https:\/\/lighthouselocarno.ch\/fr\/wp-json\/wp\/v2\/product"}],"about":[{"href":"https:\/\/lighthouselocarno.ch\/fr\/wp-json\/wp\/v2\/types\/product"}],"wp:featuredmedia":[{"embeddable":true,"href":"https:\/\/lighthouselocarno.ch\/fr\/wp-json\/wp\/v2\/media\/106594"}],"wp:attachment":[{"href":"https:\/\/lighthouselocarno.ch\/fr\/wp-json\/wp\/v2\/media?parent=126312"}],"wp:term":[{"taxonomy":"product_brand","embeddable":true,"href":"https:\/\/lighthouselocarno.ch\/fr\/wp-json\/wp\/v2\/product_brand?post=126312"},{"taxonomy":"product_cat","embeddable":true,"href":"https:\/\/lighthouselocarno.ch\/fr\/wp-json\/wp\/v2\/product_cat?post=126312"},{"taxonomy":"product_tag","embeddable":true,"href":"https:\/\/lighthouselocarno.ch\/fr\/wp-json\/wp\/v2\/product_tag?post=126312"}],"curies":[{"name":"wp","href":"https:\/\/api.w.org\/{rel}","templated":true}]}}