{"id":126392,"date":"2022-05-07T17:11:05","date_gmt":"2022-05-07T17:11:05","guid":{"rendered":"https:\/\/lighthouselocarno.ch\/prodotti\/peignoir-en-lin-epais-avec-capuche\/"},"modified":"2025-05-23T13:41:40","modified_gmt":"2025-05-23T13:41:40","slug":"peignoir-lourd-en-lin-avec-capuche","status":"publish","type":"product","link":"https:\/\/lighthouselocarno.ch\/fr\/produit\/peignoir-lourd-en-lin-avec-capuche\/","title":{"rendered":"Peignoir en lin \u00e9pais avec capuche"},"content":{"rendered":"","protected":false},"excerpt":{"rendered":"<p>Peignoir en lin \u00e9pais avec capuche.<\/p>\n<p>Peignoir fabriqu\u00e9 en Italie \u00e0 partir d&rsquo;un tissu de haute qualit\u00e9, rendu doux au toucher par des traitements sp\u00e9ciaux qui renforcent l&rsquo;aspect naturel.<\/p>\n<p>Ce tissu est id\u00e9al car il est hypoallerg\u00e9nique et hygroscopique. En outre, l&rsquo;utilisation de teintures naturelles et hypoallerg\u00e9niques conf\u00e8re \u00e0 la fibre naturelle une brillance et un \u00e9clat.<\/p>\n<p>La longue dur\u00e9e de vie et la facilit\u00e9 d&rsquo;entretien ajoutent \u00e0 votre choix.<\/p>\n<p>Id\u00e9al pour embellir l&rsquo;ensemble de la salle de bains : seul ou associ\u00e9 \u00e0 la serviette et \u00e0 l&rsquo;essuie-mains, pour cr\u00e9er des combinaisons originales \u00e0 chaque fois.<\/p>\n<p>Veuillez vous r\u00e9f\u00e9rer \u00e0 la section \u00abEntretien du produit\u00bb pour toutes les instructions de lavage.<\/p>\n","protected":false},"featured_media":106516,"template":"","meta":{"_seopress_robots_primary_cat":"none","_seopress_titles_title":"","_seopress_titles_desc":"","_seopress_robots_index":""},"product_brand":[8562],"product_cat":[3747,5933,3883],"product_tag":[5841,6104,6040,6012,4823],"class_list":{"0":"post-126392","1":"product","2":"type-product","3":"status-publish","4":"has-post-thumbnail","6":"product_brand-arte-pura","7":"product_cat-decoration-interieure","8":"product_cat-peignoirs-fr","9":"product_cat-salle-de-bains","10":"product_tag-convivialite","11":"product_tag-industriel","12":"product_tag-linge-de-toilette","13":"product_tag-peignoirs","14":"product_tag-salle-de-bains","16":"first","17":"instock","18":"shipping-taxable","19":"purchasable","20":"product-type-variable"},"jetpack_sharing_enabled":true,"_links":{"self":[{"href":"https:\/\/lighthouselocarno.ch\/fr\/wp-json\/wp\/v2\/product\/126392","targetHints":{"allow":["GET"]}}],"collection":[{"href":"https:\/\/lighthouselocarno.ch\/fr\/wp-json\/wp\/v2\/product"}],"about":[{"href":"https:\/\/lighthouselocarno.ch\/fr\/wp-json\/wp\/v2\/types\/product"}],"wp:featuredmedia":[{"embeddable":true,"href":"https:\/\/lighthouselocarno.ch\/fr\/wp-json\/wp\/v2\/media\/106516"}],"wp:attachment":[{"href":"https:\/\/lighthouselocarno.ch\/fr\/wp-json\/wp\/v2\/media?parent=126392"}],"wp:term":[{"taxonomy":"product_brand","embeddable":true,"href":"https:\/\/lighthouselocarno.ch\/fr\/wp-json\/wp\/v2\/product_brand?post=126392"},{"taxonomy":"product_cat","embeddable":true,"href":"https:\/\/lighthouselocarno.ch\/fr\/wp-json\/wp\/v2\/product_cat?post=126392"},{"taxonomy":"product_tag","embeddable":true,"href":"https:\/\/lighthouselocarno.ch\/fr\/wp-json\/wp\/v2\/product_tag?post=126392"}],"curies":[{"name":"wp","href":"https:\/\/api.w.org\/{rel}","templated":true}]}}