{"id":126415,"date":"2022-05-07T17:33:02","date_gmt":"2022-05-07T17:33:02","guid":{"rendered":"https:\/\/lighthouselocarno.ch\/prodotti\/set-de-bain-visage-invite-et-serviette-eponge-avec-dentelle-armonia\/"},"modified":"2025-05-23T13:41:40","modified_gmt":"2025-05-23T13:41:40","slug":"set-bath-face-guest-and-sheet-in-sponge-with-lace-harmony","status":"publish","type":"product","link":"https:\/\/lighthouselocarno.ch\/fr\/produit\/set-bath-face-guest-and-sheet-in-sponge-with-lace-harmony\/","title":{"rendered":"Set de bain visage, invit\u00e9 et serviette \u00e9ponge avec dentelle Armonia"},"content":{"rendered":"","protected":false},"excerpt":{"rendered":"<p>Ensemble de serviettes de toilette, d&rsquo;invit\u00e9s et de bain en \u00e9ponge avec dentelle Harmony sur un c\u00f4t\u00e9. Bordure en lin. Insertion circulaire du logo Arte Pura. Dimensions : serviette de toilette 60&#215;100 cm, serviette d&rsquo;invit\u00e9 40&#215;60 cm, serviette de bain 100 x 140 cm.<\/p>\n<p>Ensemble de serviettes fabriqu\u00e9 en Italie \u00e0 partir de coton de haute qualit\u00e9 et rendu doux au toucher par des traitements sp\u00e9ciaux qui renforcent l&rsquo;aspect naturel.<\/p>\n<p>Un tissu id\u00e9al pour la salle de bains car il est hypoallerg\u00e9nique, antibact\u00e9rien et surtout hygroscopique. Dans le respect de votre peau.<\/p>\n<p>En outre, l&rsquo;utilisation de colorants naturels et hypoallerg\u00e9niques conf\u00e8re \u00e0 la fibre naturelle brillance et \u00e9clat.<\/p>\n<p>La longue dur\u00e9e de vie et la facilit\u00e9 d&rsquo;entretien ajoutent \u00e0 votre choix.<\/p>\n<p>Id\u00e9al pour agr\u00e9menter l&rsquo;ensemble de la salle de bains : seul ou associ\u00e9 \u00e0 une serviette et un peignoir, pour cr\u00e9er \u00e0 chaque fois des combinaisons originales.<\/p>\n<p>Veuillez vous r\u00e9f\u00e9rer \u00e0 la section \u00abEntretien du produit\u00bb pour toutes les instructions de lavage.<\/p>\n","protected":false},"featured_media":106567,"template":"","meta":{"_seopress_robots_primary_cat":"","_seopress_titles_title":"","_seopress_titles_desc":"","_seopress_robots_index":""},"product_brand":[8562],"product_cat":[3747,3883,6039],"product_tag":[5245,6000,6040,6003,4823,6115,6118,6050],"class_list":{"0":"post-126415","1":"product","2":"type-product","3":"status-publish","4":"has-post-thumbnail","6":"product_brand-arte-pura","7":"product_cat-decoration-interieure","8":"product_cat-salle-de-bains","9":"product_cat-serviettes-fr","10":"product_tag-eponge-fr","11":"product_tag-harmony-lace","12":"product_tag-linge-de-toilette","13":"product_tag-romantique","14":"product_tag-salle-de-bains","15":"product_tag-serviette-pour-le-visage-et-les-invites","16":"product_tag-serviettes-de-bain-fr","17":"product_tag-set-jeu-de-mots","18":"pa_colore-poudre-ancienne-043","19":"pa_colore-retro-900-fr","20":"pa_tema-romantique","22":"first","23":"instock","24":"shipping-taxable","25":"purchasable","26":"product-type-variable"},"jetpack_sharing_enabled":true,"_links":{"self":[{"href":"https:\/\/lighthouselocarno.ch\/fr\/wp-json\/wp\/v2\/product\/126415","targetHints":{"allow":["GET"]}}],"collection":[{"href":"https:\/\/lighthouselocarno.ch\/fr\/wp-json\/wp\/v2\/product"}],"about":[{"href":"https:\/\/lighthouselocarno.ch\/fr\/wp-json\/wp\/v2\/types\/product"}],"wp:featuredmedia":[{"embeddable":true,"href":"https:\/\/lighthouselocarno.ch\/fr\/wp-json\/wp\/v2\/media\/106567"}],"wp:attachment":[{"href":"https:\/\/lighthouselocarno.ch\/fr\/wp-json\/wp\/v2\/media?parent=126415"}],"wp:term":[{"taxonomy":"product_brand","embeddable":true,"href":"https:\/\/lighthouselocarno.ch\/fr\/wp-json\/wp\/v2\/product_brand?post=126415"},{"taxonomy":"product_cat","embeddable":true,"href":"https:\/\/lighthouselocarno.ch\/fr\/wp-json\/wp\/v2\/product_cat?post=126415"},{"taxonomy":"product_tag","embeddable":true,"href":"https:\/\/lighthouselocarno.ch\/fr\/wp-json\/wp\/v2\/product_tag?post=126415"}],"curies":[{"name":"wp","href":"https:\/\/api.w.org\/{rel}","templated":true}]}}