{"id":126429,"date":"2022-05-07T17:34:58","date_gmt":"2022-05-07T17:34:58","guid":{"rendered":"https:\/\/lighthouselocarno.ch\/prodotti\/trousse-de-taille-moyenne\/"},"modified":"2025-05-23T13:41:40","modified_gmt":"2025-05-23T13:41:40","slug":"trousse-media","status":"publish","type":"product","link":"https:\/\/lighthouselocarno.ch\/fr\/produit\/trousse-media\/","title":{"rendered":"Trousse de taille moyenne"},"content":{"rendered":"","protected":false},"excerpt":{"rendered":"<p>Trousse rectangulaire en lin et coton. Fermeture \u00e0 glissi\u00e8re. Dimensions 12X23 cm.<\/p>\n<p>Trousse de fabrication italienne compos\u00e9e \u00e0 100 % de lin de haute qualit\u00e9 et rendue douce au toucher gr\u00e2ce \u00e0 des traitements sp\u00e9ciaux qui renforcent l&rsquo;aspect naturel.<\/p>\n<p>Ce tissu est id\u00e9al parce qu&rsquo;il est hypoallerg\u00e9nique et antibact\u00e9rien, en plus de l&rsquo;utilisation de teintures naturelles et non allerg\u00e8nes qui donnent \u00e0 la fibre naturelle de l&rsquo;\u00e9clat et de la vivacit\u00e9.<\/p>\n<p>La longue dur\u00e9e de vie et la facilit\u00e9 d&rsquo;entretien ajoutent \u00e0 votre choix.<\/p>\n<p>D\u00e9corez vos pi\u00e8ces en ajoutant une touche d&rsquo;originalit\u00e9 \u00e0 votre d\u00e9cor. Amusez-vous \u00e0 l&rsquo;utiliser dans n&rsquo;importe quelle pi\u00e8ce de votre maison ou de votre bureau : \u00e9tui, support ou trousse de maquillage.<\/p>\n<p>Veuillez vous r\u00e9f\u00e9rer \u00e0 la section \u00abEntretien du produit\u00bb pour toutes les instructions de lavage.<\/p>\n","protected":false},"featured_media":106663,"template":"","meta":{"_seopress_robots_primary_cat":"none","_seopress_titles_title":"","_seopress_titles_desc":"","_seopress_robots_index":""},"product_brand":[8562],"product_cat":[6122,3747,5321],"product_tag":[6062,6132,6138,5983,5840,6139,4823,6078,4414,6124],"class_list":{"0":"post-126429","1":"product","2":"type-product","3":"status-publish","4":"has-post-thumbnail","6":"product_brand-arte-pura","7":"product_cat-accessoires","8":"product_cat-decoration-interieure","9":"product_cat-trousses","10":"product_tag-accessoires","11":"product_tag-accessoires-decoratifs","12":"product_tag-cas","13":"product_tag-chambre-a-coucher","14":"product_tag-essentiel","15":"product_tag-porte-maquillage","16":"product_tag-salle-de-bains","17":"product_tag-salon","18":"product_tag-titulaire","19":"product_tag-trousse-fr","20":"pa_colore-craie-ancienne-044","21":"pa_colore-retro-900-fr","22":"pa_tema-essentiel","24":"first","25":"instock","26":"shipping-taxable","27":"purchasable","28":"product-type-variable"},"jetpack_sharing_enabled":true,"_links":{"self":[{"href":"https:\/\/lighthouselocarno.ch\/fr\/wp-json\/wp\/v2\/product\/126429","targetHints":{"allow":["GET"]}}],"collection":[{"href":"https:\/\/lighthouselocarno.ch\/fr\/wp-json\/wp\/v2\/product"}],"about":[{"href":"https:\/\/lighthouselocarno.ch\/fr\/wp-json\/wp\/v2\/types\/product"}],"wp:featuredmedia":[{"embeddable":true,"href":"https:\/\/lighthouselocarno.ch\/fr\/wp-json\/wp\/v2\/media\/106663"}],"wp:attachment":[{"href":"https:\/\/lighthouselocarno.ch\/fr\/wp-json\/wp\/v2\/media?parent=126429"}],"wp:term":[{"taxonomy":"product_brand","embeddable":true,"href":"https:\/\/lighthouselocarno.ch\/fr\/wp-json\/wp\/v2\/product_brand?post=126429"},{"taxonomy":"product_cat","embeddable":true,"href":"https:\/\/lighthouselocarno.ch\/fr\/wp-json\/wp\/v2\/product_cat?post=126429"},{"taxonomy":"product_tag","embeddable":true,"href":"https:\/\/lighthouselocarno.ch\/fr\/wp-json\/wp\/v2\/product_tag?post=126429"}],"curies":[{"name":"wp","href":"https:\/\/api.w.org\/{rel}","templated":true}]}}