{"id":126450,"date":"2022-05-07T17:09:29","date_gmt":"2022-05-07T17:09:29","guid":{"rendered":"https:\/\/lighthouselocarno.ch\/prodotti\/tapis-rectangulaire-en-eponge\/"},"modified":"2025-05-23T13:41:40","modified_gmt":"2025-05-23T13:41:40","slug":"tapis-rectangulaire-en-eponge","status":"publish","type":"product","link":"https:\/\/lighthouselocarno.ch\/fr\/produit\/tapis-rectangulaire-en-eponge\/","title":{"rendered":"60 x 90 tapis de bain \u00e9ponge"},"content":{"rendered":"","protected":false},"excerpt":{"rendered":"<p>Tapis rectangulaire en \u00e9ponge avec bordure en lin.<br \/>\nDimensions : 60 x 90 cm.<br \/>\nTapis fabriqu\u00e9 en Italie \u00e0 partir de coton de haute qualit\u00e9 et rendu doux au toucher gr\u00e2ce \u00e0 des traitements sp\u00e9ciaux qui renforcent l&rsquo;aspect naturel.<br \/>\nEn outre, l&rsquo;utilisation de teintures naturelles et hypoallerg\u00e9niques conf\u00e8re \u00e0 la fibre naturelle \u00e9clat et verve.<br \/>\nLa durabilit\u00e9 et la facilit\u00e9 d&rsquo;entretien ajoutent un plus \u00e0 votre choix.<br \/>\nId\u00e9al pour embellir votre salle de bains : seul ou associ\u00e9 \u00e0 des serviettes coordonn\u00e9es, pour cr\u00e9er des combinaisons originales \u00e0 chaque fois.<br \/>\nVeuillez consulter la section \u00abEntretien du produit\u00bb pour conna\u00eetre les instructions de lavage. <\/p>\n","protected":false},"featured_media":106489,"template":"","meta":{"_seopress_robots_primary_cat":"none","_seopress_titles_title":"","_seopress_titles_desc":"","_seopress_robots_index":"","_seopress_analysis_target_kw":""},"product_brand":[8562],"product_cat":[3747,3883,6134,6135],"product_tag":[5848,5983,5245,5840,6104,4823,6137],"class_list":{"0":"post-126450","1":"product","2":"type-product","3":"status-publish","4":"has-post-thumbnail","6":"product_brand-arte-pura","7":"product_cat-decoration-interieure","8":"product_cat-salle-de-bains","9":"product_cat-tapis","10":"product_cat-tapis-de-salle-de-bains","11":"product_tag-blanc","12":"product_tag-chambre-a-coucher","13":"product_tag-eponge-fr","14":"product_tag-essentiel","15":"product_tag-industriel","16":"product_tag-salle-de-bains","17":"product_tag-tapis","18":"pa_colore-blanc-019","19":"pa_colore-craie-ancienne-044","20":"pa_colore-mineral-old-410-fr","21":"pa_colore-retro-900-fr","23":"first","24":"instock","25":"shipping-taxable","26":"purchasable","27":"product-type-variable"},"jetpack_sharing_enabled":true,"_links":{"self":[{"href":"https:\/\/lighthouselocarno.ch\/fr\/wp-json\/wp\/v2\/product\/126450","targetHints":{"allow":["GET"]}}],"collection":[{"href":"https:\/\/lighthouselocarno.ch\/fr\/wp-json\/wp\/v2\/product"}],"about":[{"href":"https:\/\/lighthouselocarno.ch\/fr\/wp-json\/wp\/v2\/types\/product"}],"wp:featuredmedia":[{"embeddable":true,"href":"https:\/\/lighthouselocarno.ch\/fr\/wp-json\/wp\/v2\/media\/106489"}],"wp:attachment":[{"href":"https:\/\/lighthouselocarno.ch\/fr\/wp-json\/wp\/v2\/media?parent=126450"}],"wp:term":[{"taxonomy":"product_brand","embeddable":true,"href":"https:\/\/lighthouselocarno.ch\/fr\/wp-json\/wp\/v2\/product_brand?post=126450"},{"taxonomy":"product_cat","embeddable":true,"href":"https:\/\/lighthouselocarno.ch\/fr\/wp-json\/wp\/v2\/product_cat?post=126450"},{"taxonomy":"product_tag","embeddable":true,"href":"https:\/\/lighthouselocarno.ch\/fr\/wp-json\/wp\/v2\/product_tag?post=126450"}],"curies":[{"name":"wp","href":"https:\/\/api.w.org\/{rel}","templated":true}]}}