{"id":126461,"date":"2022-05-07T17:07:26","date_gmt":"2022-05-07T17:07:26","guid":{"rendered":"https:\/\/lighthouselocarno.ch\/prodotti\/taie-doreiller-decorative-avec-spheres-brodees-et-cadre\/"},"modified":"2025-05-23T13:41:40","modified_gmt":"2025-05-23T13:41:40","slug":"taie-doreiller-decoration-avec-encadrement-embroderie","status":"publish","type":"product","link":"https:\/\/lighthouselocarno.ch\/fr\/produit\/taie-doreiller-decoration-avec-encadrement-embroderie\/","title":{"rendered":"Taie d&rsquo;oreiller d\u00e9corative avec sph\u00e8res brod\u00e9es et cadre"},"content":{"rendered":"","protected":false},"excerpt":{"rendered":"<p>Taie d&rsquo;oreiller d\u00e9corative en lin avec sph\u00e8res brod\u00e9es et cadre. Dimensions 60&#215;60 cm.<\/p>\n<p>Taie d&rsquo;oreiller fabriqu\u00e9e en Italie, compos\u00e9e \u00e0 100 % de lin de haute qualit\u00e9 et rendue douce au toucher par des traitements sp\u00e9ciaux qui renforcent l&rsquo;aspect naturel.<\/p>\n<p>Ce tissu est id\u00e9al pour le lit car il est hypoallerg\u00e9nique et antibact\u00e9rien. De plus, l&rsquo;utilisation de teintures naturelles et non allerg\u00e8nes conf\u00e8re \u00e0 la fibre naturelle de l&rsquo;\u00e9clat et de la vivacit\u00e9.<\/p>\n<p>La longue dur\u00e9e de vie et la facilit\u00e9 d&rsquo;entretien ajoutent \u00e0 votre choix.<\/p>\n<p>Id\u00e9al pour embellir votre literie : seul ou associ\u00e9 \u00e0 un couvre-lit et un drap, pour cr\u00e9er \u00e0 chaque fois des combinaisons originales.<\/p>\n<p>Veuillez vous r\u00e9f\u00e9rer \u00e0 la section \u00abEntretien du produit\u00bb pour toutes les instructions de lavage.<\/p>\n","protected":false},"featured_media":106432,"template":"","meta":{"_seopress_robots_primary_cat":"none","_seopress_titles_title":"","_seopress_titles_desc":"","_seopress_robots_index":""},"product_brand":[8562],"product_cat":[7129,3747,4040,5970,5969],"product_tag":[6069,5983,5840,5972,5993,5986],"class_list":{"0":"post-126461","1":"product","2":"type-product","3":"status-publish","4":"has-post-thumbnail","6":"product_brand-arte-pura","7":"product_cat-coussins-deco","8":"product_cat-decoration-interieure","9":"product_cat-decorations-fr","10":"product_cat-housses-de-coussin","11":"product_cat-le-lit","12":"product_tag-broderie","13":"product_tag-chambre-a-coucher","14":"product_tag-essentiel","15":"product_tag-linge-de-lit","16":"product_tag-lit-fr","17":"product_tag-taies-doreiller-fr","18":"pa_colore-craie-ancienne-044","19":"pa_colore-retro-900-fr","21":"first","22":"instock","23":"shipping-taxable","24":"purchasable","25":"product-type-variable"},"jetpack_sharing_enabled":true,"_links":{"self":[{"href":"https:\/\/lighthouselocarno.ch\/fr\/wp-json\/wp\/v2\/product\/126461","targetHints":{"allow":["GET"]}}],"collection":[{"href":"https:\/\/lighthouselocarno.ch\/fr\/wp-json\/wp\/v2\/product"}],"about":[{"href":"https:\/\/lighthouselocarno.ch\/fr\/wp-json\/wp\/v2\/types\/product"}],"wp:featuredmedia":[{"embeddable":true,"href":"https:\/\/lighthouselocarno.ch\/fr\/wp-json\/wp\/v2\/media\/106432"}],"wp:attachment":[{"href":"https:\/\/lighthouselocarno.ch\/fr\/wp-json\/wp\/v2\/media?parent=126461"}],"wp:term":[{"taxonomy":"product_brand","embeddable":true,"href":"https:\/\/lighthouselocarno.ch\/fr\/wp-json\/wp\/v2\/product_brand?post=126461"},{"taxonomy":"product_cat","embeddable":true,"href":"https:\/\/lighthouselocarno.ch\/fr\/wp-json\/wp\/v2\/product_cat?post=126461"},{"taxonomy":"product_tag","embeddable":true,"href":"https:\/\/lighthouselocarno.ch\/fr\/wp-json\/wp\/v2\/product_tag?post=126461"}],"curies":[{"name":"wp","href":"https:\/\/api.w.org\/{rel}","templated":true}]}}