{"id":126565,"date":"2022-05-07T19:30:09","date_gmt":"2022-05-07T19:30:09","guid":{"rendered":"https:\/\/lighthouselocarno.ch\/prodotti\/peignoir-en-tissu-eponge-brode\/"},"modified":"2026-01-09T13:44:14","modified_gmt":"2026-01-09T13:44:14","slug":"peignoir-brode-en-eponge","status":"publish","type":"product","link":"https:\/\/lighthouselocarno.ch\/fr\/produit\/peignoir-brode-en-eponge\/","title":{"rendered":"Peignoir en tissu \u00e9ponge brod\u00e9"},"content":{"rendered":"<p>Entretien du produit :<\/p>\n<p>Lavable en machine \u00e0 30-40 degr\u00e9s avec un savon neutre. Ne pas ajouter d&rsquo;adoucissant. Ne pas utiliser d&rsquo;eau de Javel.<br \/>\nTous les articles Arte Pura sont teints \u00e0 la main avec des pigments min\u00e9raux naturels.<br \/>\nIl est possible que lors des premiers lavages, ils perdent un peu de couleur, donnant une teinte vintage propre et unique \u00e0 cette marque.<br \/>\nPour le lavage des articles aux couleurs Old, il est fortement recommand\u00e9 d&rsquo;ajouter 1 kg de sel marin dans la machine \u00e0 laver pour les 3-4 premiers lavages afin de bien fixer les couleurs.<\/p>\n<p>Tissu : 100 % coton<\/p>\n","protected":false},"excerpt":{"rendered":"<p>Peignoir \u00e9ponge avec broderie \u00abRomantic\u00bb et capuche. Fermeture de la ceinture.<\/p>\n<p>Peignoir fabriqu\u00e9 en Italie \u00e0 partir d&rsquo;un tissu de haute qualit\u00e9, rendu doux au toucher par des traitements sp\u00e9ciaux qui renforcent l&rsquo;aspect naturel. Ce tissu est id\u00e9al car il est hypoallerg\u00e9nique et hygroscopique. En outre, l&rsquo;utilisation de teintures naturelles et hypoallerg\u00e9niques conf\u00e8re \u00e0 la fibre naturelle une brillance et un \u00e9clat.<\/p>\n<p>La longue dur\u00e9e de vie et l&rsquo;entretien facile ajoutent une plus-value \u00e0 votre choix.<\/p>\n<p>Id\u00e9al pour embellir l&rsquo;ensemble de la salle de bains : seul ou associ\u00e9 \u00e0 la serviette et \u00e0 l&rsquo;essuie-mains, pour cr\u00e9er des combinaisons originales \u00e0 chaque fois.<\/p>\n<p>Nous vous invitons \u00e0 consulter la section \u00abEntretien du produit\u00bb pour d\u00e9couvrir toutes les instructions de lavage.<\/p>\n","protected":false},"featured_media":112006,"template":"","meta":{"_seopress_robots_primary_cat":"","_seopress_titles_title":"","_seopress_titles_desc":"","_seopress_robots_index":""},"product_brand":[8562],"product_cat":[5935,3747,5933,3883],"product_tag":[6040,6012,6003,4823],"class_list":{"0":"post-126565","1":"product","2":"type-product","3":"status-publish","4":"has-post-thumbnail","6":"product_brand-arte-pura","7":"product_cat-actualites","8":"product_cat-decoration-interieure","9":"product_cat-peignoirs-fr","10":"product_cat-salle-de-bains","11":"product_tag-linge-de-toilette","12":"product_tag-peignoirs","13":"product_tag-romantique","14":"product_tag-salle-de-bains","15":"pa_colore-poudre-ancienne-043","16":"pa_tema-romantique","18":"first","19":"instock","20":"shipping-taxable","21":"purchasable","22":"product-type-variable","23":"has-default-attributes"},"jetpack_sharing_enabled":true,"_links":{"self":[{"href":"https:\/\/lighthouselocarno.ch\/fr\/wp-json\/wp\/v2\/product\/126565","targetHints":{"allow":["GET"]}}],"collection":[{"href":"https:\/\/lighthouselocarno.ch\/fr\/wp-json\/wp\/v2\/product"}],"about":[{"href":"https:\/\/lighthouselocarno.ch\/fr\/wp-json\/wp\/v2\/types\/product"}],"wp:featuredmedia":[{"embeddable":true,"href":"https:\/\/lighthouselocarno.ch\/fr\/wp-json\/wp\/v2\/media\/112006"}],"wp:attachment":[{"href":"https:\/\/lighthouselocarno.ch\/fr\/wp-json\/wp\/v2\/media?parent=126565"}],"wp:term":[{"taxonomy":"product_brand","embeddable":true,"href":"https:\/\/lighthouselocarno.ch\/fr\/wp-json\/wp\/v2\/product_brand?post=126565"},{"taxonomy":"product_cat","embeddable":true,"href":"https:\/\/lighthouselocarno.ch\/fr\/wp-json\/wp\/v2\/product_cat?post=126565"},{"taxonomy":"product_tag","embeddable":true,"href":"https:\/\/lighthouselocarno.ch\/fr\/wp-json\/wp\/v2\/product_tag?post=126565"}],"curies":[{"name":"wp","href":"https:\/\/api.w.org\/{rel}","templated":true}]}}