{"id":126607,"date":"2022-05-07T19:29:44","date_gmt":"2022-05-07T19:29:44","guid":{"rendered":"https:\/\/lighthouselocarno.ch\/prodotti\/parure-de-lit-double-en-lin-clair-avec-dentelle-sinergia\/"},"modified":"2025-05-23T13:05:21","modified_gmt":"2025-05-23T13:05:21","slug":"parure-de-lit-en-lin-leger-avec-synergie-de-lys","status":"publish","type":"product","link":"https:\/\/lighthouselocarno.ch\/fr\/produit\/parure-de-lit-en-lin-leger-avec-synergie-de-lys\/","title":{"rendered":"Parure de lit double en lin clair avec dentelle Sinergia"},"content":{"rendered":"<p><strong>Profitez d&rsquo;un sommeil in\u00e9gal\u00e9 avec la parure de lit en lin &lsquo;Sinergia&rsquo; avec dentelle - Made in Italy - parure de lit double<\/strong>.<\/p>\n<p>Plongez dans le <strong>luxe italien artisanal<\/strong> avec la parure de draps \u00abSinergia\u00bb, soigneusement fabriqu\u00e9e \u00e0 partir de 100 % de lin fin. Gr\u00e2ce \u00e0 des traitements sp\u00e9ciaux qui renforcent la douceur naturelle du tissu, ce set offre un confort enveloppant au toucher.<\/p>\n<p>La qualit\u00e9 sup\u00e9rieure du lin, associ\u00e9e \u00e0 ses <strong>propri\u00e9t\u00e9s<\/strong> naturelles hypoallerg\u00e9niques et <strong>antibact\u00e9riennes,<\/strong> fait de cette parure le choix id\u00e9al pour votre lit. Les <strong>teintures naturelles et hypoallerg\u00e9niques<\/strong> utilis\u00e9es pr\u00e9servent non seulement l&rsquo;\u00e9clat de la fibre, mais ajoutent \u00e9galement de la vitalit\u00e9 et de la fra\u00eecheur \u00e0 votre environnement de sommeil.<\/p>\n<p>La durabilit\u00e9 et la facilit\u00e9 d&rsquo;entretien ajoutent une valeur durable \u00e0 votre choix, garantissant que votre ensemble \u00abSynergy\u00bb continuera \u00e0 briller au fil du temps.<\/p>\n<p>Cr\u00e9ez une symphonie de style dans votre chambre \u00e0 coucher en combinant l&rsquo;ensemble avec des <strong>taies d&rsquo;oreiller color\u00e9es<\/strong> ou utilisez-le seul pour un look \u00e9l\u00e9gant. <strong>Avec un <a href=\"https:\/\/lighthouselocarno.ch\/fr\/produit\/drap-de-mariage-en-lin-leger-avec-synergie-lacis\/\">drap double<\/a>, une <a href=\"https:\/\/lighthouselocarno.ch\/fr\/produit\/housse-de-couette-240x220cm-avec-lace-synergy\/\">housse de couette<\/a> et des <a href=\"https:\/\/lighthouselocarno.ch\/fr\/produit\/federa-in-wool-with-tie-and-lace-synergy\/\">taies d&rsquo;oreiller<\/a>, vous avez tout ce qu&rsquo;il faut pour cr\u00e9er des combinaisons originales lorsque vous souhaitez embellir votre literie.<\/strong><\/p>\n<p><em>Choisissez &lsquo;Synergy&rsquo; pour transformer votre espace de sommeil en un havre de luxe et de style sans compromis. Faites face \u00e0 chaque nuit avec le confort et l&rsquo;\u00e9l\u00e9gance d&rsquo;un linge de maison italien de haute qualit\u00e9.<\/em><\/p>\n<p><strong>Entretien du produit :<\/strong><\/p>\n<p>Lavable en machine \u00e0 30-40 degr\u00e9s avec un savon doux. Ne pas ajouter d&rsquo;adoucisseur. Ne pas blanchir.<br \/>\nTous les v\u00eatements Arte Pura sont teints \u00e0 la main avec des pigments min\u00e9raux naturels.<br \/>\nIl est possible qu&rsquo;ils perdent un peu de leur couleur lors des premiers lavages, ce qui donne une teinte vintage propre \u00e0 cette marque.<br \/>\nLorsque vous lavez des v\u00eatements aux couleurs anciennes, je vous recommande vivement d&rsquo;ajouter 1 kg de sel de mer dans la machine \u00e0 laver pendant les 3 \u00e0 4 premiers lavages afin de bien fixer les couleurs.<\/p>\n<p>Tissu : 100% lin.<\/p>\n","protected":false},"excerpt":{"rendered":"<p><strong>Parure de lit en lin avec dentelle &lsquo;Synergy&rsquo;<\/strong>.<\/p>\n<p>Dimensions : drap double 270&#215;290 cm, drap-housse double 190&#215;200 cm, taies d&rsquo;oreiller 50&#215;80 cm.<\/p>\n<p>Ensemble de lit fabriqu\u00e9 en Italie \u00e0 partir de 100 % de lin de haute qualit\u00e9 et rendu doux au toucher par des traitements sp\u00e9ciaux qui renforcent l&rsquo;aspect naturel.<\/p>\n<p>Ce <strong>tissu est id\u00e9al pour le lit<\/strong> car il est hypoallerg\u00e9nique et antibact\u00e9rien. De plus, l&rsquo;utilisation de <strong>teintures naturelles et non allerg\u00e8nes<\/strong> conf\u00e8re \u00e0 la fibre naturelle de l&rsquo;\u00e9clat et de la vivacit\u00e9.<\/p>\n<p>La longue dur\u00e9e de vie et la facilit\u00e9 d&rsquo;entretien ajoutent \u00e0 votre choix.<\/p>\n<p>Id\u00e9al pour embellir votre literie : seul ou associ\u00e9 \u00e0 des taies d&rsquo;oreiller color\u00e9es, pour cr\u00e9er des combinaisons originales \u00e0 chaque fois.<\/p>\n<p>Veuillez vous r\u00e9f\u00e9rer \u00e0 la section \u00abEntretien du produit\u00bb pour toutes les instructions de lavage.<\/p>\n","protected":false},"featured_media":111991,"template":"","meta":{"_seopress_robots_primary_cat":"none","_seopress_titles_title":"","_seopress_titles_desc":"","_seopress_robots_index":""},"product_brand":[8562],"product_cat":[3747,6211,5969],"product_tag":[5983,6213,6116,6104,5993,6192,5986],"class_list":{"0":"post-126607","1":"product","2":"type-product","3":"status-publish","4":"has-post-thumbnail","6":"product_brand-arte-pura","7":"product_cat-decoration-interieure","8":"product_cat-ensembles-de-literie","9":"product_cat-le-lit","10":"product_tag-chambre-a-coucher","11":"product_tag-ensemble-de-lits","12":"product_tag-feuilles","13":"product_tag-industriel","14":"product_tag-lit-fr","15":"product_tag-synergy-lace","16":"product_tag-taies-doreiller-fr","17":"pa_colore-lava-old-037-fr","18":"pa_tema-industriel","20":"first","21":"instock","22":"shipping-taxable","23":"purchasable","24":"product-type-variable","25":"has-default-attributes"},"jetpack_sharing_enabled":true,"_links":{"self":[{"href":"https:\/\/lighthouselocarno.ch\/fr\/wp-json\/wp\/v2\/product\/126607","targetHints":{"allow":["GET"]}}],"collection":[{"href":"https:\/\/lighthouselocarno.ch\/fr\/wp-json\/wp\/v2\/product"}],"about":[{"href":"https:\/\/lighthouselocarno.ch\/fr\/wp-json\/wp\/v2\/types\/product"}],"wp:featuredmedia":[{"embeddable":true,"href":"https:\/\/lighthouselocarno.ch\/fr\/wp-json\/wp\/v2\/media\/111991"}],"wp:attachment":[{"href":"https:\/\/lighthouselocarno.ch\/fr\/wp-json\/wp\/v2\/media?parent=126607"}],"wp:term":[{"taxonomy":"product_brand","embeddable":true,"href":"https:\/\/lighthouselocarno.ch\/fr\/wp-json\/wp\/v2\/product_brand?post=126607"},{"taxonomy":"product_cat","embeddable":true,"href":"https:\/\/lighthouselocarno.ch\/fr\/wp-json\/wp\/v2\/product_cat?post=126607"},{"taxonomy":"product_tag","embeddable":true,"href":"https:\/\/lighthouselocarno.ch\/fr\/wp-json\/wp\/v2\/product_tag?post=126607"}],"curies":[{"name":"wp","href":"https:\/\/api.w.org\/{rel}","templated":true}]}}