{"id":126625,"date":"2022-05-07T19:30:47","date_gmt":"2022-05-07T19:30:47","guid":{"rendered":"https:\/\/lighthouselocarno.ch\/prodotti\/serviette-de-bain-eponge\/"},"modified":"2025-05-23T13:05:21","modified_gmt":"2025-05-23T13:05:21","slug":"serviette-en-eponge","status":"publish","type":"product","link":"https:\/\/lighthouselocarno.ch\/fr\/produit\/serviette-en-eponge\/","title":{"rendered":"Serviette de bain \u00e9ponge"},"content":{"rendered":"<p>Entretien du produit :<\/p>\n<p>Lavable en machine \u00e0 30-40 degr\u00e9s avec un savon doux. Ne pas ajouter d&rsquo;adoucisseur. Ne pas blanchir.<br \/>\nTous les v\u00eatements Arte Pura sont teints \u00e0 la main avec des pigments min\u00e9raux naturels.<br \/>\nIl est possible qu&rsquo;ils perdent un peu de leur couleur lors des premiers lavages, ce qui donne une teinte vintage propre \u00e0 cette marque.<br \/>\nLorsque vous lavez des v\u00eatements aux couleurs anciennes, je vous recommande vivement d&rsquo;ajouter 1 kg de sel de mer dans la machine \u00e0 laver pendant les 3 \u00e0 4 premiers lavages afin de bien fixer les couleurs.<\/p>\n<p>Tissu : 100 % coton<\/p>\n","protected":false},"excerpt":{"rendered":"<p>Serviette en tissu \u00e9ponge avec bordure en lin. Dimensions 100&#215;140 cm.<\/p>\n<p>Serviette fabriqu\u00e9e en Italie \u00e0 partir de coton de haute qualit\u00e9 et rendue douce au toucher par des traitements sp\u00e9ciaux qui renforcent l&rsquo;aspect naturel.<\/p>\n<p>Un tissu id\u00e9al pour la salle de bains car il est hypoallerg\u00e9nique, antibact\u00e9rien et surtout hygroscopique. Dans le respect de votre peau.<\/p>\n<p>En outre, l&rsquo;utilisation de colorants naturels et hypoallerg\u00e9niques conf\u00e8re \u00e0 la fibre naturelle brillance et \u00e9clat.<\/p>\n<p>La longue dur\u00e9e de vie et la facilit\u00e9 d&rsquo;entretien ajoutent \u00e0 votre choix.<\/p>\n<p>Id\u00e9al pour agr\u00e9menter l&rsquo;ensemble de la salle de bains : seul ou associ\u00e9 \u00e0 une serviette de toilette et d&rsquo;invit\u00e9s et \u00e0 un peignoir, pour cr\u00e9er des combinaisons originales \u00e0 chaque fois.<\/p>\n<p>Veuillez vous r\u00e9f\u00e9rer \u00e0 la section \u00abEntretien du produit\u00bb pour toutes les instructions de lavage.<\/p>\n","protected":false},"featured_media":112024,"template":"","meta":{"_seopress_robots_primary_cat":"","_seopress_titles_title":"","_seopress_titles_desc":"","_seopress_robots_index":""},"product_brand":[8562],"product_cat":[3747,3883,6039],"product_tag":[5848,5245,4823,6200,4934],"class_list":{"0":"post-126625","1":"product","2":"type-product","3":"status-publish","4":"has-post-thumbnail","6":"product_brand-arte-pura","7":"product_cat-decoration-interieure","8":"product_cat-salle-de-bains","9":"product_cat-serviettes-fr","10":"product_tag-blanc","11":"product_tag-eponge-fr","12":"product_tag-salle-de-bains","13":"product_tag-serviette-de-bain","14":"product_tag-serviettes","15":"pa_colore-blanc-019","16":"pa_tema-blanc","18":"first","19":"instock","20":"shipping-taxable","21":"purchasable","22":"product-type-variable","23":"has-default-attributes"},"jetpack_sharing_enabled":true,"_links":{"self":[{"href":"https:\/\/lighthouselocarno.ch\/fr\/wp-json\/wp\/v2\/product\/126625","targetHints":{"allow":["GET"]}}],"collection":[{"href":"https:\/\/lighthouselocarno.ch\/fr\/wp-json\/wp\/v2\/product"}],"about":[{"href":"https:\/\/lighthouselocarno.ch\/fr\/wp-json\/wp\/v2\/types\/product"}],"wp:featuredmedia":[{"embeddable":true,"href":"https:\/\/lighthouselocarno.ch\/fr\/wp-json\/wp\/v2\/media\/112024"}],"wp:attachment":[{"href":"https:\/\/lighthouselocarno.ch\/fr\/wp-json\/wp\/v2\/media?parent=126625"}],"wp:term":[{"taxonomy":"product_brand","embeddable":true,"href":"https:\/\/lighthouselocarno.ch\/fr\/wp-json\/wp\/v2\/product_brand?post=126625"},{"taxonomy":"product_cat","embeddable":true,"href":"https:\/\/lighthouselocarno.ch\/fr\/wp-json\/wp\/v2\/product_cat?post=126625"},{"taxonomy":"product_tag","embeddable":true,"href":"https:\/\/lighthouselocarno.ch\/fr\/wp-json\/wp\/v2\/product_tag?post=126625"}],"curies":[{"name":"wp","href":"https:\/\/api.w.org\/{rel}","templated":true}]}}