{"id":126676,"date":"2022-05-07T19:31:27","date_gmt":"2022-05-07T19:31:27","guid":{"rendered":"https:\/\/lighthouselocarno.ch\/prodotti\/bande-decorative-en-lin-et-organza-pour-chaises-et-rideaux\/"},"modified":"2025-05-23T13:05:22","modified_gmt":"2025-05-23T13:05:22","slug":"bande-decorative-en-lin-et-organdi-pour-chaises-et-rideaux","status":"publish","type":"product","link":"https:\/\/lighthouselocarno.ch\/fr\/produit\/bande-decorative-en-lin-et-organdi-pour-chaises-et-rideaux\/","title":{"rendered":"Bande d\u00e9corative en lin et organza pour chaises et rideaux"},"content":{"rendered":"<p>Entretien du produit :<\/p>\n<p>Lavable en machine \u00e0 30-40 degr\u00e9s avec un savon doux. Ne pas ajouter d&rsquo;adoucisseur. Ne pas blanchir.<br \/>\nTous les v\u00eatements Arte Pura sont teints \u00e0 la main avec des pigments min\u00e9raux naturels.<br \/>\nIl est possible qu&rsquo;ils perdent un peu de leur couleur lors des premiers lavages, ce qui donne une teinte vintage propre \u00e0 cette marque.<br \/>\nLorsque vous lavez des v\u00eatements aux couleurs anciennes, je vous recommande vivement d&rsquo;ajouter 1 kg de sel de mer dans la machine \u00e0 laver pendant les 3 \u00e0 4 premiers lavages afin de bien fixer les couleurs.<\/p>\n<p>Tissu : 100% lin et organza<\/p>\n","protected":false},"excerpt":{"rendered":"<p>Bande d\u00e9corative pour chaises et rideaux en lin et organza avec broche d\u00e9corative.<\/p>\n<p>Bandeau d\u00e9coratif fabriqu\u00e9 en Italie \u00e0 partir de 100 % de lin de haute qualit\u00e9 et rendu doux au toucher par des traitements sp\u00e9ciaux qui renforcent l&rsquo;aspect naturel.<\/p>\n<p>Ce tissu est id\u00e9al parce qu&rsquo;il est hypoallerg\u00e9nique et antibact\u00e9rien, en plus de l&rsquo;utilisation de teintures naturelles et non allerg\u00e8nes qui donnent \u00e0 la fibre naturelle de l&rsquo;\u00e9clat et de la vivacit\u00e9.<\/p>\n<p>La longue dur\u00e9e de vie et la facilit\u00e9 d&rsquo;entretien ajoutent \u00e0 votre choix.<\/p>\n<p>Veuillez vous r\u00e9f\u00e9rer \u00e0 la section \u00abEntretien du produit\u00bb pour toutes les instructions de lavage.<\/p>\n<p>Pour commander d&rsquo;autres couleurs, veuillez contacter directement le gestionnaire par t\u00e9l\u00e9phone ou par courrier \u00e9lectronique.<\/p>\n","protected":false},"featured_media":112048,"template":"","meta":{"_seopress_robots_primary_cat":"","_seopress_titles_title":"","_seopress_titles_desc":"","_seopress_robots_index":""},"product_brand":[8562],"product_cat":[6122,7198,3747,3757,6071,7194],"product_tag":[6062,6132,6265,6267,5848,6262,6264,6266,4823,5838],"class_list":{"0":"post-126676","1":"product","2":"type-product","3":"status-publish","4":"has-post-thumbnail","6":"product_brand-arte-pura","7":"product_cat-accessoires","8":"product_cat-deco","9":"product_cat-decoration-interieure","10":"product_cat-table-fr","11":"product_cat-tentes","12":"product_cat-tentes-fr","13":"product_tag-accessoires","14":"product_tag-accessoires-decoratifs","15":"product_tag-accessoires-pour-rideaux","16":"product_tag-bande-decorative","17":"product_tag-blanc","18":"product_tag-chaises","19":"product_tag-decoration-de-table","20":"product_tag-embrasse-fr","21":"product_tag-salle-de-bains","22":"product_tag-un-air-de-fete","23":"pa_colore-blanc-019","24":"pa_tema-blanc","26":"first","27":"instock","28":"shipping-taxable","29":"purchasable","30":"product-type-variable"},"jetpack_sharing_enabled":true,"_links":{"self":[{"href":"https:\/\/lighthouselocarno.ch\/fr\/wp-json\/wp\/v2\/product\/126676","targetHints":{"allow":["GET"]}}],"collection":[{"href":"https:\/\/lighthouselocarno.ch\/fr\/wp-json\/wp\/v2\/product"}],"about":[{"href":"https:\/\/lighthouselocarno.ch\/fr\/wp-json\/wp\/v2\/types\/product"}],"wp:featuredmedia":[{"embeddable":true,"href":"https:\/\/lighthouselocarno.ch\/fr\/wp-json\/wp\/v2\/media\/112048"}],"wp:attachment":[{"href":"https:\/\/lighthouselocarno.ch\/fr\/wp-json\/wp\/v2\/media?parent=126676"}],"wp:term":[{"taxonomy":"product_brand","embeddable":true,"href":"https:\/\/lighthouselocarno.ch\/fr\/wp-json\/wp\/v2\/product_brand?post=126676"},{"taxonomy":"product_cat","embeddable":true,"href":"https:\/\/lighthouselocarno.ch\/fr\/wp-json\/wp\/v2\/product_cat?post=126676"},{"taxonomy":"product_tag","embeddable":true,"href":"https:\/\/lighthouselocarno.ch\/fr\/wp-json\/wp\/v2\/product_tag?post=126676"}],"curies":[{"name":"wp","href":"https:\/\/api.w.org\/{rel}","templated":true}]}}