{"id":127074,"date":"2022-05-07T17:35:24","date_gmt":"2022-05-07T17:35:24","guid":{"rendered":"https:\/\/lighthouselocarno.ch\/prodotti\/enveloppe-du-mouchoir-en-eponge\/"},"modified":"2025-05-23T13:41:40","modified_gmt":"2025-05-23T13:41:40","slug":"mouchoir-dans-une-enveloppe-eponge","status":"publish","type":"product","link":"https:\/\/lighthouselocarno.ch\/fr\/produit\/mouchoir-dans-une-enveloppe-eponge\/","title":{"rendered":"Enveloppe du mouchoir en \u00e9ponge"},"content":{"rendered":"","protected":false},"excerpt":{"rendered":"<p>Enveloppe \u00e9ponge Kleenex. Insertion rectangulaire du logo Arte Pura. Dimensions : 35 x 30 cm.<\/p>\n<p>Enveloppe de mouchoir fabriqu\u00e9e en Italie \u00e0 partir de coton de haute qualit\u00e9, en plus de l&rsquo;utilisation de teintures naturelles et hypoallerg\u00e9niques qui donnent \u00e0 la fibre naturelle \u00e9clat et verve.<\/p>\n<p>La longue dur\u00e9e de vie et la facilit\u00e9 d&rsquo;entretien ajoutent \u00e0 votre choix.<\/p>\n<p>D\u00e9corez vos pi\u00e8ces en ajoutant une touche d&rsquo;originalit\u00e9 \u00e0 votre d\u00e9cor.<\/p>\n<p>Vous pouvez utiliser cette enveloppe comme porte-serviettes \u00e9l\u00e9gant sur la table ou ailleurs dans la maison comme porte-Kleenex.<\/p>\n<p>&nbsp;<\/p>\n<p>&nbsp;<\/p>\n<p>&nbsp;<\/p>\n","protected":false},"featured_media":106705,"template":"","meta":{"_seopress_robots_primary_cat":"","_seopress_titles_title":"","_seopress_titles_desc":"","_seopress_robots_index":""},"product_brand":[8562],"product_cat":[6122,3747,5321],"product_tag":[6062,6282,5983,6291,5245,5840,4975,4823],"class_list":{"0":"post-127074","1":"product","2":"type-product","3":"status-publish","4":"has-post-thumbnail","6":"product_brand-arte-pura","7":"product_cat-accessoires","8":"product_cat-decoration-interieure","9":"product_cat-trousses","10":"product_tag-accessoires","11":"product_tag-accessoires-decoratifs-fr","12":"product_tag-chambre-a-coucher","13":"product_tag-enveloppes","14":"product_tag-eponge-fr","15":"product_tag-essentiel","16":"product_tag-porte-mouchoir-fr-2","17":"product_tag-salle-de-bains","18":"pa_colore-craie-ancienne-044","19":"pa_tema-essentiel","21":"first","22":"instock","23":"shipping-taxable","24":"purchasable","25":"product-type-variable"},"jetpack_sharing_enabled":true,"_links":{"self":[{"href":"https:\/\/lighthouselocarno.ch\/fr\/wp-json\/wp\/v2\/product\/127074","targetHints":{"allow":["GET"]}}],"collection":[{"href":"https:\/\/lighthouselocarno.ch\/fr\/wp-json\/wp\/v2\/product"}],"about":[{"href":"https:\/\/lighthouselocarno.ch\/fr\/wp-json\/wp\/v2\/types\/product"}],"wp:featuredmedia":[{"embeddable":true,"href":"https:\/\/lighthouselocarno.ch\/fr\/wp-json\/wp\/v2\/media\/106705"}],"wp:attachment":[{"href":"https:\/\/lighthouselocarno.ch\/fr\/wp-json\/wp\/v2\/media?parent=127074"}],"wp:term":[{"taxonomy":"product_brand","embeddable":true,"href":"https:\/\/lighthouselocarno.ch\/fr\/wp-json\/wp\/v2\/product_brand?post=127074"},{"taxonomy":"product_cat","embeddable":true,"href":"https:\/\/lighthouselocarno.ch\/fr\/wp-json\/wp\/v2\/product_cat?post=127074"},{"taxonomy":"product_tag","embeddable":true,"href":"https:\/\/lighthouselocarno.ch\/fr\/wp-json\/wp\/v2\/product_tag?post=127074"}],"curies":[{"name":"wp","href":"https:\/\/api.w.org\/{rel}","templated":true}]}}