{"id":127101,"date":"2022-05-07T17:37:33","date_gmt":"2022-05-07T17:37:33","guid":{"rendered":"https:\/\/lighthouselocarno.ch\/prodotti\/chemin-de-table-en-lin-40x90cm-avec-dentelle-crochet\/"},"modified":"2025-05-23T13:41:40","modified_gmt":"2025-05-23T13:41:40","slug":"chemin-de-table-40x90cm-en-linen-avec-lace-uncollectible","status":"publish","type":"product","link":"https:\/\/lighthouselocarno.ch\/fr\/produit\/chemin-de-table-40x90cm-en-linen-avec-lace-uncollectible\/","title":{"rendered":"Chemin de table en lin 40x90cm avec dentelle \u00abCrochet"},"content":{"rendered":"","protected":false},"excerpt":{"rendered":"<p>Chemin de table en lin \u00e9pais avec dentelle au crochet cousue sur deux petits c\u00f4t\u00e9s et insertion rectangulaire du logo Arte Pura. Bord avec pli. Taille 40&#215;90 cm <span data-sheets-value=\"{\"1\":2,\"2\":\"Tappeto rettangolare bianco in spugna con bordo in misto lino. Decorazione pizzo \"Farnese\" sui quattro lati. Misure 60X90 cm. \"}\" data-sheets-userformat=\"{\"2\":3015,\"3\":{\"1\":0},\"4\":[null,2,65280],\"5\":{\"1\":[{\"1\":2,\"2\":0,\"5\":[null,2,0]},{\"1\":0,\"2\":0,\"3\":3},{\"1\":1,\"2\":0,\"4\":2}]},\"9\":1,\"10\":1,\"11\":3,\"12\":0,\"14\":[null,2,0]}\">(hors dentelle)<\/span>.<\/p>\n<p>Coureur fabriqu\u00e9 en Italie \u00e0 partir de 100 % de lin de haute qualit\u00e9 et rendu doux au toucher gr\u00e2ce \u00e0 des traitements sp\u00e9ciaux qui renforcent l&rsquo;aspect naturel.<\/p>\n<p>Un tissu id\u00e9al pour la table car il est hypoallerg\u00e9nique et antibact\u00e9rien, en plus de l&rsquo;utilisation de colorants naturels et hypoallerg\u00e9niques qui donnent de l&rsquo;\u00e9clat et de la verve \u00e0 la fibre naturelle.<\/p>\n<p>La longue dur\u00e9e de vie et la facilit\u00e9 d&rsquo;entretien ajoutent \u00e0 votre choix.<\/p>\n<p>Id\u00e9al pour embellir votre mise en place : seul ou associ\u00e9 \u00e0 des nappes et des serviettes, pour cr\u00e9er \u00e0 chaque fois des combinaisons originales.<\/p>\n<p>Veuillez vous r\u00e9f\u00e9rer \u00e0 la section \u00abEntretien du produit\u00bb pour toutes les instructions de lavage.<\/p>\n","protected":false},"featured_media":106768,"template":"","meta":{"_seopress_robots_primary_cat":"","_seopress_titles_title":"","_seopress_titles_desc":"","_seopress_robots_index":""},"product_brand":[8562],"product_cat":[6305,3747,3757],"product_tag":[6306,5848,3968,6244,3960,5845],"class_list":{"0":"post-127101","1":"product","2":"type-product","3":"status-publish","4":"has-post-thumbnail","6":"product_brand-arte-pura","7":"product_cat-chemin-de-table","8":"product_cat-decoration-interieure","9":"product_cat-table-fr","10":"product_tag-40x90-fr","11":"product_tag-blanc","12":"product_tag-coureur","13":"product_tag-dentelle-au-crochet","14":"product_tag-set-de-table","15":"product_tag-tableau-fr","16":"pa_colore-blanc-019","17":"pa_tema-blanc","19":"first","20":"instock","21":"shipping-taxable","22":"purchasable","23":"product-type-variable"},"jetpack_sharing_enabled":true,"_links":{"self":[{"href":"https:\/\/lighthouselocarno.ch\/fr\/wp-json\/wp\/v2\/product\/127101","targetHints":{"allow":["GET"]}}],"collection":[{"href":"https:\/\/lighthouselocarno.ch\/fr\/wp-json\/wp\/v2\/product"}],"about":[{"href":"https:\/\/lighthouselocarno.ch\/fr\/wp-json\/wp\/v2\/types\/product"}],"wp:featuredmedia":[{"embeddable":true,"href":"https:\/\/lighthouselocarno.ch\/fr\/wp-json\/wp\/v2\/media\/106768"}],"wp:attachment":[{"href":"https:\/\/lighthouselocarno.ch\/fr\/wp-json\/wp\/v2\/media?parent=127101"}],"wp:term":[{"taxonomy":"product_brand","embeddable":true,"href":"https:\/\/lighthouselocarno.ch\/fr\/wp-json\/wp\/v2\/product_brand?post=127101"},{"taxonomy":"product_cat","embeddable":true,"href":"https:\/\/lighthouselocarno.ch\/fr\/wp-json\/wp\/v2\/product_cat?post=127101"},{"taxonomy":"product_tag","embeddable":true,"href":"https:\/\/lighthouselocarno.ch\/fr\/wp-json\/wp\/v2\/product_tag?post=127101"}],"curies":[{"name":"wp","href":"https:\/\/api.w.org\/{rel}","templated":true}]}}