{"id":127127,"date":"2022-05-07T17:37:33","date_gmt":"2022-05-07T17:37:33","guid":{"rendered":"https:\/\/lighthouselocarno.ch\/prodotti\/chemin-de-table-decoratif-en-lin-60x220cm-avec-broderie-gothique\/"},"modified":"2025-05-23T13:41:40","modified_gmt":"2025-05-23T13:41:40","slug":"chemin-de-couloir-decor-60x220cm-en-lin-avec-broderie-gothique","status":"publish","type":"product","link":"https:\/\/lighthouselocarno.ch\/fr\/produit\/chemin-de-couloir-decor-60x220cm-en-lin-avec-broderie-gothique\/","title":{"rendered":"Chemin de table d\u00e9coratif en lin 60x220cm avec broderie gothique"},"content":{"rendered":"","protected":false},"excerpt":{"rendered":"<p>Chemin de table en lin l\u00e9ger avec broderie gothique centrale sur toute la longueur. Bord avec pli. Dimensions 60&#215;220 cm.<\/p>\n<p>Coureur fabriqu\u00e9 en Italie \u00e0 partir de 100 % de lin de haute qualit\u00e9 et rendu doux au toucher gr\u00e2ce \u00e0 des traitements sp\u00e9ciaux qui renforcent l&rsquo;aspect naturel.<\/p>\n<p>Un tissu id\u00e9al pour la table car il est hypoallerg\u00e9nique et antibact\u00e9rien, en plus de l&rsquo;utilisation de colorants naturels et hypoallerg\u00e9niques qui donnent de l&rsquo;\u00e9clat et de la verve \u00e0 la fibre naturelle.<\/p>\n<p>La longue dur\u00e9e de vie et la facilit\u00e9 d&rsquo;entretien ajoutent \u00e0 votre choix.<\/p>\n<p>Id\u00e9al pour embellir votre mise en place : seul ou associ\u00e9 \u00e0 des nappes et des serviettes, pour cr\u00e9er \u00e0 chaque fois des combinaisons originales.<\/p>\n<p>Veuillez vous r\u00e9f\u00e9rer \u00e0 la section \u00abEntretien du produit\u00bb pour toutes les instructions de lavage.<\/p>\n","protected":false},"featured_media":106804,"template":"","meta":{"_seopress_robots_primary_cat":"","_seopress_titles_title":"","_seopress_titles_desc":"","_seopress_robots_index":""},"product_brand":[8562],"product_cat":[6305,3747,3757],"product_tag":[6317,5848,6069,3968,3972,3960,5845],"class_list":{"0":"post-127127","1":"product","2":"type-product","3":"status-publish","4":"has-post-thumbnail","6":"product_brand-arte-pura","7":"product_cat-chemin-de-table","8":"product_cat-decoration-interieure","9":"product_cat-table-fr","10":"product_tag-60x220-fr","11":"product_tag-blanc","12":"product_tag-broderie","13":"product_tag-coureur","14":"product_tag-lino-fr","15":"product_tag-set-de-table","16":"product_tag-tableau-fr","17":"pa_colore-blanc-019","18":"pa_tema-blanc","20":"first","21":"instock","22":"shipping-taxable","23":"purchasable","24":"product-type-variable"},"jetpack_sharing_enabled":true,"_links":{"self":[{"href":"https:\/\/lighthouselocarno.ch\/fr\/wp-json\/wp\/v2\/product\/127127","targetHints":{"allow":["GET"]}}],"collection":[{"href":"https:\/\/lighthouselocarno.ch\/fr\/wp-json\/wp\/v2\/product"}],"about":[{"href":"https:\/\/lighthouselocarno.ch\/fr\/wp-json\/wp\/v2\/types\/product"}],"wp:featuredmedia":[{"embeddable":true,"href":"https:\/\/lighthouselocarno.ch\/fr\/wp-json\/wp\/v2\/media\/106804"}],"wp:attachment":[{"href":"https:\/\/lighthouselocarno.ch\/fr\/wp-json\/wp\/v2\/media?parent=127127"}],"wp:term":[{"taxonomy":"product_brand","embeddable":true,"href":"https:\/\/lighthouselocarno.ch\/fr\/wp-json\/wp\/v2\/product_brand?post=127127"},{"taxonomy":"product_cat","embeddable":true,"href":"https:\/\/lighthouselocarno.ch\/fr\/wp-json\/wp\/v2\/product_cat?post=127127"},{"taxonomy":"product_tag","embeddable":true,"href":"https:\/\/lighthouselocarno.ch\/fr\/wp-json\/wp\/v2\/product_tag?post=127127"}],"curies":[{"name":"wp","href":"https:\/\/api.w.org\/{rel}","templated":true}]}}