{"id":127130,"date":"2022-05-07T17:37:34","date_gmt":"2022-05-07T17:37:34","guid":{"rendered":"https:\/\/lighthouselocarno.ch\/prodotti\/tissu-en-lin-epais\/"},"modified":"2025-05-23T13:42:30","modified_gmt":"2025-05-23T13:42:30","slug":"tissu-lourd-en-lin","status":"publish","type":"product","link":"https:\/\/lighthouselocarno.ch\/fr\/produit\/tissu-lourd-en-lin\/","title":{"rendered":"Tissu en lin \u00e9pais"},"content":{"rendered":"","protected":false},"excerpt":{"rendered":"<p>Torchon en lin \u00e9pais. Insertion rectangulaire du logo Arte Pura sur le bord. Dimensions 50&#215;65 cm.<\/p>\n<p>Un torchon fabriqu\u00e9 en Italie \u00e0 partir de 100 % de lin de haute qualit\u00e9 et rendu doux au toucher par des traitements sp\u00e9ciaux qui renforcent l&rsquo;aspect naturel.<\/p>\n<p>Ce tissu est id\u00e9al parce qu&rsquo;il est hypoallerg\u00e9nique et antibact\u00e9rien, en plus de l&rsquo;utilisation de teintures naturelles et non allerg\u00e8nes qui donnent \u00e0 la fibre naturelle de l&rsquo;\u00e9clat et de la vivacit\u00e9.<\/p>\n<p>La longue dur\u00e9e de vie et la facilit\u00e9 d&rsquo;entretien ajoutent \u00e0 votre choix.<\/p>\n<p>Veuillez vous r\u00e9f\u00e9rer \u00e0 la section \u00abEntretien du produit\u00bb pour toutes les instructions de lavage.<\/p>\n","protected":false},"featured_media":107005,"template":"","meta":{"_seopress_robots_primary_cat":"","_seopress_titles_title":"","_seopress_titles_desc":"","_seopress_robots_index":""},"product_brand":[8562],"product_cat":[6122,3958,3747,3757,6298],"product_tag":[6070,6104,5845,6321],"class_list":{"0":"post-127130","1":"product","2":"type-product","3":"status-publish","4":"has-post-thumbnail","6":"product_brand-arte-pura","7":"product_cat-accessoires","8":"product_cat-cuisine","9":"product_cat-decoration-interieure","10":"product_cat-table-fr","11":"product_cat-torchons-et-tabliers","12":"product_tag-accessoires-de-table-fr","13":"product_tag-industriel","14":"product_tag-tableau-fr","15":"product_tag-torchons","16":"pa_colore-blanc-019","17":"pa_colore-lava-old-037-fr","18":"pa_tema-industriel","20":"first","21":"instock","22":"shipping-taxable","23":"purchasable","24":"product-type-variable"},"jetpack_sharing_enabled":true,"_links":{"self":[{"href":"https:\/\/lighthouselocarno.ch\/fr\/wp-json\/wp\/v2\/product\/127130","targetHints":{"allow":["GET"]}}],"collection":[{"href":"https:\/\/lighthouselocarno.ch\/fr\/wp-json\/wp\/v2\/product"}],"about":[{"href":"https:\/\/lighthouselocarno.ch\/fr\/wp-json\/wp\/v2\/types\/product"}],"wp:featuredmedia":[{"embeddable":true,"href":"https:\/\/lighthouselocarno.ch\/fr\/wp-json\/wp\/v2\/media\/107005"}],"wp:attachment":[{"href":"https:\/\/lighthouselocarno.ch\/fr\/wp-json\/wp\/v2\/media?parent=127130"}],"wp:term":[{"taxonomy":"product_brand","embeddable":true,"href":"https:\/\/lighthouselocarno.ch\/fr\/wp-json\/wp\/v2\/product_brand?post=127130"},{"taxonomy":"product_cat","embeddable":true,"href":"https:\/\/lighthouselocarno.ch\/fr\/wp-json\/wp\/v2\/product_cat?post=127130"},{"taxonomy":"product_tag","embeddable":true,"href":"https:\/\/lighthouselocarno.ch\/fr\/wp-json\/wp\/v2\/product_tag?post=127130"}],"curies":[{"name":"wp","href":"https:\/\/api.w.org\/{rel}","templated":true}]}}