{"id":127156,"date":"2022-05-07T17:35:24","date_gmt":"2022-05-07T17:35:24","guid":{"rendered":"https:\/\/lighthouselocarno.ch\/prodotti\/pochette-en-coton\/"},"modified":"2025-05-23T13:41:40","modified_gmt":"2025-05-23T13:41:40","slug":"pochette-en-coton","status":"publish","type":"product","link":"https:\/\/lighthouselocarno.ch\/fr\/produit\/pochette-en-coton\/","title":{"rendered":"Pochette en coton"},"content":{"rendered":"","protected":false},"excerpt":{"rendered":"<p>Pochette en coton avec tissu en nid d&rsquo;abeille. Fermeture par bouton Agoya en nacre.<\/p>\n<p>Dimensions 20x35x4 cm.<\/p>\n<p>Pochette de fabrication italienne en coton de haute qualit\u00e9, rendue douce au toucher par des traitements sp\u00e9ciaux qui en renforcent l&rsquo;aspect naturel.<\/p>\n<p>Ce tissu est id\u00e9al parce qu&rsquo;il est hypoallerg\u00e9nique et antibact\u00e9rien, en plus de l&rsquo;utilisation de teintures naturelles et non allerg\u00e8nes qui donnent \u00e0 la fibre naturelle de l&rsquo;\u00e9clat et de la vivacit\u00e9.<\/p>\n<p>La longue dur\u00e9e de vie et la facilit\u00e9 d&rsquo;entretien ajoutent \u00e0 votre choix.<\/p>\n<p>Veuillez vous r\u00e9f\u00e9rer \u00e0 la section \u00abEntretien du produit\u00bb pour toutes les instructions de lavage.<\/p>\n<p>Vous pouvez utiliser cette pochette comme trousse de maquillage ou pour tout ce que vous souhaitez emporter avec vous \u00e0 tout moment.<\/p>\n","protected":false},"featured_media":106726,"template":"","meta":{"_seopress_robots_primary_cat":"","_seopress_titles_title":"","_seopress_titles_desc":"","_seopress_robots_index":""},"product_brand":[8562],"product_cat":[6122,3747,5321],"product_tag":[6062,6132,6138,5983,5840,6139,4823,6078,4414,6124],"class_list":{"0":"post-127156","1":"product","2":"type-product","3":"status-publish","4":"has-post-thumbnail","6":"product_brand-arte-pura","7":"product_cat-accessoires","8":"product_cat-decoration-interieure","9":"product_cat-trousses","10":"product_tag-accessoires","11":"product_tag-accessoires-decoratifs","12":"product_tag-cas","13":"product_tag-chambre-a-coucher","14":"product_tag-essentiel","15":"product_tag-porte-maquillage","16":"product_tag-salle-de-bains","17":"product_tag-salon","18":"product_tag-titulaire","19":"product_tag-trousse-fr","20":"pa_colore-craie-ancienne-044","21":"pa_tema-essentiel","23":"first","24":"instock","25":"shipping-taxable","26":"purchasable","27":"product-type-variable"},"jetpack_sharing_enabled":true,"_links":{"self":[{"href":"https:\/\/lighthouselocarno.ch\/fr\/wp-json\/wp\/v2\/product\/127156","targetHints":{"allow":["GET"]}}],"collection":[{"href":"https:\/\/lighthouselocarno.ch\/fr\/wp-json\/wp\/v2\/product"}],"about":[{"href":"https:\/\/lighthouselocarno.ch\/fr\/wp-json\/wp\/v2\/types\/product"}],"wp:featuredmedia":[{"embeddable":true,"href":"https:\/\/lighthouselocarno.ch\/fr\/wp-json\/wp\/v2\/media\/106726"}],"wp:attachment":[{"href":"https:\/\/lighthouselocarno.ch\/fr\/wp-json\/wp\/v2\/media?parent=127156"}],"wp:term":[{"taxonomy":"product_brand","embeddable":true,"href":"https:\/\/lighthouselocarno.ch\/fr\/wp-json\/wp\/v2\/product_brand?post=127156"},{"taxonomy":"product_cat","embeddable":true,"href":"https:\/\/lighthouselocarno.ch\/fr\/wp-json\/wp\/v2\/product_cat?post=127156"},{"taxonomy":"product_tag","embeddable":true,"href":"https:\/\/lighthouselocarno.ch\/fr\/wp-json\/wp\/v2\/product_tag?post=127156"}],"curies":[{"name":"wp","href":"https:\/\/api.w.org\/{rel}","templated":true}]}}