{"id":127159,"date":"2022-05-07T17:37:33","date_gmt":"2022-05-07T17:37:33","guid":{"rendered":"https:\/\/lighthouselocarno.ch\/prodotti\/nappe-en-lin-130x220cm-avec-dentelle-crochet\/"},"modified":"2025-05-23T13:41:40","modified_gmt":"2025-05-23T13:41:40","slug":"nappe-130x220cm-en-linen-avec-lacee-piquee","status":"publish","type":"product","link":"https:\/\/lighthouselocarno.ch\/fr\/produit\/nappe-130x220cm-en-linen-avec-lacee-piquee\/","title":{"rendered":"Nappe en lin 130x220cm avec dentelle \u00abCrochet"},"content":{"rendered":"","protected":false},"excerpt":{"rendered":"<p>Nappe rectangulaire en lin \u00e9pais avec dentelle au crochet cousue sur tous les c\u00f4t\u00e9s et insertion rectangulaire du logo Arte Pura. Bord avec pli. Dimensions 130&#215;220 cm (sans la dentelle).<\/p>\n<p>Nappe fabriqu\u00e9e en Italie, compos\u00e9e \u00e0 100 % de lin de haute qualit\u00e9 et rendue douce au toucher par des traitements sp\u00e9ciaux qui renforcent l&rsquo;aspect naturel.<\/p>\n<p>Un tissu id\u00e9al pour la table car il est hypoallerg\u00e9nique et antibact\u00e9rien, en plus de l&rsquo;utilisation de colorants naturels et hypoallerg\u00e9niques qui donnent de l&rsquo;\u00e9clat et de la verve \u00e0 la fibre naturelle.<\/p>\n<p>La longue dur\u00e9e de vie et la facilit\u00e9 d&rsquo;entretien ajoutent \u00e0 votre choix.<\/p>\n<p>Id\u00e9al pour embellir votre mise en place : seul ou associ\u00e9 \u00e0 des chemins de table et des serviettes, pour cr\u00e9er des combinaisons originales \u00e0 chaque fois.<\/p>\n<p>Veuillez vous r\u00e9f\u00e9rer \u00e0 la section \u00abEntretien du produit\u00bb pour toutes les instructions de lavage.<\/p>\n","protected":false},"featured_media":106855,"template":"","meta":{"_seopress_robots_primary_cat":"","_seopress_titles_title":"","_seopress_titles_desc":"","_seopress_robots_index":""},"product_brand":[8562],"product_cat":[3747,3757,5978],"product_tag":[6331,5848,6244,3972,6001,5845,5838],"class_list":{"0":"post-127159","1":"product","2":"type-product","3":"status-publish","4":"has-post-thumbnail","6":"product_brand-arte-pura","7":"product_cat-decoration-interieure","8":"product_cat-table-fr","9":"product_cat-nappes","10":"product_tag-130x220-fr","11":"product_tag-blanc","12":"product_tag-dentelle-au-crochet","13":"product_tag-lino-fr","14":"product_tag-nappes","15":"product_tag-tableau-fr","16":"product_tag-un-air-de-fete","17":"pa_colore-blanc-019","18":"pa_tema-blanc","20":"first","21":"instock","22":"shipping-taxable","23":"purchasable","24":"product-type-variable"},"jetpack_sharing_enabled":true,"_links":{"self":[{"href":"https:\/\/lighthouselocarno.ch\/fr\/wp-json\/wp\/v2\/product\/127159","targetHints":{"allow":["GET"]}}],"collection":[{"href":"https:\/\/lighthouselocarno.ch\/fr\/wp-json\/wp\/v2\/product"}],"about":[{"href":"https:\/\/lighthouselocarno.ch\/fr\/wp-json\/wp\/v2\/types\/product"}],"wp:featuredmedia":[{"embeddable":true,"href":"https:\/\/lighthouselocarno.ch\/fr\/wp-json\/wp\/v2\/media\/106855"}],"wp:attachment":[{"href":"https:\/\/lighthouselocarno.ch\/fr\/wp-json\/wp\/v2\/media?parent=127159"}],"wp:term":[{"taxonomy":"product_brand","embeddable":true,"href":"https:\/\/lighthouselocarno.ch\/fr\/wp-json\/wp\/v2\/product_brand?post=127159"},{"taxonomy":"product_cat","embeddable":true,"href":"https:\/\/lighthouselocarno.ch\/fr\/wp-json\/wp\/v2\/product_cat?post=127159"},{"taxonomy":"product_tag","embeddable":true,"href":"https:\/\/lighthouselocarno.ch\/fr\/wp-json\/wp\/v2\/product_tag?post=127159"}],"curies":[{"name":"wp","href":"https:\/\/api.w.org\/{rel}","templated":true}]}}