{"id":127237,"date":"2022-05-07T17:37:34","date_gmt":"2022-05-07T17:37:34","guid":{"rendered":"https:\/\/lighthouselocarno.ch\/prodotti\/nappe-en-lin-130x180cm-avec-douze-boutons-en-agoya\/"},"modified":"2025-05-23T13:39:03","modified_gmt":"2025-05-23T13:39:03","slug":"nappe-130x180cm-en-linen-composable-avec-douze-boutons-agoya","status":"publish","type":"product","link":"https:\/\/lighthouselocarno.ch\/fr\/produit\/nappe-130x180cm-en-linen-composable-avec-douze-boutons-agoya\/","title":{"rendered":"Nappe en lin 130x180cm avec douze boutons en agoya"},"content":{"rendered":"","protected":false},"excerpt":{"rendered":"<p>Nappe rectangulaire en lin avec boutons en Agoya. Dimensions 130&#215;180 cm.<\/p>\n<p>Nappe fabriqu\u00e9e en Italie, compos\u00e9e \u00e0 100 % de lin de haute qualit\u00e9 et rendue douce au toucher par des traitements sp\u00e9ciaux qui renforcent l&rsquo;aspect naturel.<\/p>\n<p>Un tissu id\u00e9al pour la table car il est hypoallerg\u00e9nique et antibact\u00e9rien, en plus de l&rsquo;utilisation de colorants naturels et hypoallerg\u00e9niques qui donnent de l&rsquo;\u00e9clat et de la verve \u00e0 la fibre naturelle.<\/p>\n<p>La longue dur\u00e9e de vie et la facilit\u00e9 d&rsquo;entretien ajoutent \u00e0 votre choix.<\/p>\n<p>Id\u00e9al pour embellir votre mise en place : seul ou associ\u00e9 \u00e0 des chemins de table et des serviettes, pour cr\u00e9er des combinaisons originales \u00e0 chaque fois.<\/p>\n<p>Veuillez vous r\u00e9f\u00e9rer \u00e0 la section \u00abEntretien du produit\u00bb pour toutes les instructions de lavage.<\/p>\n","protected":false},"featured_media":106987,"template":"","meta":{"_seopress_robots_primary_cat":"","_seopress_titles_title":"","_seopress_titles_desc":"","_seopress_robots_index":""},"product_brand":[8562],"product_cat":[3747,3757,5978],"product_tag":[6343,5987,5840,3972,5843,5991,6001,5997,5845,5846,5847],"class_list":{"0":"post-127237","1":"product","2":"type-product","3":"status-publish","4":"has-post-thumbnail","6":"product_brand-arte-pura","7":"product_cat-decoration-interieure","8":"product_cat-table-fr","9":"product_cat-nappes","10":"product_tag-130x180-fr","11":"product_tag-boutons-dagoya","12":"product_tag-essentiel","13":"product_tag-lino-fr","14":"product_tag-melanger-et-assortir","15":"product_tag-modulaire","16":"product_tag-nappes","17":"product_tag-rectangulaire","18":"product_tag-tableau-fr","19":"product_tag-un-choix-naturel","20":"product_tag-vagues","21":"pa_colore-ange-vieux-401","22":"pa_colore-baltique-ancien-428","23":"pa_colore-beurre-ancien-047","24":"pa_colore-blanc-019","25":"pa_colore-bonbon-vieux-429","26":"pa_colore-convivio-438-fr","27":"pa_colore-craie-ancienne-044","28":"pa_colore-douceur-de-lancienne-434","29":"pa_colore-essenza-old-409-fr","30":"pa_colore-evenement-ancien-436","31":"pa_colore-fee-vieille-405","32":"pa_colore-granit-ancien-427","33":"pa_colore-lac-old-440","34":"pa_colore-lava-old-037-fr","35":"pa_colore-luxe-vieux-432","36":"pa_colore-malte-ancienne-414","37":"pa_colore-mineral-old-410-fr","38":"pa_colore-noir-021","39":"pa_colore-pierre-vieille-425","40":"pa_colore-pivoine-vieille-417","41":"pa_colore-poudre-ancienne-043","42":"pa_colore-retro-900-fr","43":"pa_colore-roma-old-435-fr","44":"pa_colore-souffle-vieux-415","45":"pa_colore-vieille-argile-048","46":"pa_colore-vita-old-433-fr","47":"pa_tema-essentiel","48":"pa_tema-melanger-et-assortir","49":"pa_tema-vagues","51":"first","52":"instock","53":"shipping-taxable","54":"purchasable","55":"product-type-variable"},"jetpack_sharing_enabled":true,"_links":{"self":[{"href":"https:\/\/lighthouselocarno.ch\/fr\/wp-json\/wp\/v2\/product\/127237","targetHints":{"allow":["GET"]}}],"collection":[{"href":"https:\/\/lighthouselocarno.ch\/fr\/wp-json\/wp\/v2\/product"}],"about":[{"href":"https:\/\/lighthouselocarno.ch\/fr\/wp-json\/wp\/v2\/types\/product"}],"wp:featuredmedia":[{"embeddable":true,"href":"https:\/\/lighthouselocarno.ch\/fr\/wp-json\/wp\/v2\/media\/106987"}],"wp:attachment":[{"href":"https:\/\/lighthouselocarno.ch\/fr\/wp-json\/wp\/v2\/media?parent=127237"}],"wp:term":[{"taxonomy":"product_brand","embeddable":true,"href":"https:\/\/lighthouselocarno.ch\/fr\/wp-json\/wp\/v2\/product_brand?post=127237"},{"taxonomy":"product_cat","embeddable":true,"href":"https:\/\/lighthouselocarno.ch\/fr\/wp-json\/wp\/v2\/product_cat?post=127237"},{"taxonomy":"product_tag","embeddable":true,"href":"https:\/\/lighthouselocarno.ch\/fr\/wp-json\/wp\/v2\/product_tag?post=127237"}],"curies":[{"name":"wp","href":"https:\/\/api.w.org\/{rel}","templated":true}]}}