{"id":127321,"date":"2022-05-07T17:37:36","date_gmt":"2022-05-07T17:37:36","guid":{"rendered":"https:\/\/lighthouselocarno.ch\/prodotti\/taie-doreiller-de-decoration-40x40-en-lin-epais-avec-dentelle-farnese\/"},"modified":"2025-05-23T13:39:03","modified_gmt":"2025-05-23T13:39:03","slug":"taie-doreiller-decor-40x40-en-lin-au-ble-avec-lacee-farnese","status":"publish","type":"product","link":"https:\/\/lighthouselocarno.ch\/fr\/produit\/taie-doreiller-decor-40x40-en-lin-au-ble-avec-lacee-farnese\/","title":{"rendered":"Taie d&rsquo;oreiller de d\u00e9coration 40&#215;40 en lin \u00e9pais avec dentelle Farnese"},"content":{"rendered":"","protected":false},"excerpt":{"rendered":"<p>Taie d&rsquo;oreiller d\u00e9corative en lin \u00e9pais avec dentelle Farnese, fermeture \u00e0 rabat et boutons Agoya en nacre. Insertion du logo Arte Pura rectangulaire sur le rabat. Taille 40&#215;40 cm.<\/p>\n<p>Taie d&rsquo;oreiller fabriqu\u00e9e en Italie, compos\u00e9e \u00e0 100 % de lin de haute qualit\u00e9 et rendue douce au toucher par des traitements sp\u00e9ciaux qui renforcent l&rsquo;aspect naturel.<\/p>\n<p>Ce tissu est id\u00e9al pour le lit car il est hypoallerg\u00e9nique et antibact\u00e9rien. De plus, l&rsquo;utilisation de teintures naturelles et non allerg\u00e8nes conf\u00e8re \u00e0 la fibre naturelle de l&rsquo;\u00e9clat et de la vivacit\u00e9.<\/p>\n<p>La longue dur\u00e9e de vie et la facilit\u00e9 d&rsquo;entretien ajoutent \u00e0 votre choix.<\/p>\n<p>Id\u00e9al pour embellir votre literie : seul ou associ\u00e9 \u00e0 un couvre-lit et un drap, pour cr\u00e9er \u00e0 chaque fois des combinaisons originales.<\/p>\n<p>Veuillez vous r\u00e9f\u00e9rer \u00e0 la section \u00abEntretien du produit\u00bb pour toutes les instructions de lavage.<\/p>\n","protected":false},"featured_media":107302,"template":"","meta":{"_seopress_robots_primary_cat":"","_seopress_titles_title":"","_seopress_titles_desc":"","_seopress_robots_index":""},"product_brand":[8562],"product_cat":[7129,3747,4040,5970,5969],"product_tag":[5848,5983,5972,5993,5842,6220,5986],"class_list":{"0":"post-127321","1":"product","2":"type-product","3":"status-publish","4":"has-post-thumbnail","6":"product_brand-arte-pura","7":"product_cat-coussins-deco","8":"product_cat-decoration-interieure","9":"product_cat-decorations-fr","10":"product_cat-housses-de-coussin","11":"product_cat-le-lit","12":"product_tag-blanc","13":"product_tag-chambre-a-coucher","14":"product_tag-linge-de-lit","15":"product_tag-lit-fr","16":"product_tag-lofts-a-new-york","17":"product_tag-pizzo-farnese-fr","18":"product_tag-taies-doreiller-fr","19":"pa_colore-blanc-019","20":"pa_tema-blanc","22":"first","23":"instock","24":"shipping-taxable","25":"purchasable","26":"product-type-variable"},"jetpack_sharing_enabled":true,"_links":{"self":[{"href":"https:\/\/lighthouselocarno.ch\/fr\/wp-json\/wp\/v2\/product\/127321","targetHints":{"allow":["GET"]}}],"collection":[{"href":"https:\/\/lighthouselocarno.ch\/fr\/wp-json\/wp\/v2\/product"}],"about":[{"href":"https:\/\/lighthouselocarno.ch\/fr\/wp-json\/wp\/v2\/types\/product"}],"wp:featuredmedia":[{"embeddable":true,"href":"https:\/\/lighthouselocarno.ch\/fr\/wp-json\/wp\/v2\/media\/107302"}],"wp:attachment":[{"href":"https:\/\/lighthouselocarno.ch\/fr\/wp-json\/wp\/v2\/media?parent=127321"}],"wp:term":[{"taxonomy":"product_brand","embeddable":true,"href":"https:\/\/lighthouselocarno.ch\/fr\/wp-json\/wp\/v2\/product_brand?post=127321"},{"taxonomy":"product_cat","embeddable":true,"href":"https:\/\/lighthouselocarno.ch\/fr\/wp-json\/wp\/v2\/product_cat?post=127321"},{"taxonomy":"product_tag","embeddable":true,"href":"https:\/\/lighthouselocarno.ch\/fr\/wp-json\/wp\/v2\/product_tag?post=127321"}],"curies":[{"name":"wp","href":"https:\/\/api.w.org\/{rel}","templated":true}]}}