{"id":127334,"date":"2022-05-07T17:38:21","date_gmt":"2022-05-07T17:38:21","guid":{"rendered":"https:\/\/lighthouselocarno.ch\/prodotti\/ensemble-de-lit-double-en-lin-epais-avec-boutons-en-agoya\/"},"modified":"2025-05-23T13:39:03","modified_gmt":"2025-05-23T13:39:03","slug":"mariage-complet-en-lin-de-ble-avec-agoya-boutonne","status":"publish","type":"product","link":"https:\/\/lighthouselocarno.ch\/fr\/produit\/mariage-complet-en-lin-de-ble-avec-agoya-boutonne\/","title":{"rendered":"Ensemble de lit double en lin \u00e9pais avec boutons en agoya"},"content":{"rendered":"","protected":false},"excerpt":{"rendered":"<p>Ensemble double en lin lourd boutonn\u00e9 Agoya, blanc naturel. Taille : sac de transport 240 x 220 cm, taies d&rsquo;oreiller 50 x 80 cm.<\/p>\n<p>Ensemble de lit fabriqu\u00e9 en Italie \u00e0 partir de 100 % de lin de haute qualit\u00e9 et rendu doux au toucher par des traitements sp\u00e9ciaux qui renforcent l&rsquo;aspect naturel.<\/p>\n<p>Ce tissu est id\u00e9al pour le lit car il est hypoallerg\u00e9nique et antibact\u00e9rien. De plus, l&rsquo;utilisation de teintures naturelles et non allerg\u00e8nes conf\u00e8re \u00e0 la fibre naturelle de l&rsquo;\u00e9clat et de la vivacit\u00e9.<\/p>\n<p>La longue dur\u00e9e de vie et la facilit\u00e9 d&rsquo;entretien ajoutent \u00e0 votre choix.<\/p>\n<p>Id\u00e9al pour embellir votre literie : seul ou associ\u00e9 \u00e0 des taies d&rsquo;oreiller color\u00e9es, pour cr\u00e9er des combinaisons originales \u00e0 chaque fois.<\/p>\n<p>Veuillez vous r\u00e9f\u00e9rer \u00e0 la section \u00abEntretien du produit\u00bb pour toutes les instructions de lavage.<\/p>\n","protected":false},"featured_media":106639,"template":"","meta":{"_seopress_robots_primary_cat":"","_seopress_titles_title":"","_seopress_titles_desc":"","_seopress_robots_index":""},"product_brand":[8562],"product_cat":[3747,6211,5969],"product_tag":[5983,6213,5840,6116,5993,5986],"class_list":{"0":"post-127334","1":"product","2":"type-product","3":"status-publish","4":"has-post-thumbnail","6":"product_brand-arte-pura","7":"product_cat-decoration-interieure","8":"product_cat-ensembles-de-literie","9":"product_cat-le-lit","10":"product_tag-chambre-a-coucher","11":"product_tag-ensemble-de-lits","12":"product_tag-essentiel","13":"product_tag-feuilles","14":"product_tag-lit-fr","15":"product_tag-taies-doreiller-fr","16":"pa_tema-essentiel","18":"first","19":"instock","20":"shipping-taxable","21":"purchasable","22":"product-type-simple"},"jetpack_sharing_enabled":true,"_links":{"self":[{"href":"https:\/\/lighthouselocarno.ch\/fr\/wp-json\/wp\/v2\/product\/127334","targetHints":{"allow":["GET"]}}],"collection":[{"href":"https:\/\/lighthouselocarno.ch\/fr\/wp-json\/wp\/v2\/product"}],"about":[{"href":"https:\/\/lighthouselocarno.ch\/fr\/wp-json\/wp\/v2\/types\/product"}],"wp:featuredmedia":[{"embeddable":true,"href":"https:\/\/lighthouselocarno.ch\/fr\/wp-json\/wp\/v2\/media\/106639"}],"wp:attachment":[{"href":"https:\/\/lighthouselocarno.ch\/fr\/wp-json\/wp\/v2\/media?parent=127334"}],"wp:term":[{"taxonomy":"product_brand","embeddable":true,"href":"https:\/\/lighthouselocarno.ch\/fr\/wp-json\/wp\/v2\/product_brand?post=127334"},{"taxonomy":"product_cat","embeddable":true,"href":"https:\/\/lighthouselocarno.ch\/fr\/wp-json\/wp\/v2\/product_cat?post=127334"},{"taxonomy":"product_tag","embeddable":true,"href":"https:\/\/lighthouselocarno.ch\/fr\/wp-json\/wp\/v2\/product_tag?post=127334"}],"curies":[{"name":"wp","href":"https:\/\/api.w.org\/{rel}","templated":true}]}}