{"id":127355,"date":"2022-05-07T17:37:35","date_gmt":"2022-05-07T17:37:35","guid":{"rendered":"https:\/\/lighthouselocarno.ch\/prodotti\/chemin-de-table-en-lin-45x160cm-avec-dentelle-crochet\/"},"modified":"2025-05-23T13:39:03","modified_gmt":"2025-05-23T13:39:03","slug":"chemin-de-table-45x160cm-en-linen-avec-lacee-non-cousu","status":"publish","type":"product","link":"https:\/\/lighthouselocarno.ch\/fr\/produit\/chemin-de-table-45x160cm-en-linen-avec-lacee-non-cousu\/","title":{"rendered":"Chemin de table en lin 45x160cm avec dentelle \u00abCrochet"},"content":{"rendered":"","protected":false},"excerpt":{"rendered":"<p>Chemin de table 45&#215;160 en dentelle &lsquo;Crochet&rsquo; et bordure en lin et coton.<\/p>\n<p>Coureur fabriqu\u00e9 en Italie \u00e0 partir de tissus de haute qualit\u00e9 et rendu doux au toucher par des traitements sp\u00e9ciaux qui renforcent l&rsquo;aspect naturel.<\/p>\n<p>Un tissu id\u00e9al pour la table car il est hypoallerg\u00e9nique et antibact\u00e9rien, en plus de l&rsquo;utilisation de colorants naturels et hypoallerg\u00e9niques qui donnent de l&rsquo;\u00e9clat et de la verve \u00e0 la fibre naturelle.<\/p>\n<p>La longue dur\u00e9e de vie et la facilit\u00e9 d&rsquo;entretien ajoutent \u00e0 votre choix.<\/p>\n<p>Id\u00e9al pour embellir votre mise en place : seul ou associ\u00e9 \u00e0 des nappes et des serviettes, pour cr\u00e9er \u00e0 chaque fois des combinaisons originales.<\/p>\n<p>Veuillez vous r\u00e9f\u00e9rer \u00e0 la section \u00abEntretien du produit\u00bb pour toutes les instructions de lavage.<\/p>\n","protected":false},"featured_media":106873,"template":"","meta":{"_seopress_robots_primary_cat":"","_seopress_titles_title":"","_seopress_titles_desc":"","_seopress_robots_index":""},"product_brand":[8562],"product_cat":[6305,3747,3757],"product_tag":[6360,5848,3968,6244,3960,5845],"class_list":{"0":"post-127355","1":"product","2":"type-product","3":"status-publish","4":"has-post-thumbnail","6":"product_brand-arte-pura","7":"product_cat-chemin-de-table","8":"product_cat-decoration-interieure","9":"product_cat-table-fr","10":"product_tag-45x160-fr","11":"product_tag-blanc","12":"product_tag-coureur","13":"product_tag-dentelle-au-crochet","14":"product_tag-set-de-table","15":"product_tag-tableau-fr","16":"pa_colore-blanc-019","17":"pa_colore-retro-900-fr","18":"pa_tema-blanc","20":"first","21":"instock","22":"shipping-taxable","23":"purchasable","24":"product-type-variable"},"jetpack_sharing_enabled":true,"_links":{"self":[{"href":"https:\/\/lighthouselocarno.ch\/fr\/wp-json\/wp\/v2\/product\/127355","targetHints":{"allow":["GET"]}}],"collection":[{"href":"https:\/\/lighthouselocarno.ch\/fr\/wp-json\/wp\/v2\/product"}],"about":[{"href":"https:\/\/lighthouselocarno.ch\/fr\/wp-json\/wp\/v2\/types\/product"}],"wp:featuredmedia":[{"embeddable":true,"href":"https:\/\/lighthouselocarno.ch\/fr\/wp-json\/wp\/v2\/media\/106873"}],"wp:attachment":[{"href":"https:\/\/lighthouselocarno.ch\/fr\/wp-json\/wp\/v2\/media?parent=127355"}],"wp:term":[{"taxonomy":"product_brand","embeddable":true,"href":"https:\/\/lighthouselocarno.ch\/fr\/wp-json\/wp\/v2\/product_brand?post=127355"},{"taxonomy":"product_cat","embeddable":true,"href":"https:\/\/lighthouselocarno.ch\/fr\/wp-json\/wp\/v2\/product_cat?post=127355"},{"taxonomy":"product_tag","embeddable":true,"href":"https:\/\/lighthouselocarno.ch\/fr\/wp-json\/wp\/v2\/product_tag?post=127355"}],"curies":[{"name":"wp","href":"https:\/\/api.w.org\/{rel}","templated":true}]}}