{"id":127412,"date":"2022-05-07T17:44:48","date_gmt":"2022-05-07T17:44:48","guid":{"rendered":"https:\/\/lighthouselocarno.ch\/prodotti\/serviette-eponge-avec-dentelle-elegant\/"},"modified":"2025-05-23T13:36:23","modified_gmt":"2025-05-23T13:36:23","slug":"serviette-de-toilette-en-eponge-avec-dentelle-elegante","status":"publish","type":"product","link":"https:\/\/lighthouselocarno.ch\/fr\/produit\/serviette-de-toilette-en-eponge-avec-dentelle-elegante\/","title":{"rendered":"Serviette \u00e9ponge avec dentelle El\u00e9gant"},"content":{"rendered":"","protected":false},"excerpt":{"rendered":"<p>Serviette de toilette \u00e9ponge avec dentelle \u00e9l\u00e9gante. Dimensions 60&#215;100 cm.<\/p>\n<p>Serviette fabriqu\u00e9e en Italie \u00e0 partir de coton de haute qualit\u00e9 et rendue douce au toucher par des traitements sp\u00e9ciaux qui renforcent l&rsquo;aspect naturel.<\/p>\n<p>Un tissu id\u00e9al pour la salle de bains car il est hypoallerg\u00e9nique, antibact\u00e9rien et surtout hygroscopique. Dans le respect de votre peau.<\/p>\n<p>En outre, l&rsquo;utilisation de colorants naturels et hypoallerg\u00e9niques conf\u00e8re \u00e0 la fibre naturelle brillance et \u00e9clat.<\/p>\n<p>La longue dur\u00e9e de vie et la facilit\u00e9 d&rsquo;entretien ajoutent \u00e0 votre choix.<\/p>\n<p>Id\u00e9al pour agr\u00e9menter l&rsquo;ensemble de la salle de bains : seul ou associ\u00e9 \u00e0 une serviette et un peignoir, pour cr\u00e9er \u00e0 chaque fois des combinaisons originales.<\/p>\n<p>Veuillez vous r\u00e9f\u00e9rer \u00e0 la section \u00abEntretien du produit\u00bb pour toutes les instructions de lavage.<\/p>\n","protected":false},"featured_media":107614,"template":"","meta":{"_seopress_robots_primary_cat":"","_seopress_titles_title":"","_seopress_titles_desc":"","_seopress_robots_index":""},"product_brand":[8562],"product_cat":[3747,3883,6039],"product_tag":[6208,5245,6040,6003,4823,6384,4934],"class_list":{"0":"post-127412","1":"product","2":"type-product","3":"status-publish","4":"has-post-thumbnail","6":"product_brand-arte-pura","7":"product_cat-decoration-interieure","8":"product_cat-salle-de-bains","9":"product_cat-serviettes-fr","10":"product_tag-dentelle-elegante","11":"product_tag-eponge-fr","12":"product_tag-linge-de-toilette","13":"product_tag-romantique","14":"product_tag-salle-de-bains","15":"product_tag-serviette-de-toilette","16":"product_tag-serviettes","17":"pa_tema-romantique","19":"first","20":"instock","21":"shipping-taxable","22":"purchasable","23":"product-type-variable"},"jetpack_sharing_enabled":true,"_links":{"self":[{"href":"https:\/\/lighthouselocarno.ch\/fr\/wp-json\/wp\/v2\/product\/127412","targetHints":{"allow":["GET"]}}],"collection":[{"href":"https:\/\/lighthouselocarno.ch\/fr\/wp-json\/wp\/v2\/product"}],"about":[{"href":"https:\/\/lighthouselocarno.ch\/fr\/wp-json\/wp\/v2\/types\/product"}],"wp:featuredmedia":[{"embeddable":true,"href":"https:\/\/lighthouselocarno.ch\/fr\/wp-json\/wp\/v2\/media\/107614"}],"wp:attachment":[{"href":"https:\/\/lighthouselocarno.ch\/fr\/wp-json\/wp\/v2\/media?parent=127412"}],"wp:term":[{"taxonomy":"product_brand","embeddable":true,"href":"https:\/\/lighthouselocarno.ch\/fr\/wp-json\/wp\/v2\/product_brand?post=127412"},{"taxonomy":"product_cat","embeddable":true,"href":"https:\/\/lighthouselocarno.ch\/fr\/wp-json\/wp\/v2\/product_cat?post=127412"},{"taxonomy":"product_tag","embeddable":true,"href":"https:\/\/lighthouselocarno.ch\/fr\/wp-json\/wp\/v2\/product_tag?post=127412"}],"curies":[{"name":"wp","href":"https:\/\/api.w.org\/{rel}","templated":true}]}}