{"id":127431,"date":"2022-05-07T17:42:42","date_gmt":"2022-05-07T17:42:42","guid":{"rendered":"https:\/\/lighthouselocarno.ch\/prodotti\/elegante-parure-de-lit-double-en-dentelle-legere\/"},"modified":"2025-05-23T13:36:23","modified_gmt":"2025-05-23T13:36:23","slug":"ensemble-de-lit-de-mariage-en-lin-clair-lacis-elegant","status":"publish","type":"product","link":"https:\/\/lighthouselocarno.ch\/fr\/produit\/ensemble-de-lit-de-mariage-en-lin-clair-lacis-elegant\/","title":{"rendered":"\u00c9l\u00e9gante parure de lit double en dentelle l\u00e9g\u00e8re"},"content":{"rendered":"","protected":false},"excerpt":{"rendered":"<p>Parure de lit double blanc naturel en lin l\u00e9ger avec dentelle \u00e9l\u00e9gante. Dimensions : drap double 270&#215;290 cm, taie d&rsquo;oreiller 50&#215;80 cm, drap double avec coins 190&#215;200 cm.<\/p>\n<p>Ensemble de lit fabriqu\u00e9 en Italie \u00e0 partir de 100 % de lin de haute qualit\u00e9 et rendu doux au toucher par des traitements sp\u00e9ciaux qui renforcent l&rsquo;aspect naturel.<\/p>\n<p>Ce tissu est id\u00e9al pour le lit car il est hypoallerg\u00e9nique et antibact\u00e9rien. De plus, l&rsquo;utilisation de teintures naturelles et non allerg\u00e8nes conf\u00e8re \u00e0 la fibre naturelle de l&rsquo;\u00e9clat et de la vivacit\u00e9.<\/p>\n<p>La longue dur\u00e9e de vie et la facilit\u00e9 d&rsquo;entretien ajoutent \u00e0 votre choix.<\/p>\n<p>Id\u00e9al pour embellir votre literie : seul ou associ\u00e9 \u00e0 des taies d&rsquo;oreiller color\u00e9es, pour cr\u00e9er des combinaisons originales \u00e0 chaque fois.<\/p>\n<p>Veuillez vous r\u00e9f\u00e9rer \u00e0 la section \u00abEntretien du produit\u00bb pour toutes les instructions de lavage.<\/p>\n","protected":false},"featured_media":107512,"template":"","meta":{"_seopress_robots_primary_cat":"","_seopress_titles_title":"","_seopress_titles_desc":"","_seopress_robots_index":""},"product_brand":[8562],"product_cat":[3747,6211,5969],"product_tag":[5983,6208,6213,6116,5993,6003,5986],"class_list":{"0":"post-127431","1":"product","2":"type-product","3":"status-publish","4":"has-post-thumbnail","6":"product_brand-arte-pura","7":"product_cat-decoration-interieure","8":"product_cat-ensembles-de-literie","9":"product_cat-le-lit","10":"product_tag-chambre-a-coucher","11":"product_tag-dentelle-elegante","12":"product_tag-ensemble-de-lits","13":"product_tag-feuilles","14":"product_tag-lit-fr","15":"product_tag-romantique","16":"product_tag-taies-doreiller-fr","17":"pa_tema-romantique","19":"first","20":"instock","21":"shipping-taxable","22":"purchasable","23":"product-type-simple"},"jetpack_sharing_enabled":true,"_links":{"self":[{"href":"https:\/\/lighthouselocarno.ch\/fr\/wp-json\/wp\/v2\/product\/127431","targetHints":{"allow":["GET"]}}],"collection":[{"href":"https:\/\/lighthouselocarno.ch\/fr\/wp-json\/wp\/v2\/product"}],"about":[{"href":"https:\/\/lighthouselocarno.ch\/fr\/wp-json\/wp\/v2\/types\/product"}],"wp:featuredmedia":[{"embeddable":true,"href":"https:\/\/lighthouselocarno.ch\/fr\/wp-json\/wp\/v2\/media\/107512"}],"wp:attachment":[{"href":"https:\/\/lighthouselocarno.ch\/fr\/wp-json\/wp\/v2\/media?parent=127431"}],"wp:term":[{"taxonomy":"product_brand","embeddable":true,"href":"https:\/\/lighthouselocarno.ch\/fr\/wp-json\/wp\/v2\/product_brand?post=127431"},{"taxonomy":"product_cat","embeddable":true,"href":"https:\/\/lighthouselocarno.ch\/fr\/wp-json\/wp\/v2\/product_cat?post=127431"},{"taxonomy":"product_tag","embeddable":true,"href":"https:\/\/lighthouselocarno.ch\/fr\/wp-json\/wp\/v2\/product_tag?post=127431"}],"curies":[{"name":"wp","href":"https:\/\/api.w.org\/{rel}","templated":true}]}}