{"id":127545,"date":"2022-05-07T17:46:39","date_gmt":"2022-05-07T17:46:39","guid":{"rendered":"https:\/\/lighthouselocarno.ch\/prodotti\/serviette-de-toilette-en-lin-epais\/"},"modified":"2025-05-23T13:36:23","modified_gmt":"2025-05-23T13:36:23","slug":"serviette-face-en-laine-lourde","status":"publish","type":"product","link":"https:\/\/lighthouselocarno.ch\/fr\/produit\/serviette-face-en-laine-lourde\/","title":{"rendered":"Serviette de toilette en lin \u00e9pais"},"content":{"rendered":"","protected":false},"excerpt":{"rendered":"<p>Serviette de toilette en lin \u00e9pais. Bordure avec plis cousus sur les petits c\u00f4t\u00e9s. Dimensions 60&#215;110 cm.<\/p>\n<p>Une serviette fabriqu\u00e9e en Italie \u00e0 partir de 100 % de lin de haute qualit\u00e9 et rendue douce au toucher par des traitements sp\u00e9ciaux qui renforcent l&rsquo;aspect naturel.<\/p>\n<p>Un tissu id\u00e9al pour la salle de bains car il est hypoallerg\u00e9nique, antibact\u00e9rien et surtout hygroscopique. Dans le respect de votre peau.<\/p>\n<p>En outre, l&rsquo;utilisation de colorants naturels et hypoallerg\u00e9niques conf\u00e8re \u00e0 la fibre naturelle brillance et \u00e9clat.<\/p>\n<p>La longue dur\u00e9e de vie et la facilit\u00e9 d&rsquo;entretien ajoutent \u00e0 votre choix.<\/p>\n<p>Id\u00e9al pour agr\u00e9menter l&rsquo;ensemble de la salle de bains : seul ou associ\u00e9 \u00e0 une serviette et un peignoir, pour cr\u00e9er \u00e0 chaque fois des combinaisons originales.<\/p>\n<p>Veuillez vous r\u00e9f\u00e9rer \u00e0 la section \u00abEntretien du produit\u00bb pour toutes les instructions de lavage.<\/p>\n","protected":false},"featured_media":107686,"template":"","meta":{"_seopress_robots_primary_cat":"","_seopress_titles_title":"","_seopress_titles_desc":"","_seopress_robots_index":""},"product_brand":[8562],"product_cat":[3747,3883,6039],"product_tag":[5841,6040,3972,4823,6384,4934],"class_list":{"0":"post-127545","1":"product","2":"type-product","3":"status-publish","4":"has-post-thumbnail","6":"product_brand-arte-pura","7":"product_cat-decoration-interieure","8":"product_cat-salle-de-bains","9":"product_cat-serviettes-fr","10":"product_tag-convivialite","11":"product_tag-linge-de-toilette","12":"product_tag-lino-fr","13":"product_tag-salle-de-bains","14":"product_tag-serviette-de-toilette","15":"product_tag-serviettes","16":"pa_colore-blanc-019","17":"pa_colore-retro-900-fr","18":"pa_tema-convivialite","20":"first","21":"instock","22":"shipping-taxable","23":"purchasable","24":"product-type-variable"},"jetpack_sharing_enabled":true,"_links":{"self":[{"href":"https:\/\/lighthouselocarno.ch\/fr\/wp-json\/wp\/v2\/product\/127545","targetHints":{"allow":["GET"]}}],"collection":[{"href":"https:\/\/lighthouselocarno.ch\/fr\/wp-json\/wp\/v2\/product"}],"about":[{"href":"https:\/\/lighthouselocarno.ch\/fr\/wp-json\/wp\/v2\/types\/product"}],"wp:featuredmedia":[{"embeddable":true,"href":"https:\/\/lighthouselocarno.ch\/fr\/wp-json\/wp\/v2\/media\/107686"}],"wp:attachment":[{"href":"https:\/\/lighthouselocarno.ch\/fr\/wp-json\/wp\/v2\/media?parent=127545"}],"wp:term":[{"taxonomy":"product_brand","embeddable":true,"href":"https:\/\/lighthouselocarno.ch\/fr\/wp-json\/wp\/v2\/product_brand?post=127545"},{"taxonomy":"product_cat","embeddable":true,"href":"https:\/\/lighthouselocarno.ch\/fr\/wp-json\/wp\/v2\/product_cat?post=127545"},{"taxonomy":"product_tag","embeddable":true,"href":"https:\/\/lighthouselocarno.ch\/fr\/wp-json\/wp\/v2\/product_tag?post=127545"}],"curies":[{"name":"wp","href":"https:\/\/api.w.org\/{rel}","templated":true}]}}