{"id":127559,"date":"2022-05-07T17:57:19","date_gmt":"2022-05-07T17:57:19","guid":{"rendered":"https:\/\/lighthouselocarno.ch\/prodotti\/porte-medium-avec-decoration-geometrique\/"},"modified":"2025-05-23T13:33:00","modified_gmt":"2025-05-23T13:33:00","slug":"support-medium-avec-decoration-geometrique","status":"publish","type":"product","link":"https:\/\/lighthouselocarno.ch\/fr\/produit\/support-medium-avec-decoration-geometrique\/","title":{"rendered":"Porte-m\u00e9dium avec d\u00e9coration g\u00e9om\u00e9trique"},"content":{"rendered":"","protected":false},"excerpt":{"rendered":"<p><span data-sheets-value=\"{\"1\":2,\"2\":\"Portaoggetti medio beige in lino con decoro 'geometrico. Inserto circolare logo Arte Pura sul fondo. Trattamento indurente. Misure 15x23 cm.\"}\" data-sheets-userformat=\"{\"2\":1049539,\"3\":{\"1\":0},\"4\":[null,2,16043212],\"9\":1,\"10\":1,\"11\":4,\"12\":0,\"23\":2}\">Porte-m\u00e9dium en 100% lin durci, d\u00e9cor\u00e9 d&rsquo;un motif g\u00e9om\u00e9trique en coton. En bas, insert avec logo Arte Pura brod\u00e9. Diam\u00e8tre 15 cm Hauteur 23 cm<\/span><\/p>\n<p>Fabriqu\u00e9 en Italie \u00e0 partir de 100 % de lin de haute qualit\u00e9 et rendu mall\u00e9able au toucher par des traitements sp\u00e9ciaux.<\/p>\n<p>Ce tissu est id\u00e9al parce qu&rsquo;il est hypoallerg\u00e9nique et antibact\u00e9rien, en plus de l&rsquo;utilisation de teintures naturelles et non allerg\u00e8nes qui donnent \u00e0 la fibre naturelle de l&rsquo;\u00e9clat et de la vivacit\u00e9.<\/p>\n<p>La longue dur\u00e9e de vie et la facilit\u00e9 d&rsquo;entretien ajoutent \u00e0 votre choix.<\/p>\n<p>D\u00e9corez vos pi\u00e8ces en ajoutant une touche d&rsquo;originalit\u00e9 \u00e0 votre d\u00e9cor. Vous pouvez l&rsquo;utiliser dans toutes les pi\u00e8ces de votre maison ou de votre bureau, de la salle de bain \u00e0 la table ou comme vide-poche pratique.<\/p>\n<p>Veuillez vous r\u00e9f\u00e9rer \u00e0 la section \u00abEntretien du produit\u00bb pour toutes les instructions de lavage.<\/p>\n","protected":false},"featured_media":108148,"template":"","meta":{"_seopress_robots_primary_cat":"none","_seopress_titles_title":"","_seopress_titles_desc":"","_seopress_robots_index":""},"product_brand":[8562],"product_cat":[6122,3747,7314],"product_tag":[6062,6132,5848,5983,5840,6104,5842,4823,6078,5845,4414],"class_list":{"0":"post-127559","1":"product","2":"type-product","3":"status-publish","4":"has-post-thumbnail","6":"product_brand-arte-pura","7":"product_cat-accessoires","8":"product_cat-decoration-interieure","9":"product_cat-porte-objets","10":"product_tag-accessoires","11":"product_tag-accessoires-decoratifs","12":"product_tag-blanc","13":"product_tag-chambre-a-coucher","14":"product_tag-essentiel","15":"product_tag-industriel","16":"product_tag-lofts-a-new-york","17":"product_tag-salle-de-bains","18":"product_tag-salon","19":"product_tag-tableau-fr","20":"product_tag-titulaire","21":"pa_colore-blanc-019","22":"pa_colore-craie-ancienne-044","23":"pa_colore-lava-old-037-fr","24":"pa_colore-retro-900-fr","25":"pa_tema-blanc","26":"pa_tema-essentiel","27":"pa_tema-industriel","29":"first","30":"instock","31":"shipping-taxable","32":"purchasable","33":"product-type-variable"},"jetpack_sharing_enabled":true,"_links":{"self":[{"href":"https:\/\/lighthouselocarno.ch\/fr\/wp-json\/wp\/v2\/product\/127559","targetHints":{"allow":["GET"]}}],"collection":[{"href":"https:\/\/lighthouselocarno.ch\/fr\/wp-json\/wp\/v2\/product"}],"about":[{"href":"https:\/\/lighthouselocarno.ch\/fr\/wp-json\/wp\/v2\/types\/product"}],"wp:featuredmedia":[{"embeddable":true,"href":"https:\/\/lighthouselocarno.ch\/fr\/wp-json\/wp\/v2\/media\/108148"}],"wp:attachment":[{"href":"https:\/\/lighthouselocarno.ch\/fr\/wp-json\/wp\/v2\/media?parent=127559"}],"wp:term":[{"taxonomy":"product_brand","embeddable":true,"href":"https:\/\/lighthouselocarno.ch\/fr\/wp-json\/wp\/v2\/product_brand?post=127559"},{"taxonomy":"product_cat","embeddable":true,"href":"https:\/\/lighthouselocarno.ch\/fr\/wp-json\/wp\/v2\/product_cat?post=127559"},{"taxonomy":"product_tag","embeddable":true,"href":"https:\/\/lighthouselocarno.ch\/fr\/wp-json\/wp\/v2\/product_tag?post=127559"}],"curies":[{"name":"wp","href":"https:\/\/api.w.org\/{rel}","templated":true}]}}