{"id":127560,"date":"2022-05-07T17:54:41","date_gmt":"2022-05-07T17:54:41","guid":{"rendered":"https:\/\/lighthouselocarno.ch\/prodotti\/etui-en-toile-de-taille-moyenne-avec-dentelle-au-crochet\/"},"modified":"2025-05-23T13:33:00","modified_gmt":"2025-05-23T13:33:00","slug":"support-medium-en-toile-avec-crochet-lacet","status":"publish","type":"product","link":"https:\/\/lighthouselocarno.ch\/fr\/produit\/support-medium-en-toile-avec-crochet-lacet\/","title":{"rendered":"\u00c9tui en toile de taille moyenne avec dentelle au crochet"},"content":{"rendered":"<p>Entretien du produit :<\/p>\n<p>Lavable en machine \u00e0 30-40 degr\u00e9s avec un savon doux. Ne pas ajouter d&rsquo;adoucisseur. Ne pas blanchir.<br \/>\nTous les v\u00eatements Arte Pura sont teints \u00e0 la main avec des pigments min\u00e9raux naturels.<br \/>\nIl est possible qu&rsquo;ils perdent un peu de leur couleur lors des premiers lavages, ce qui donne une teinte vintage propre \u00e0 cette marque.<br \/>\nLorsque vous lavez des v\u00eatements aux couleurs anciennes, je vous recommande vivement d&rsquo;ajouter 1 kg de sel de mer dans la machine \u00e0 laver pendant les 3 \u00e0 4 premiers lavages afin de bien fixer les couleurs.<\/p>\n<p>Tissu : 100% toile de coton.<\/p>\n","protected":false},"excerpt":{"rendered":"<p>Porte-m\u00e9dium en toile de coton durci enti\u00e8rement doubl\u00e9 de dentelle au crochet. Diam\u00e8tre 15 cm, hauteur 23 cm.<\/p>\n<p>Fabriqu\u00e9 en Italie \u00e0 partir de coton de haute qualit\u00e9 et rendu doux au toucher par des traitements sp\u00e9ciaux qui renforcent l&rsquo;aspect naturel.<\/p>\n<p>Ce tissu est id\u00e9al parce qu&rsquo;il est hypoallerg\u00e9nique et antibact\u00e9rien, en plus de l&rsquo;utilisation de teintures naturelles et non allerg\u00e8nes qui donnent \u00e0 la fibre naturelle de l&rsquo;\u00e9clat et de la vivacit\u00e9.<\/p>\n<p>La longue dur\u00e9e de vie et la facilit\u00e9 d&rsquo;entretien ajoutent \u00e0 votre choix.<\/p>\n<p>D\u00e9corez vos pi\u00e8ces en ajoutant une touche d&rsquo;originalit\u00e9 \u00e0 votre d\u00e9cor. Vous pouvez l&rsquo;utiliser dans toutes les pi\u00e8ces de votre maison ou de votre bureau, de la salle de bain \u00e0 la table ou comme vide-poche pratique.<\/p>\n<p>Veuillez vous r\u00e9f\u00e9rer \u00e0 la section \u00abEntretien du produit\u00bb pour toutes les instructions de lavage.<\/p>\n","protected":false},"featured_media":108025,"template":"","meta":{"_seopress_robots_primary_cat":"","_seopress_titles_title":"","_seopress_titles_desc":"","_seopress_robots_index":""},"product_brand":[8562],"product_cat":[6122,3747,7314],"product_tag":[6062,6132,5848,5983,6244,4823,6078,5845,4414],"class_list":{"0":"post-127560","1":"product","2":"type-product","3":"status-publish","4":"has-post-thumbnail","6":"product_brand-arte-pura","7":"product_cat-accessoires","8":"product_cat-decoration-interieure","9":"product_cat-porte-objets","10":"product_tag-accessoires","11":"product_tag-accessoires-decoratifs","12":"product_tag-blanc","13":"product_tag-chambre-a-coucher","14":"product_tag-dentelle-au-crochet","15":"product_tag-salle-de-bains","16":"product_tag-salon","17":"product_tag-tableau-fr","18":"product_tag-titulaire","19":"pa_colore-blanc-019","20":"pa_tema-blanc","22":"first","23":"instock","24":"shipping-taxable","25":"purchasable","26":"product-type-variable"},"jetpack_sharing_enabled":true,"_links":{"self":[{"href":"https:\/\/lighthouselocarno.ch\/fr\/wp-json\/wp\/v2\/product\/127560","targetHints":{"allow":["GET"]}}],"collection":[{"href":"https:\/\/lighthouselocarno.ch\/fr\/wp-json\/wp\/v2\/product"}],"about":[{"href":"https:\/\/lighthouselocarno.ch\/fr\/wp-json\/wp\/v2\/types\/product"}],"wp:featuredmedia":[{"embeddable":true,"href":"https:\/\/lighthouselocarno.ch\/fr\/wp-json\/wp\/v2\/media\/108025"}],"wp:attachment":[{"href":"https:\/\/lighthouselocarno.ch\/fr\/wp-json\/wp\/v2\/media?parent=127560"}],"wp:term":[{"taxonomy":"product_brand","embeddable":true,"href":"https:\/\/lighthouselocarno.ch\/fr\/wp-json\/wp\/v2\/product_brand?post=127560"},{"taxonomy":"product_cat","embeddable":true,"href":"https:\/\/lighthouselocarno.ch\/fr\/wp-json\/wp\/v2\/product_cat?post=127560"},{"taxonomy":"product_tag","embeddable":true,"href":"https:\/\/lighthouselocarno.ch\/fr\/wp-json\/wp\/v2\/product_tag?post=127560"}],"curies":[{"name":"wp","href":"https:\/\/api.w.org\/{rel}","templated":true}]}}