{"id":127650,"date":"2022-05-07T17:54:41","date_gmt":"2022-05-07T17:54:41","guid":{"rendered":"https:\/\/lighthouselocarno.ch\/prodotti\/support-de-toile-moyenne\/"},"modified":"2025-05-23T13:33:00","modified_gmt":"2025-05-23T13:33:00","slug":"support-medium-in-canvas","status":"publish","type":"product","link":"https:\/\/lighthouselocarno.ch\/fr\/produit\/support-medium-in-canvas\/","title":{"rendered":"Support de toile moyenne"},"content":{"rendered":"","protected":false},"excerpt":{"rendered":"<p>Porte-m\u00e9dium en toile de coton durcie.  <span data-sheets-value=\"{\"1\":2,\"2\":\"Portaoggetti turchese piccolo in canvas doppiato con tulle ricamato. Inserto circolare logo Arte Pura sul fondo. Trattamento indurente. Misure 12x10 cm.\"}\" data-sheets-userformat=\"{\"2\":971,\"3\":{\"1\":0},\"4\":[null,2,65280],\"6\":{\"1\":[{\"1\":2,\"2\":0,\"5\":[null,2,0]},{\"1\":0,\"2\":0,\"3\":3},{\"1\":1,\"2\":0,\"4\":2}]},\"9\":1,\"10\":1,\"11\":3,\"12\":0}\">En bas, insert avec logo Arte Pura brod\u00e9. Diam\u00e8tre 15 cm Hauteur 23 cm<\/span><\/p>\n<p>Fabriqu\u00e9 en Italie \u00e0 partir de coton de haute qualit\u00e9 et rendu mall\u00e9able au toucher par des traitements sp\u00e9ciaux.<\/p>\n<p>Ce tissu est id\u00e9al parce qu&rsquo;il est hypoallerg\u00e9nique et antibact\u00e9rien, en plus de l&rsquo;utilisation de teintures naturelles et non allerg\u00e8nes qui donnent \u00e0 la fibre naturelle de l&rsquo;\u00e9clat et de la vivacit\u00e9.<\/p>\n<p>La longue dur\u00e9e de vie et la facilit\u00e9 d&rsquo;entretien ajoutent \u00e0 votre choix.<\/p>\n<p>D\u00e9corez vos pi\u00e8ces en ajoutant une touche d&rsquo;originalit\u00e9 \u00e0 votre d\u00e9cor. Vous pouvez l&rsquo;utiliser dans toutes les pi\u00e8ces de votre maison ou de votre bureau, de la salle de bain \u00e0 la table ou comme vide-poche pratique.<\/p>\n<p>Veuillez vous r\u00e9f\u00e9rer \u00e0 la section \u00abEntretien du produit\u00bb pour toutes les instructions de lavage.<\/p>\n","protected":false},"featured_media":107974,"template":"","meta":{"_seopress_robots_primary_cat":"","_seopress_titles_title":"","_seopress_titles_desc":"","_seopress_robots_index":""},"product_brand":[8562],"product_cat":[6122,3747,7314],"product_tag":[6062,6132,5848,5983,4823,6078,5845,4414,5838,5847],"class_list":{"0":"post-127650","1":"product","2":"type-product","3":"status-publish","4":"has-post-thumbnail","6":"product_brand-arte-pura","7":"product_cat-accessoires","8":"product_cat-decoration-interieure","9":"product_cat-porte-objets","10":"product_tag-accessoires","11":"product_tag-accessoires-decoratifs","12":"product_tag-blanc","13":"product_tag-chambre-a-coucher","14":"product_tag-salle-de-bains","15":"product_tag-salon","16":"product_tag-tableau-fr","17":"product_tag-titulaire","18":"product_tag-un-air-de-fete","19":"product_tag-vagues","20":"pa_colore-blanc-019","21":"pa_colore-bonbon-vieux-429","22":"pa_colore-poudre-ancienne-043","23":"pa_colore-retro-900-fr","24":"pa_colore-vita-old-433-fr","25":"pa_tema-blanc","26":"pa_tema-vagues","28":"first","29":"instock","30":"shipping-taxable","31":"purchasable","32":"product-type-variable"},"jetpack_sharing_enabled":true,"_links":{"self":[{"href":"https:\/\/lighthouselocarno.ch\/fr\/wp-json\/wp\/v2\/product\/127650","targetHints":{"allow":["GET"]}}],"collection":[{"href":"https:\/\/lighthouselocarno.ch\/fr\/wp-json\/wp\/v2\/product"}],"about":[{"href":"https:\/\/lighthouselocarno.ch\/fr\/wp-json\/wp\/v2\/types\/product"}],"wp:featuredmedia":[{"embeddable":true,"href":"https:\/\/lighthouselocarno.ch\/fr\/wp-json\/wp\/v2\/media\/107974"}],"wp:attachment":[{"href":"https:\/\/lighthouselocarno.ch\/fr\/wp-json\/wp\/v2\/media?parent=127650"}],"wp:term":[{"taxonomy":"product_brand","embeddable":true,"href":"https:\/\/lighthouselocarno.ch\/fr\/wp-json\/wp\/v2\/product_brand?post=127650"},{"taxonomy":"product_cat","embeddable":true,"href":"https:\/\/lighthouselocarno.ch\/fr\/wp-json\/wp\/v2\/product_cat?post=127650"},{"taxonomy":"product_tag","embeddable":true,"href":"https:\/\/lighthouselocarno.ch\/fr\/wp-json\/wp\/v2\/product_tag?post=127650"}],"curies":[{"name":"wp","href":"https:\/\/api.w.org\/{rel}","templated":true}]}}