{"id":127651,"date":"2022-05-07T17:56:33","date_gmt":"2022-05-07T17:56:33","guid":{"rendered":"https:\/\/lighthouselocarno.ch\/prodotti\/set-de-table-avec-dentelle-poema\/"},"modified":"2025-05-23T13:33:00","modified_gmt":"2025-05-23T13:33:00","slug":"napperon-avec-lace-poeme","status":"publish","type":"product","link":"https:\/\/lighthouselocarno.ch\/fr\/produit\/napperon-avec-lace-poeme\/","title":{"rendered":"Set de table avec dentelle Poema"},"content":{"rendered":"","protected":false},"excerpt":{"rendered":"<p><span data-sheets-value=\"{\"1\":2,\"2\":\"Tovaglietta nera in lino pesante con pizzo poema. Bordo con piega. Misure 40x50 cm. \"}\" data-sheets-userformat=\"{\"2\":963,\"3\":{\"1\":0},\"4\":[null,2,16711680],\"9\":1,\"10\":1,\"11\":4,\"12\":0}\">Set de table en lin \u00e9pais avec dentelle Poema. Bord avec pli. Taille 40&#215;50 cm (hors dentelle).<\/span><\/p>\n<p>Set de table fabriqu\u00e9 en Italie, compos\u00e9 \u00e0 100 % de lin de haute qualit\u00e9 et rendu doux au toucher gr\u00e2ce \u00e0 des traitements sp\u00e9ciaux qui renforcent l&rsquo;aspect naturel.<\/p>\n<p>Un tissu id\u00e9al pour la table car il est hypoallerg\u00e9nique et antibact\u00e9rien, en plus de l&rsquo;utilisation de colorants naturels et hypoallerg\u00e9niques qui donnent de l&rsquo;\u00e9clat et de la verve \u00e0 la fibre naturelle.<\/p>\n<p>La longue dur\u00e9e de vie et la facilit\u00e9 d&rsquo;entretien ajoutent \u00e0 votre choix.<\/p>\n<p>Id\u00e9al pour embellir votre mise en place : seul ou associ\u00e9 \u00e0 des chemins de table et des serviettes, pour cr\u00e9er des combinaisons originales \u00e0 chaque fois.<\/p>\n<p>Veuillez vous r\u00e9f\u00e9rer \u00e0 la section \u00abEntretien du produit\u00bb pour toutes les instructions de lavage.<\/p>\n","protected":false},"featured_media":108085,"template":"","meta":{"_seopress_robots_primary_cat":"none","_seopress_titles_title":"","_seopress_titles_desc":"","_seopress_robots_index":""},"product_brand":[8562],"product_cat":[3747,3757,6061],"product_tag":[6062,6070,6053,6174,6076,5845,5847],"class_list":{"0":"post-127651","1":"product","2":"type-product","3":"status-publish","4":"has-post-thumbnail","6":"product_brand-arte-pura","7":"product_cat-decoration-interieure","8":"product_cat-table-fr","9":"product_cat-set-de-table","10":"product_tag-accessoires","11":"product_tag-accessoires-de-table-fr","12":"product_tag-luxe","13":"product_tag-pizzo-poema-fr","14":"product_tag-sets-de-table","15":"product_tag-tableau-fr","16":"product_tag-vagues","17":"pa_colore-noir-021","18":"pa_colore-pivoine-vieille-417","19":"pa_colore-vita-old-433-fr","20":"pa_tema-luxe","21":"pa_tema-vagues","23":"first","24":"instock","25":"shipping-taxable","26":"purchasable","27":"product-type-variable"},"jetpack_sharing_enabled":true,"_links":{"self":[{"href":"https:\/\/lighthouselocarno.ch\/fr\/wp-json\/wp\/v2\/product\/127651","targetHints":{"allow":["GET"]}}],"collection":[{"href":"https:\/\/lighthouselocarno.ch\/fr\/wp-json\/wp\/v2\/product"}],"about":[{"href":"https:\/\/lighthouselocarno.ch\/fr\/wp-json\/wp\/v2\/types\/product"}],"wp:featuredmedia":[{"embeddable":true,"href":"https:\/\/lighthouselocarno.ch\/fr\/wp-json\/wp\/v2\/media\/108085"}],"wp:attachment":[{"href":"https:\/\/lighthouselocarno.ch\/fr\/wp-json\/wp\/v2\/media?parent=127651"}],"wp:term":[{"taxonomy":"product_brand","embeddable":true,"href":"https:\/\/lighthouselocarno.ch\/fr\/wp-json\/wp\/v2\/product_brand?post=127651"},{"taxonomy":"product_cat","embeddable":true,"href":"https:\/\/lighthouselocarno.ch\/fr\/wp-json\/wp\/v2\/product_cat?post=127651"},{"taxonomy":"product_tag","embeddable":true,"href":"https:\/\/lighthouselocarno.ch\/fr\/wp-json\/wp\/v2\/product_tag?post=127651"}],"curies":[{"name":"wp","href":"https:\/\/api.w.org\/{rel}","templated":true}]}}