{"id":127701,"date":"2023-02-15T18:01:22","date_gmt":"2023-02-15T18:01:22","guid":{"rendered":"https:\/\/lighthouselocarno.ch\/prodotti\/bougie-cylindrique-avec-dentelle-elegante\/"},"modified":"2025-05-23T12:58:55","modified_gmt":"2025-05-23T12:58:55","slug":"bougie-un-cylindre-avec-lace-elegant","status":"publish","type":"product","link":"https:\/\/lighthouselocarno.ch\/fr\/produit\/bougie-un-cylindre-avec-lace-elegant\/","title":{"rendered":"Bougie cylindrique avec dentelle \u00e9l\u00e9gante"},"content":{"rendered":"","protected":false},"excerpt":{"rendered":"<p><span data-sheets-value=\"{\"1\":2,\"2\":\"Candela cilindro bianco naturale con pizzo \"Elegante\". \"}\" data-sheets-userformat=\"{\"2\":963,\"3\":{\"1\":0},\"4\":[null,2,16043212],\"9\":1,\"10\":1,\"11\":4,\"12\":0}\"><strong>Bougie cylindrique coul\u00e9e \u00e0 la main<\/strong> <strong>et d\u00e9cor\u00e9e d&rsquo;une<\/strong> \u00e9l\u00e9gante <strong>dentelle<\/strong>. L\u00e9g\u00e8rement <strong>parfum\u00e9<\/strong>, parfum de lin. 60H de lumi\u00e8re.<\/span><\/p>\n<p>Son parfum merveilleux se r\u00e9pandra dans toute la pi\u00e8ce. Cette bougie offre une qualit\u00e9 irr\u00e9prochable du d\u00e9but \u00e0 la fin.<\/p>\n<p><span data-sheets-value=\"{\"1\":2,\"2\":\"Candela cilindro bianco naturale con pizzo \"Elegante\". \"}\" data-sheets-userformat=\"{\"2\":963,\"3\":{\"1\":0},\"4\":[null,2,16043212],\"9\":1,\"10\":1,\"11\":4,\"12\":0}\"> <\/span><\/p>\n","protected":false},"featured_media":108403,"template":"","meta":{"_seopress_robots_primary_cat":"","_seopress_titles_title":"","_seopress_titles_desc":"","_seopress_robots_index":""},"product_brand":[8562],"product_cat":[4268,7125,3747],"product_tag":[6132,6431,6432,5983,6208,6003,4823,6078,5845,6075],"class_list":{"0":"post-127701","1":"product","2":"type-product","3":"status-publish","4":"has-post-thumbnail","6":"product_brand-arte-pura","7":"product_cat-bougies","8":"product_cat-bougies-fr","9":"product_cat-decoration-interieure","10":"product_tag-accessoires-decoratifs","11":"product_tag-bougies","12":"product_tag-bougies-fr","13":"product_tag-chambre-a-coucher","14":"product_tag-dentelle-elegante","15":"product_tag-romantique","16":"product_tag-salle-de-bains","17":"product_tag-salon","18":"product_tag-tableau-fr","19":"product_tag-un-moment-de-detente","20":"pa_tema-romantique","22":"first","23":"instock","24":"shipping-taxable","25":"purchasable","26":"product-type-simple"},"jetpack_sharing_enabled":true,"_links":{"self":[{"href":"https:\/\/lighthouselocarno.ch\/fr\/wp-json\/wp\/v2\/product\/127701","targetHints":{"allow":["GET"]}}],"collection":[{"href":"https:\/\/lighthouselocarno.ch\/fr\/wp-json\/wp\/v2\/product"}],"about":[{"href":"https:\/\/lighthouselocarno.ch\/fr\/wp-json\/wp\/v2\/types\/product"}],"wp:featuredmedia":[{"embeddable":true,"href":"https:\/\/lighthouselocarno.ch\/fr\/wp-json\/wp\/v2\/media\/108403"}],"wp:attachment":[{"href":"https:\/\/lighthouselocarno.ch\/fr\/wp-json\/wp\/v2\/media?parent=127701"}],"wp:term":[{"taxonomy":"product_brand","embeddable":true,"href":"https:\/\/lighthouselocarno.ch\/fr\/wp-json\/wp\/v2\/product_brand?post=127701"},{"taxonomy":"product_cat","embeddable":true,"href":"https:\/\/lighthouselocarno.ch\/fr\/wp-json\/wp\/v2\/product_cat?post=127701"},{"taxonomy":"product_tag","embeddable":true,"href":"https:\/\/lighthouselocarno.ch\/fr\/wp-json\/wp\/v2\/product_tag?post=127701"}],"curies":[{"name":"wp","href":"https:\/\/api.w.org\/{rel}","templated":true}]}}