{"id":127765,"date":"2023-02-15T18:00:55","date_gmt":"2023-02-15T18:00:55","guid":{"rendered":"https:\/\/lighthouselocarno.ch\/prodotti\/bougie-cylindrique-avec-dentelle-rose\/"},"modified":"2025-05-23T12:58:55","modified_gmt":"2025-05-23T12:58:55","slug":"bougie-un-cylindre-avec-dentelle-rose","status":"publish","type":"product","link":"https:\/\/lighthouselocarno.ch\/fr\/produit\/bougie-un-cylindre-avec-dentelle-rose\/","title":{"rendered":"Bougie cylindrique avec dentelle Rose"},"content":{"rendered":"","protected":false},"excerpt":{"rendered":"<p>Bougie cylindrique coul\u00e9e \u00e0 la main, d\u00e9cor\u00e9e d&rsquo;une dentelle de roses et l\u00e9g\u00e8rement parfum\u00e9e \u00e0 l&rsquo;essence de lin. 60H de lumi\u00e8re<\/p>\n","protected":false},"featured_media":108391,"template":"","meta":{"_seopress_robots_primary_cat":"","_seopress_titles_title":"","_seopress_titles_desc":"","_seopress_robots_index":""},"product_brand":[8562],"product_cat":[7125,4268,4267,3747,7316],"product_tag":[6132,6432,6431,5983,3866,5844,4823,6078,5845],"class_list":{"0":"post-127765","1":"product","2":"type-product","3":"status-publish","4":"has-post-thumbnail","6":"product_brand-arte-pura","7":"product_cat-bougies-fr","8":"product_cat-bougies","9":"product_cat-bougies-et-parfums","10":"product_cat-decoration-interieure","11":"product_cat-parfums-et-savons","12":"product_tag-accessoires-decoratifs","13":"product_tag-bougies-fr","14":"product_tag-bougies","15":"product_tag-chambre-a-coucher","16":"product_tag-dentelle-rose","17":"product_tag-pure-fr","18":"product_tag-salle-de-bains","19":"product_tag-salon","20":"product_tag-tableau-fr","21":"pa_colore-blanc-019","23":"first","24":"instock","25":"shipping-taxable","26":"purchasable","27":"product-type-simple"},"jetpack_sharing_enabled":true,"_links":{"self":[{"href":"https:\/\/lighthouselocarno.ch\/fr\/wp-json\/wp\/v2\/product\/127765","targetHints":{"allow":["GET"]}}],"collection":[{"href":"https:\/\/lighthouselocarno.ch\/fr\/wp-json\/wp\/v2\/product"}],"about":[{"href":"https:\/\/lighthouselocarno.ch\/fr\/wp-json\/wp\/v2\/types\/product"}],"wp:featuredmedia":[{"embeddable":true,"href":"https:\/\/lighthouselocarno.ch\/fr\/wp-json\/wp\/v2\/media\/108391"}],"wp:attachment":[{"href":"https:\/\/lighthouselocarno.ch\/fr\/wp-json\/wp\/v2\/media?parent=127765"}],"wp:term":[{"taxonomy":"product_brand","embeddable":true,"href":"https:\/\/lighthouselocarno.ch\/fr\/wp-json\/wp\/v2\/product_brand?post=127765"},{"taxonomy":"product_cat","embeddable":true,"href":"https:\/\/lighthouselocarno.ch\/fr\/wp-json\/wp\/v2\/product_cat?post=127765"},{"taxonomy":"product_tag","embeddable":true,"href":"https:\/\/lighthouselocarno.ch\/fr\/wp-json\/wp\/v2\/product_tag?post=127765"}],"curies":[{"name":"wp","href":"https:\/\/api.w.org\/{rel}","templated":true}]}}