{"id":127791,"date":"2022-05-07T18:02:38","date_gmt":"2022-05-07T18:02:38","guid":{"rendered":"https:\/\/lighthouselocarno.ch\/prodotti\/chaise-decorative-et-bandeau-de-rideau\/"},"modified":"2025-05-23T13:30:04","modified_gmt":"2025-05-23T13:30:04","slug":"bande-decorative-pour-chaises-et-rideaux","status":"publish","type":"product","link":"https:\/\/lighthouselocarno.ch\/fr\/produit\/bande-decorative-pour-chaises-et-rideaux\/","title":{"rendered":"Chaise d\u00e9corative et bandeau de rideau"},"content":{"rendered":"<p>Entretien du produit :<\/p>\n<p>Lavable en machine \u00e0 30-40 degr\u00e9s avec un savon doux. Ne pas ajouter d&rsquo;adoucisseur. Ne pas blanchir.<br \/>\nTous les v\u00eatements Arte Pura sont teints \u00e0 la main avec des pigments min\u00e9raux naturels.<br \/>\nIl est possible qu&rsquo;ils perdent un peu de leur couleur lors des premiers lavages, ce qui donne une teinte vintage propre \u00e0 cette marque.<br \/>\nLorsque vous lavez des v\u00eatements aux couleurs anciennes, je vous recommande vivement d&rsquo;ajouter 1 kg de sel de mer dans la machine \u00e0 laver pendant les 3 \u00e0 4 premiers lavages afin de bien fixer les couleurs.<\/p>\n<p>Tissu : 100 % lin et organza.<\/p>\n","protected":false},"excerpt":{"rendered":"<p><span data-sheets-value=\"{\"1\":2,\"2\":\"Embrasse per sedia beige chiaro.\"}\" data-sheets-userformat=\"{\"2\":961,\"3\":{\"1\":0},\"9\":1,\"10\":1,\"11\":4,\"12\":0}\">Chaise d\u00e9corative et bandeau de rideau.<\/span><\/p>\n<p>Bandeau d\u00e9coratif fabriqu\u00e9 en Italie \u00e0 partir de 100 % de lin de haute qualit\u00e9 et rendu doux au toucher par des traitements sp\u00e9ciaux qui renforcent l&rsquo;aspect naturel.<\/p>\n<p>Ce tissu est id\u00e9al parce qu&rsquo;il est hypoallerg\u00e9nique et antibact\u00e9rien, en plus de l&rsquo;utilisation de teintures naturelles et non allerg\u00e8nes qui donnent \u00e0 la fibre naturelle de l&rsquo;\u00e9clat et de la vivacit\u00e9.<\/p>\n<p>La longue dur\u00e9e de vie et la facilit\u00e9 d&rsquo;entretien ajoutent \u00e0 votre choix.<\/p>\n<p>Veuillez vous r\u00e9f\u00e9rer \u00e0 la section \u00abEntretien du produit\u00bb pour toutes les instructions de lavage.<\/p>\n","protected":false},"featured_media":108550,"template":"","meta":{"_seopress_robots_primary_cat":"","_seopress_titles_title":"","_seopress_titles_desc":"","_seopress_robots_index":""},"product_brand":[8562],"product_cat":[3747,4040,6071,6261],"product_tag":[6132,6262,5983,6439,6053,6078,6094],"class_list":{"0":"post-127791","1":"product","2":"type-product","3":"status-publish","4":"has-post-thumbnail","6":"product_brand-arte-pura","7":"product_cat-decoration-interieure","8":"product_cat-decorations-fr","9":"product_cat-tentes","10":"product_cat-tringles","11":"product_tag-accessoires-decoratifs","12":"product_tag-chaises","13":"product_tag-chambre-a-coucher","14":"product_tag-jardin","15":"product_tag-luxe","16":"product_tag-salon","17":"product_tag-tentes","18":"pa_colore-beurre-ancien-047","19":"pa_tema-luxe","21":"first","22":"instock","23":"shipping-taxable","24":"purchasable","25":"product-type-variable","26":"has-default-attributes"},"jetpack_sharing_enabled":true,"_links":{"self":[{"href":"https:\/\/lighthouselocarno.ch\/fr\/wp-json\/wp\/v2\/product\/127791","targetHints":{"allow":["GET"]}}],"collection":[{"href":"https:\/\/lighthouselocarno.ch\/fr\/wp-json\/wp\/v2\/product"}],"about":[{"href":"https:\/\/lighthouselocarno.ch\/fr\/wp-json\/wp\/v2\/types\/product"}],"wp:featuredmedia":[{"embeddable":true,"href":"https:\/\/lighthouselocarno.ch\/fr\/wp-json\/wp\/v2\/media\/108550"}],"wp:attachment":[{"href":"https:\/\/lighthouselocarno.ch\/fr\/wp-json\/wp\/v2\/media?parent=127791"}],"wp:term":[{"taxonomy":"product_brand","embeddable":true,"href":"https:\/\/lighthouselocarno.ch\/fr\/wp-json\/wp\/v2\/product_brand?post=127791"},{"taxonomy":"product_cat","embeddable":true,"href":"https:\/\/lighthouselocarno.ch\/fr\/wp-json\/wp\/v2\/product_cat?post=127791"},{"taxonomy":"product_tag","embeddable":true,"href":"https:\/\/lighthouselocarno.ch\/fr\/wp-json\/wp\/v2\/product_tag?post=127791"}],"curies":[{"name":"wp","href":"https:\/\/api.w.org\/{rel}","templated":true}]}}