{"id":127798,"date":"2022-05-07T17:59:34","date_gmt":"2022-05-07T17:59:34","guid":{"rendered":"https:\/\/lighthouselocarno.ch\/prodotti\/drap-avec-dentelle-poema\/"},"modified":"2025-05-23T13:33:01","modified_gmt":"2025-05-23T13:33:01","slug":"feuille-dentelle-poeme","status":"publish","type":"product","link":"https:\/\/lighthouselocarno.ch\/fr\/produit\/feuille-dentelle-poeme\/","title":{"rendered":"Drap avec dentelle Poema"},"content":{"rendered":"","protected":false},"excerpt":{"rendered":"<p><span data-sheets-value=\"{\"1\":2,\"2\":\"Lenzuolo nero matrimoniale in lino leggero con pizzo \"Poema\" cucito su un lato. Inserto logo rettangolare Arte Pura. Bordo con piega. Misure 270x290 cm.\"}\" data-sheets-userformat=\"{\"2\":963,\"3\":{\"1\":0},\"4\":[null,2,16043212],\"9\":1,\"10\":1,\"11\":4,\"12\":0}\">Drap double en lin l\u00e9ger avec dentelle Poema cousue sur un c\u00f4t\u00e9. Insertion du logo carr\u00e9 Arte Pura. Bord avec pli. Dimensions 270&#215;290 cm.<\/span><\/p>\n<p>Drap fabriqu\u00e9 en Italie \u00e0 partir de 100% de lin de haute qualit\u00e9 et rendu doux au toucher par des traitements sp\u00e9ciaux qui renforcent l&rsquo;aspect naturel.<\/p>\n<p>Ce tissu est id\u00e9al pour le lit car il est hypoallerg\u00e9nique et antibact\u00e9rien. De plus, l&rsquo;utilisation de teintures naturelles et non allerg\u00e8nes conf\u00e8re \u00e0 la fibre naturelle de l&rsquo;\u00e9clat et de la vivacit\u00e9.<\/p>\n<p>La longue dur\u00e9e de vie et la facilit\u00e9 d&rsquo;entretien ajoutent \u00e0 votre choix.<\/p>\n<p>Id\u00e9al pour embellir votre literie : seul ou combin\u00e9 avec des couvre-lits et des taies d&rsquo;oreiller, pour cr\u00e9er des combinaisons originales \u00e0 chaque fois.<\/p>\n<p>Veuillez vous r\u00e9f\u00e9rer \u00e0 la section \u00abEntretien du produit\u00bb pour toutes les instructions de lavage.<\/p>\n","protected":false},"featured_media":108271,"template":"","meta":{"_seopress_robots_primary_cat":"","_seopress_titles_title":"","_seopress_titles_desc":"","_seopress_robots_index":""},"product_brand":[8562],"product_cat":[3747,6114,5969],"product_tag":[5983,5841,6116,5972,5993,6053,6174],"class_list":{"0":"post-127798","1":"product","2":"type-product","3":"status-publish","4":"has-post-thumbnail","6":"product_brand-arte-pura","7":"product_cat-decoration-interieure","8":"product_cat-draps","9":"product_cat-le-lit","10":"product_tag-chambre-a-coucher","11":"product_tag-convivialite","12":"product_tag-feuilles","13":"product_tag-linge-de-lit","14":"product_tag-lit-fr","15":"product_tag-luxe","16":"product_tag-pizzo-poema-fr","17":"pa_colore-beurre-ancien-047","18":"pa_colore-noir-021","19":"pa_colore-retro-900-fr","20":"pa_tema-convivialite","21":"pa_tema-luxe","23":"first","24":"instock","25":"shipping-taxable","26":"purchasable","27":"product-type-variable"},"jetpack_sharing_enabled":true,"_links":{"self":[{"href":"https:\/\/lighthouselocarno.ch\/fr\/wp-json\/wp\/v2\/product\/127798","targetHints":{"allow":["GET"]}}],"collection":[{"href":"https:\/\/lighthouselocarno.ch\/fr\/wp-json\/wp\/v2\/product"}],"about":[{"href":"https:\/\/lighthouselocarno.ch\/fr\/wp-json\/wp\/v2\/types\/product"}],"wp:featuredmedia":[{"embeddable":true,"href":"https:\/\/lighthouselocarno.ch\/fr\/wp-json\/wp\/v2\/media\/108271"}],"wp:attachment":[{"href":"https:\/\/lighthouselocarno.ch\/fr\/wp-json\/wp\/v2\/media?parent=127798"}],"wp:term":[{"taxonomy":"product_brand","embeddable":true,"href":"https:\/\/lighthouselocarno.ch\/fr\/wp-json\/wp\/v2\/product_brand?post=127798"},{"taxonomy":"product_cat","embeddable":true,"href":"https:\/\/lighthouselocarno.ch\/fr\/wp-json\/wp\/v2\/product_cat?post=127798"},{"taxonomy":"product_tag","embeddable":true,"href":"https:\/\/lighthouselocarno.ch\/fr\/wp-json\/wp\/v2\/product_tag?post=127798"}],"curies":[{"name":"wp","href":"https:\/\/api.w.org\/{rel}","templated":true}]}}