{"id":127834,"date":"2022-05-07T17:59:58","date_gmt":"2022-05-07T17:59:58","guid":{"rendered":"https:\/\/lighthouselocarno.ch\/prodotti\/cuvette-degouttage-avec-broderie-en-cristal\/"},"modified":"2025-05-23T13:33:01","modified_gmt":"2025-05-23T13:33:01","slug":"economiseur-deau-avec-cristaux-modeles","status":"publish","type":"product","link":"https:\/\/lighthouselocarno.ch\/fr\/produit\/economiseur-deau-avec-cristaux-modeles\/","title":{"rendered":"Cuvette d&rsquo;\u00e9gouttage avec broderie en cristal"},"content":{"rendered":"","protected":false},"excerpt":{"rendered":"<p><span data-sheets-value=\"{\"1\":2,\"2\":\"Salvagoccia nero in lino con ricamo tempestato di cristalli. \"}\" data-sheets-userformat=\"{\"2\":963,\"3\":{\"1\":0},\"4\":[null,2,16043212],\"9\":1,\"10\":1,\"11\":4,\"12\":0}\">Egouttoir en lin avec broderie de cristaux.<\/span><\/p>\n<p>Cache-gouttes fabriqu\u00e9 en Italie, compos\u00e9 \u00e0 100 % de lin de haute qualit\u00e9 et rendu doux au toucher par des traitements sp\u00e9ciaux qui renforcent l&rsquo;aspect naturel.<\/p>\n<p>Ce tissu est id\u00e9al parce qu&rsquo;il est hypoallerg\u00e9nique et antibact\u00e9rien, en plus de l&rsquo;utilisation de teintures naturelles et non allerg\u00e8nes qui donnent \u00e0 la fibre naturelle de l&rsquo;\u00e9clat et de la vivacit\u00e9.<\/p>\n<p>La longue dur\u00e9e de vie et la facilit\u00e9 d&rsquo;entretien ajoutent \u00e0 votre choix.<\/p>\n<p>Id\u00e9al pour embellir votre mise en place : combinez avec les serviettes et la nappe ou le set de table pour cr\u00e9er des combinaisons originales \u00e0 chaque fois.<\/p>\n<p>Veuillez vous r\u00e9f\u00e9rer \u00e0 la section \u00abEntretien du produit\u00bb pour toutes les instructions de lavage.<\/p>\n","protected":false},"featured_media":108337,"template":"","meta":{"_seopress_robots_primary_cat":"none","_seopress_titles_title":"","_seopress_titles_desc":"","_seopress_robots_index":""},"product_brand":[8562],"product_cat":[6122,7198,3747],"product_tag":[6062,6070,6069,6425,6443,6053,5844,5845],"class_list":{"0":"post-127834","1":"product","2":"type-product","3":"status-publish","4":"has-post-thumbnail","6":"product_brand-arte-pura","7":"product_cat-accessoires","8":"product_cat-deco","9":"product_cat-decoration-interieure","10":"product_tag-accessoires","11":"product_tag-accessoires-de-table-fr","12":"product_tag-broderie","13":"product_tag-cristaux","14":"product_tag-economiseur-deau","15":"product_tag-luxe","16":"product_tag-pure-fr","17":"product_tag-tableau-fr","18":"pa_colore-blanc-019","19":"pa_colore-noir-021","20":"pa_tema-luxe","21":"pa_tema-pure-fr","23":"first","24":"instock","25":"shipping-taxable","26":"purchasable","27":"product-type-variable","28":"has-default-attributes"},"jetpack_sharing_enabled":true,"_links":{"self":[{"href":"https:\/\/lighthouselocarno.ch\/fr\/wp-json\/wp\/v2\/product\/127834","targetHints":{"allow":["GET"]}}],"collection":[{"href":"https:\/\/lighthouselocarno.ch\/fr\/wp-json\/wp\/v2\/product"}],"about":[{"href":"https:\/\/lighthouselocarno.ch\/fr\/wp-json\/wp\/v2\/types\/product"}],"wp:featuredmedia":[{"embeddable":true,"href":"https:\/\/lighthouselocarno.ch\/fr\/wp-json\/wp\/v2\/media\/108337"}],"wp:attachment":[{"href":"https:\/\/lighthouselocarno.ch\/fr\/wp-json\/wp\/v2\/media?parent=127834"}],"wp:term":[{"taxonomy":"product_brand","embeddable":true,"href":"https:\/\/lighthouselocarno.ch\/fr\/wp-json\/wp\/v2\/product_brand?post=127834"},{"taxonomy":"product_cat","embeddable":true,"href":"https:\/\/lighthouselocarno.ch\/fr\/wp-json\/wp\/v2\/product_cat?post=127834"},{"taxonomy":"product_tag","embeddable":true,"href":"https:\/\/lighthouselocarno.ch\/fr\/wp-json\/wp\/v2\/product_tag?post=127834"}],"curies":[{"name":"wp","href":"https:\/\/api.w.org\/{rel}","templated":true}]}}