{"id":127880,"date":"2022-05-07T18:03:01","date_gmt":"2022-05-07T18:03:01","guid":{"rendered":"https:\/\/lighthouselocarno.ch\/prodotti\/poema-bougie-cylindrique-large-et-basse-avec-dentelle\/"},"modified":"2025-05-23T13:30:04","modified_gmt":"2025-05-23T13:30:04","slug":"bougie-un-cylindre-avec-lace-poeme","status":"publish","type":"product","link":"https:\/\/lighthouselocarno.ch\/fr\/produit\/bougie-un-cylindre-avec-lace-poeme\/","title":{"rendered":"Poema bougie cylindrique large et basse avec dentelle"},"content":{"rendered":"<p>ATTENTION ! Pour votre s\u00e9curit\u00e9 et celle de vos proches, il est fortement recommand\u00e9 de ne JAMAIS laisser de bougies allum\u00e9es sans surveillance et de les conserver sur un support ignifug\u00e9.<\/p>\n<p>Le lacet est en pur coton et au fur et \u00e0 mesure que la bougie s&rsquo;use, il doit \u00eatre repli\u00e9 vers l&rsquo;ext\u00e9rieur de la bougie, sinon il risque de br\u00fbler sous l&rsquo;effet de la chaleur de la flamme !!!<\/p>\n<p>Composition : 85% de paraffine, 15% de st\u00e9arine.<\/p>\n","protected":false},"excerpt":{"rendered":"<p><span data-sheets-value=\"{\"1\":2,\"2\":\"Candela cilindro piccolo largo beige chiaro, decorata con pizzo \"Poema\". \"}\" data-sheets-userformat=\"{\"2\":963,\"3\":{\"1\":0},\"4\":[null,2,16043212],\"9\":1,\"10\":1,\"11\":4,\"12\":0}\">Bougie cylindrique basse et large, coul\u00e9e \u00e0 la main, l\u00e9g\u00e8rement parfum\u00e9e \u00e0 l&rsquo;essence de lin. D\u00e9cor\u00e9e avec de la dentelle Poema. Dimensions 9&#215;9 cm.  <\/span><\/p>\n","protected":false},"featured_media":108565,"template":"","meta":{"_seopress_robots_primary_cat":"","_seopress_titles_title":"","_seopress_titles_desc":"","_seopress_robots_index":""},"product_brand":[8562],"product_cat":[4268,7125,4267,3747,7316],"product_tag":[6132,6431,6432,5983,6053,6174,4823,6078,5845],"class_list":{"0":"post-127880","1":"product","2":"type-product","3":"status-publish","4":"has-post-thumbnail","6":"product_brand-arte-pura","7":"product_cat-bougies","8":"product_cat-bougies-fr","9":"product_cat-bougies-et-parfums","10":"product_cat-decoration-interieure","11":"product_cat-parfums-et-savons","12":"product_tag-accessoires-decoratifs","13":"product_tag-bougies","14":"product_tag-bougies-fr","15":"product_tag-chambre-a-coucher","16":"product_tag-luxe","17":"product_tag-pizzo-poema-fr","18":"product_tag-salle-de-bains","19":"product_tag-salon","20":"product_tag-tableau-fr","21":"pa_colore-beurre-ancien-047","22":"pa_colore-blanc-019","23":"pa_tema-luxe","25":"first","26":"instock","27":"shipping-taxable","28":"purchasable","29":"product-type-variable"},"jetpack_sharing_enabled":true,"_links":{"self":[{"href":"https:\/\/lighthouselocarno.ch\/fr\/wp-json\/wp\/v2\/product\/127880","targetHints":{"allow":["GET"]}}],"collection":[{"href":"https:\/\/lighthouselocarno.ch\/fr\/wp-json\/wp\/v2\/product"}],"about":[{"href":"https:\/\/lighthouselocarno.ch\/fr\/wp-json\/wp\/v2\/types\/product"}],"wp:featuredmedia":[{"embeddable":true,"href":"https:\/\/lighthouselocarno.ch\/fr\/wp-json\/wp\/v2\/media\/108565"}],"wp:attachment":[{"href":"https:\/\/lighthouselocarno.ch\/fr\/wp-json\/wp\/v2\/media?parent=127880"}],"wp:term":[{"taxonomy":"product_brand","embeddable":true,"href":"https:\/\/lighthouselocarno.ch\/fr\/wp-json\/wp\/v2\/product_brand?post=127880"},{"taxonomy":"product_cat","embeddable":true,"href":"https:\/\/lighthouselocarno.ch\/fr\/wp-json\/wp\/v2\/product_cat?post=127880"},{"taxonomy":"product_tag","embeddable":true,"href":"https:\/\/lighthouselocarno.ch\/fr\/wp-json\/wp\/v2\/product_tag?post=127880"}],"curies":[{"name":"wp","href":"https:\/\/api.w.org\/{rel}","templated":true}]}}