{"id":127935,"date":"2022-05-07T18:05:48","date_gmt":"2022-05-07T18:05:48","guid":{"rendered":"https:\/\/lighthouselocarno.ch\/prodotti\/trousse-en-eponge-avec-noeud\/"},"modified":"2025-05-23T13:30:04","modified_gmt":"2025-05-23T13:30:04","slug":"eponge-serviette-avec-bol","status":"publish","type":"product","link":"https:\/\/lighthouselocarno.ch\/fr\/produit\/eponge-serviette-avec-bol\/","title":{"rendered":"Trousse en \u00e9ponge avec n\u0153ud"},"content":{"rendered":"<p>Entretien du produit :<\/p>\n<p>Lavable en machine \u00e0 30-40 degr\u00e9s avec un savon doux. Ne pas ajouter d&rsquo;adoucisseur. Ne pas blanchir.<br \/>\nTous les v\u00eatements Arte Pura sont teints \u00e0 la main avec des pigments min\u00e9raux naturels.<br \/>\nIl est possible qu&rsquo;ils perdent un peu de leur couleur lors des premiers lavages, ce qui donne une teinte vintage propre \u00e0 cette marque.<br \/>\nLorsque vous lavez des v\u00eatements aux couleurs anciennes, je vous recommande vivement d&rsquo;ajouter 1 kg de sel de mer dans la machine \u00e0 laver pendant les 3 \u00e0 4 premiers lavages afin de bien fixer les couleurs.<\/p>\n<p>Tissu : 100 % coton et lin.<\/p>\n","protected":false},"excerpt":{"rendered":"<p><span data-sheets-value=\"{\"1\":2,\"2\":\"Trousse bianca in spugna con fiocco. Misure 30x35 cm. \"}\" data-sheets-userformat=\"{\"2\":963,\"3\":{\"1\":0},\"4\":[null,2,16711935],\"9\":1,\"10\":1,\"11\":4,\"12\":0}\">Trousse en coton \u00e9ponge avec fermeture \u00e0 glissi\u00e8re et n\u0153ud en lin. Dimensions 30&#215;35 cm.<\/span><\/p>\n<p>Utile comme trousse, \u00e9tui ou pour d\u00e9corer votre chambre.<\/p>\n<p>Fabriqu\u00e9 en Italie \u00e0 partir de tissus de haute qualit\u00e9.<\/p>\n","protected":false},"featured_media":108682,"template":"","meta":{"_seopress_robots_primary_cat":"","_seopress_titles_title":"","_seopress_titles_desc":"","_seopress_robots_index":""},"product_brand":[8562],"product_cat":[6122,3747,5321],"product_tag":[6062,6132,5848,6138,5983,6139,4823,6078,4414,6124,5847],"class_list":{"0":"post-127935","1":"product","2":"type-product","3":"status-publish","4":"has-post-thumbnail","6":"product_brand-arte-pura","7":"product_cat-accessoires","8":"product_cat-decoration-interieure","9":"product_cat-trousses","10":"product_tag-accessoires","11":"product_tag-accessoires-decoratifs","12":"product_tag-blanc","13":"product_tag-cas","14":"product_tag-chambre-a-coucher","15":"product_tag-porte-maquillage","16":"product_tag-salle-de-bains","17":"product_tag-salon","18":"product_tag-titulaire","19":"product_tag-trousse-fr","20":"product_tag-vagues","21":"pa_colore-blanc-019","22":"pa_colore-pivoine-vieille-417","23":"pa_colore-vita-old-433-fr","24":"pa_tema-blanc","25":"pa_tema-vagues","27":"first","28":"instock","29":"shipping-taxable","30":"purchasable","31":"product-type-variable","32":"has-default-attributes"},"jetpack_sharing_enabled":true,"_links":{"self":[{"href":"https:\/\/lighthouselocarno.ch\/fr\/wp-json\/wp\/v2\/product\/127935","targetHints":{"allow":["GET"]}}],"collection":[{"href":"https:\/\/lighthouselocarno.ch\/fr\/wp-json\/wp\/v2\/product"}],"about":[{"href":"https:\/\/lighthouselocarno.ch\/fr\/wp-json\/wp\/v2\/types\/product"}],"wp:featuredmedia":[{"embeddable":true,"href":"https:\/\/lighthouselocarno.ch\/fr\/wp-json\/wp\/v2\/media\/108682"}],"wp:attachment":[{"href":"https:\/\/lighthouselocarno.ch\/fr\/wp-json\/wp\/v2\/media?parent=127935"}],"wp:term":[{"taxonomy":"product_brand","embeddable":true,"href":"https:\/\/lighthouselocarno.ch\/fr\/wp-json\/wp\/v2\/product_brand?post=127935"},{"taxonomy":"product_cat","embeddable":true,"href":"https:\/\/lighthouselocarno.ch\/fr\/wp-json\/wp\/v2\/product_cat?post=127935"},{"taxonomy":"product_tag","embeddable":true,"href":"https:\/\/lighthouselocarno.ch\/fr\/wp-json\/wp\/v2\/product_tag?post=127935"}],"curies":[{"name":"wp","href":"https:\/\/api.w.org\/{rel}","templated":true}]}}