{"id":128211,"date":"2022-05-07T19:15:51","date_gmt":"2022-05-07T19:15:51","guid":{"rendered":"https:\/\/lighthouselocarno.ch\/prodotti\/grand-support-en-toile-unie\/"},"modified":"2025-05-23T13:12:40","modified_gmt":"2025-05-23T13:12:40","slug":"porte-big-simple-in-canvas","status":"publish","type":"product","link":"https:\/\/lighthouselocarno.ch\/fr\/produit\/porte-big-simple-in-canvas\/","title":{"rendered":"Grand support en toile unie"},"content":{"rendered":"<p>Entretien du produit :<\/p>\n<p>Lavable en machine \u00e0 30-40 degr\u00e9s avec un savon doux. Ne pas ajouter d&rsquo;adoucisseur. Ne pas blanchir.<br \/>\nTous les v\u00eatements Arte Pura sont teints \u00e0 la main avec des pigments min\u00e9raux naturels.<br \/>\nIl est possible qu&rsquo;ils perdent un peu de leur couleur lors des premiers lavages, ce qui donne une teinte vintage propre \u00e0 cette marque.<br \/>\nLorsque vous lavez des v\u00eatements aux couleurs anciennes, je vous recommande vivement d&rsquo;ajouter 1 kg de sel de mer dans la machine \u00e0 laver pendant les 3 \u00e0 4 premiers lavages afin de bien fixer les couleurs.<\/p>\n<p>Tissu : toile 100% coton<\/p>\n","protected":false},"excerpt":{"rendered":"<p>Grand \u00e9tui en toile de coton durcie.  <span data-sheets-value=\"{\"1\":2,\"2\":\"Portaoggetti turchese piccolo in canvas doppiato con tulle ricamato. Inserto circolare logo Arte Pura sul fondo. Trattamento indurente. Misure 12x10 cm.\"}\" data-sheets-userformat=\"{\"2\":971,\"3\":{\"1\":0},\"4\":[null,2,65280],\"6\":{\"1\":[{\"1\":2,\"2\":0,\"5\":[null,2,0]},{\"1\":0,\"2\":0,\"3\":3},{\"1\":1,\"2\":0,\"4\":2}]},\"9\":1,\"10\":1,\"11\":3,\"12\":0}\">En bas, insert avec logo Arte Pura brod\u00e9. Diam\u00e8tre 25 cm Hauteur 35 cm<\/span><\/p>\n<p>Fabriqu\u00e9 en Italie \u00e0 partir de coton de haute qualit\u00e9 et rendu mall\u00e9able au toucher par des traitements sp\u00e9ciaux.<\/p>\n<p>Ce tissu est id\u00e9al parce qu&rsquo;il est hypoallerg\u00e9nique et antibact\u00e9rien, en plus de l&rsquo;utilisation de teintures naturelles et non allerg\u00e8nes qui donnent \u00e0 la fibre naturelle de l&rsquo;\u00e9clat et de la vivacit\u00e9.<\/p>\n<p>La longue dur\u00e9e de vie et la facilit\u00e9 d&rsquo;entretien ajoutent \u00e0 votre choix.<\/p>\n<p>D\u00e9corez vos pi\u00e8ces en ajoutant une touche d&rsquo;originalit\u00e9 \u00e0 votre d\u00e9cor. Vous pouvez l&rsquo;utiliser dans toutes les pi\u00e8ces de votre maison ou de votre bureau, de la salle de bain \u00e0 la table ou comme vide-poche pratique.<\/p>\n<p>Veuillez vous r\u00e9f\u00e9rer \u00e0 la section \u00abEntretien du produit\u00bb pour toutes les instructions de lavage.<\/p>\n","protected":false},"featured_media":111259,"template":"","meta":{"_seopress_robots_primary_cat":"","_seopress_titles_title":"","_seopress_titles_desc":"","_seopress_robots_index":""},"product_brand":[8562],"product_cat":[6122,3747,7314,3883],"product_tag":[6062,6132,5983,6053,4823,6078,5845,4414],"class_list":{"0":"post-128211","1":"product","2":"type-product","3":"status-publish","4":"has-post-thumbnail","6":"product_brand-arte-pura","7":"product_cat-accessoires","8":"product_cat-decoration-interieure","9":"product_cat-porte-objets","10":"product_cat-salle-de-bains","11":"product_tag-accessoires","12":"product_tag-accessoires-decoratifs","13":"product_tag-chambre-a-coucher","14":"product_tag-luxe","15":"product_tag-salle-de-bains","16":"product_tag-salon","17":"product_tag-tableau-fr","18":"product_tag-titulaire","19":"pa_colore-beurre-ancien-047","20":"pa_tema-luxe","21":"pa_tema-romantique","23":"first","24":"instock","25":"shipping-taxable","26":"purchasable","27":"product-type-variable","28":"has-default-attributes"},"jetpack_sharing_enabled":true,"_links":{"self":[{"href":"https:\/\/lighthouselocarno.ch\/fr\/wp-json\/wp\/v2\/product\/128211","targetHints":{"allow":["GET"]}}],"collection":[{"href":"https:\/\/lighthouselocarno.ch\/fr\/wp-json\/wp\/v2\/product"}],"about":[{"href":"https:\/\/lighthouselocarno.ch\/fr\/wp-json\/wp\/v2\/types\/product"}],"wp:featuredmedia":[{"embeddable":true,"href":"https:\/\/lighthouselocarno.ch\/fr\/wp-json\/wp\/v2\/media\/111259"}],"wp:attachment":[{"href":"https:\/\/lighthouselocarno.ch\/fr\/wp-json\/wp\/v2\/media?parent=128211"}],"wp:term":[{"taxonomy":"product_brand","embeddable":true,"href":"https:\/\/lighthouselocarno.ch\/fr\/wp-json\/wp\/v2\/product_brand?post=128211"},{"taxonomy":"product_cat","embeddable":true,"href":"https:\/\/lighthouselocarno.ch\/fr\/wp-json\/wp\/v2\/product_cat?post=128211"},{"taxonomy":"product_tag","embeddable":true,"href":"https:\/\/lighthouselocarno.ch\/fr\/wp-json\/wp\/v2\/product_tag?post=128211"}],"curies":[{"name":"wp","href":"https:\/\/api.w.org\/{rel}","templated":true}]}}