{"id":128615,"date":"2024-07-07T19:43:18","date_gmt":"2024-07-07T19:43:18","guid":{"rendered":"https:\/\/lighthouselocarno.ch\/prodotti\/nappe-en-lin-140x200cm-avec-dentelle-farnese\/"},"modified":"2025-05-23T12:52:24","modified_gmt":"2025-05-23T12:52:24","slug":"nappe-140x200cm-en-linen-avec-lace-farnese","status":"publish","type":"product","link":"https:\/\/lighthouselocarno.ch\/fr\/produit\/nappe-140x200cm-en-linen-avec-lace-farnese\/","title":{"rendered":"Nappe en lin 140x200cm avec dentelle Farnese"},"content":{"rendered":"<p>Entretien du produit :<\/p>\n<p>Lavable en machine \u00e0 30-40 degr\u00e9s avec un savon doux. Ne pas ajouter d&rsquo;adoucisseur. <\/p>\n<p>Ne pas blanchir. Tous les v\u00eatements Arte Pura sont teints \u00e0 la main avec des pigments min\u00e9raux naturels. Il est possible qu&rsquo;au cours des premiers lavages ils perdent un peu de leur couleur, donnant une teinte vintage unique \u00e0 cette marque. Lorsque vous lavez des v\u00eatements avec des couleurs anciennes, je recommande fortement d&rsquo;ajouter 1kg de sel de mer dans la machine \u00e0 laver pour les 3-4 premiers lavages afin de bien fixer les couleurs.<\/p>\n<p>Tissu : 100% lin.<\/p>\n","protected":false},"excerpt":{"rendered":"<p>Nappe rectangulaire en lin \u00e9pais avec dentelle &lsquo;Farnese&rsquo;. Dimensions 140x200cm.<\/p>\n<p>Nappe fabriqu\u00e9e en Italie, compos\u00e9e \u00e0 100 % de lin de haute qualit\u00e9 et rendue douce au toucher par des traitements sp\u00e9ciaux qui renforcent l&rsquo;aspect naturel. Un tissu id\u00e9al pour la table car il est hypoallerg\u00e9nique et antibact\u00e9rien, en plus de l&rsquo;utilisation de colorants naturels et hypoallerg\u00e9niques qui donnent de l&rsquo;\u00e9clat et de la verve \u00e0 la fibre naturelle. La longue dur\u00e9e de vie et la facilit\u00e9 d&rsquo;entretien ajoutent \u00e0 votre choix. Id\u00e9al pour embellir votre mise en place : seul ou associ\u00e9 \u00e0 des chemins de table et des serviettes, pour cr\u00e9er des combinaisons originales \u00e0 chaque fois. Veuillez vous r\u00e9f\u00e9rer \u00e0 la section \u00abEntretien du produit\u00bb pour toutes les instructions de lavage.<\/p>\n","protected":false},"featured_media":112240,"template":"","meta":{"_seopress_robots_primary_cat":"none","_seopress_titles_title":"140x200cm nappe en lin avec dentelle","_seopress_titles_desc":"Nappe en lin 140x200cm avec dentelle et broderie. Fabriqu\u00e9 \u00e0 la main en Italie. Accessoires d'ameublement de luxe. Dresser la table avec style et \u00e9l\u00e9gance.","_seopress_robots_index":""},"product_brand":[8562],"product_cat":[3747,3757,5978],"product_tag":[6187,3972,6053,6001,6220,5845],"class_list":{"0":"post-128615","1":"product","2":"type-product","3":"status-publish","4":"has-post-thumbnail","6":"product_brand-arte-pura","7":"product_cat-decoration-interieure","8":"product_cat-table-fr","9":"product_cat-nappes","10":"product_tag-140x200-fr","11":"product_tag-lino-fr","12":"product_tag-luxe","13":"product_tag-nappes","14":"product_tag-pizzo-farnese-fr","15":"product_tag-tableau-fr","16":"pa_colore-beurre-ancien-047","17":"pa_tema-luxe","19":"first","20":"instock","21":"shipping-taxable","22":"purchasable","23":"product-type-variable","24":"has-default-attributes"},"jetpack_sharing_enabled":true,"_links":{"self":[{"href":"https:\/\/lighthouselocarno.ch\/fr\/wp-json\/wp\/v2\/product\/128615","targetHints":{"allow":["GET"]}}],"collection":[{"href":"https:\/\/lighthouselocarno.ch\/fr\/wp-json\/wp\/v2\/product"}],"about":[{"href":"https:\/\/lighthouselocarno.ch\/fr\/wp-json\/wp\/v2\/types\/product"}],"wp:featuredmedia":[{"embeddable":true,"href":"https:\/\/lighthouselocarno.ch\/fr\/wp-json\/wp\/v2\/media\/112240"}],"wp:attachment":[{"href":"https:\/\/lighthouselocarno.ch\/fr\/wp-json\/wp\/v2\/media?parent=128615"}],"wp:term":[{"taxonomy":"product_brand","embeddable":true,"href":"https:\/\/lighthouselocarno.ch\/fr\/wp-json\/wp\/v2\/product_brand?post=128615"},{"taxonomy":"product_cat","embeddable":true,"href":"https:\/\/lighthouselocarno.ch\/fr\/wp-json\/wp\/v2\/product_cat?post=128615"},{"taxonomy":"product_tag","embeddable":true,"href":"https:\/\/lighthouselocarno.ch\/fr\/wp-json\/wp\/v2\/product_tag?post=128615"}],"curies":[{"name":"wp","href":"https:\/\/api.w.org\/{rel}","templated":true}]}}