{"id":128751,"date":"2022-09-25T09:46:41","date_gmt":"2022-09-25T09:46:41","guid":{"rendered":"https:\/\/lighthouselocarno.ch\/prodotti\/ours-a-bascule\/"},"modified":"2022-09-25T09:46:41","modified_gmt":"2022-09-25T09:46:41","slug":"ours-a-bascule","status":"publish","type":"product","link":"https:\/\/lighthouselocarno.ch\/fr\/produit\/ours-a-bascule\/","title":{"rendered":"Ours \u00e0 bascule"},"content":{"rendered":"","protected":false},"excerpt":{"rendered":"<p>Ours blanc \u00e0 bascule. Mati\u00e8re fourrure \u00e9cologique douce 100% polyester poign\u00e9es et patins en bois naturel. Dimensions 60x30x60 cm poids 3,4 kg<\/p>\n","protected":false},"featured_media":113071,"template":"","meta":{"_seopress_robots_primary_cat":"2549","_seopress_titles_title":"","_seopress_titles_desc":"","_seopress_robots_index":""},"product_brand":[],"product_cat":[5935,3747,4040,4109],"product_tag":[6587,6578,6580,6582],"class_list":{"0":"post-128751","1":"product","2":"type-product","3":"status-publish","4":"has-post-thumbnail","6":"product_cat-actualites","7":"product_cat-decoration-interieure","8":"product_cat-decorations-fr","9":"product_cat-mobilier","10":"product_tag-ours-a-bascule-fr-3","11":"product_tag-ours-a-bascule-fr","12":"product_tag-ours-a-bascule-fr-2","13":"product_tag-schaukelbar-fr","15":"first","16":"outofstock","17":"shipping-taxable","18":"purchasable","19":"product-type-simple"},"jetpack_sharing_enabled":true,"_links":{"self":[{"href":"https:\/\/lighthouselocarno.ch\/fr\/wp-json\/wp\/v2\/product\/128751","targetHints":{"allow":["GET"]}}],"collection":[{"href":"https:\/\/lighthouselocarno.ch\/fr\/wp-json\/wp\/v2\/product"}],"about":[{"href":"https:\/\/lighthouselocarno.ch\/fr\/wp-json\/wp\/v2\/types\/product"}],"wp:featuredmedia":[{"embeddable":true,"href":"https:\/\/lighthouselocarno.ch\/fr\/wp-json\/wp\/v2\/media\/113071"}],"wp:attachment":[{"href":"https:\/\/lighthouselocarno.ch\/fr\/wp-json\/wp\/v2\/media?parent=128751"}],"wp:term":[{"taxonomy":"product_brand","embeddable":true,"href":"https:\/\/lighthouselocarno.ch\/fr\/wp-json\/wp\/v2\/product_brand?post=128751"},{"taxonomy":"product_cat","embeddable":true,"href":"https:\/\/lighthouselocarno.ch\/fr\/wp-json\/wp\/v2\/product_cat?post=128751"},{"taxonomy":"product_tag","embeddable":true,"href":"https:\/\/lighthouselocarno.ch\/fr\/wp-json\/wp\/v2\/product_tag?post=128751"}],"curies":[{"name":"wp","href":"https:\/\/api.w.org\/{rel}","templated":true}]}}