{"id":128783,"date":"2022-09-25T09:38:06","date_gmt":"2022-09-25T09:38:06","guid":{"rendered":"https:\/\/lighthouselocarno.ch\/prodotti\/manteau-de-miel\/"},"modified":"2025-02-17T00:55:56","modified_gmt":"2025-02-17T00:55:56","slug":"manteau-miel","status":"publish","type":"product","link":"https:\/\/lighthouselocarno.ch\/fr\/produit\/manteau-miel\/","title":{"rendered":"Manteau de miel"},"content":{"rendered":"<p>Nettoyage \u00e0 sec. Fabriqu\u00e9 en. Italie.<\/p>\n","protected":false},"excerpt":{"rendered":"<p>\u00c9l\u00e9gant manteau court pour femme en haute couture, coupe brute. Deux poches. Boutonn\u00e9 avec trois boutons. 100% polyester. Couleur Miel.<\/p>\n","protected":false},"featured_media":113524,"template":"","meta":{"_seopress_robots_primary_cat":"2544","_seopress_titles_title":"","_seopress_titles_desc":"","_seopress_robots_index":""},"product_brand":[],"product_cat":[5935,5553,3780,3766],"product_tag":[6626,6639,6621,6633],"class_list":{"0":"post-128783","1":"product","2":"type-product","3":"status-publish","4":"has-post-thumbnail","6":"product_cat-actualites","7":"product_cat-manteaux-et-vestes","8":"product_cat-mode-femme","9":"product_cat-vetements","10":"product_tag-manque-a-gagner-pour-les-femmes","11":"product_tag-manteau-court-haute-couture-pour-femmes","12":"product_tag-manteau-femme-fr","13":"product_tag-manteau-femme-fr-2","15":"first","16":"instock","17":"shipping-taxable","18":"purchasable","19":"product-type-variable","20":"has-default-attributes"},"jetpack_sharing_enabled":true,"_links":{"self":[{"href":"https:\/\/lighthouselocarno.ch\/fr\/wp-json\/wp\/v2\/product\/128783","targetHints":{"allow":["GET"]}}],"collection":[{"href":"https:\/\/lighthouselocarno.ch\/fr\/wp-json\/wp\/v2\/product"}],"about":[{"href":"https:\/\/lighthouselocarno.ch\/fr\/wp-json\/wp\/v2\/types\/product"}],"wp:featuredmedia":[{"embeddable":true,"href":"https:\/\/lighthouselocarno.ch\/fr\/wp-json\/wp\/v2\/media\/113524"}],"wp:attachment":[{"href":"https:\/\/lighthouselocarno.ch\/fr\/wp-json\/wp\/v2\/media?parent=128783"}],"wp:term":[{"taxonomy":"product_brand","embeddable":true,"href":"https:\/\/lighthouselocarno.ch\/fr\/wp-json\/wp\/v2\/product_brand?post=128783"},{"taxonomy":"product_cat","embeddable":true,"href":"https:\/\/lighthouselocarno.ch\/fr\/wp-json\/wp\/v2\/product_cat?post=128783"},{"taxonomy":"product_tag","embeddable":true,"href":"https:\/\/lighthouselocarno.ch\/fr\/wp-json\/wp\/v2\/product_tag?post=128783"}],"curies":[{"name":"wp","href":"https:\/\/api.w.org\/{rel}","templated":true}]}}