{"id":128785,"date":"2022-06-13T07:48:03","date_gmt":"2022-06-13T07:48:03","guid":{"rendered":"https:\/\/lighthouselocarno.ch\/prodotti\/robe-sarong\/"},"modified":"2024-07-16T13:12:06","modified_gmt":"2024-07-16T13:12:06","slug":"tests","status":"publish","type":"product","link":"https:\/\/lighthouselocarno.ch\/fr\/produit\/tests\/","title":{"rendered":"Robe sarong"},"content":{"rendered":"<p>Laver \u00e0 la main avec un savon doux ou en machine avec un programme doux \u00e0 30 degr\u00e9s.<\/p>\n<p>Repasser \u00e0 chaleur mod\u00e9r\u00e9e ou selon les instructions figurant sur l&rsquo;\u00e9tiquette.<\/p>\n","protected":false},"excerpt":{"rendered":"<p>Une belle <strong>robe<\/strong> <strong>\u00e0 pinces<\/strong> avec une ceinture \u00e0 n\u0153uds sur le c\u00f4t\u00e9 gauche. Fabriqu\u00e9 en Espagne. Ce <strong>v\u00eatement<\/strong> est produit avec des <strong>mat\u00e9riaux<\/strong> et des proc\u00e9d\u00e9s de fabrication 100 % <strong>durables<\/strong>, dans le respect de la nature.<\/p>\n<p>Disponible dans le coloris Kakhi : 40% lin, 60% lyocell<\/p>\n","protected":false},"featured_media":112576,"template":"","meta":{"_seopress_robots_primary_cat":"3194","_seopress_titles_title":"","_seopress_titles_desc":"","_seopress_robots_index":""},"product_brand":[],"product_cat":[3780,3773,3756,3766],"product_tag":[5491,4046,4484,4482,3809,6629,5493,5494],"class_list":{"0":"post-128785","1":"product","2":"type-product","3":"status-publish","4":"has-post-thumbnail","6":"product_cat-mode-femme","7":"product_cat-robes","8":"product_cat-vente","9":"product_cat-vetements","10":"product_tag-leinenkleid-fr","11":"product_tag-robe-fr","12":"product_tag-robe-fr-2","13":"product_tag-robe-a-pinces","14":"product_tag-robe-en-lin-fr","15":"product_tag-robe-en-lin-fr-4","16":"product_tag-robe-en-lin-fr-3","17":"product_tag-robe-linge","18":"pa_colori-kakhi-fr","20":"first","21":"instock","22":"sale","23":"shipping-taxable","24":"purchasable","25":"product-type-variable","26":"has-default-attributes"},"jetpack_sharing_enabled":true,"_links":{"self":[{"href":"https:\/\/lighthouselocarno.ch\/fr\/wp-json\/wp\/v2\/product\/128785","targetHints":{"allow":["GET"]}}],"collection":[{"href":"https:\/\/lighthouselocarno.ch\/fr\/wp-json\/wp\/v2\/product"}],"about":[{"href":"https:\/\/lighthouselocarno.ch\/fr\/wp-json\/wp\/v2\/types\/product"}],"wp:featuredmedia":[{"embeddable":true,"href":"https:\/\/lighthouselocarno.ch\/fr\/wp-json\/wp\/v2\/media\/112576"}],"wp:attachment":[{"href":"https:\/\/lighthouselocarno.ch\/fr\/wp-json\/wp\/v2\/media?parent=128785"}],"wp:term":[{"taxonomy":"product_brand","embeddable":true,"href":"https:\/\/lighthouselocarno.ch\/fr\/wp-json\/wp\/v2\/product_brand?post=128785"},{"taxonomy":"product_cat","embeddable":true,"href":"https:\/\/lighthouselocarno.ch\/fr\/wp-json\/wp\/v2\/product_cat?post=128785"},{"taxonomy":"product_tag","embeddable":true,"href":"https:\/\/lighthouselocarno.ch\/fr\/wp-json\/wp\/v2\/product_tag?post=128785"}],"curies":[{"name":"wp","href":"https:\/\/api.w.org\/{rel}","templated":true}]}}