{"id":128788,"date":"2022-10-08T09:59:57","date_gmt":"2022-10-08T09:59:57","guid":{"rendered":"https:\/\/lighthouselocarno.ch\/prodotti\/coussin-a-paillettes-dor\/"},"modified":"2024-12-29T07:47:56","modified_gmt":"2024-12-29T07:47:56","slug":"coussin-avec-paillettes-or","status":"publish","type":"product","link":"https:\/\/lighthouselocarno.ch\/fr\/produit\/coussin-avec-paillettes-or\/","title":{"rendered":"Coussin \u00e0 paillettes d&rsquo;or"},"content":{"rendered":"<p>Nettoyage \u00e0 sec.<\/p>\n","protected":false},"excerpt":{"rendered":"<p>Coussin d\u00e9coratif avec paillettes dor\u00e9es. Meublez votre maison avec style et originalit\u00e9.<\/p>\n","protected":false},"featured_media":113152,"template":"","meta":{"_seopress_robots_primary_cat":"2549","_seopress_titles_title":"","_seopress_titles_desc":"","_seopress_robots_index":""},"product_brand":[],"product_cat":[5935,6588,3747,4040,5969],"product_tag":[6619,6597,6604,6612],"class_list":{"0":"post-128788","1":"product","2":"type-product","3":"status-publish","4":"has-post-thumbnail","6":"product_cat-actualites","7":"product_cat-coussins","8":"product_cat-decoration-interieure","9":"product_cat-decorations-fr","10":"product_cat-le-lit","11":"product_tag-coussin-decoratif","12":"product_tag-kissen-dekoratives","13":"product_tag-oreiller-decoratif-fr","14":"product_tag-oreiller-decoratif-fr-2","16":"first","17":"outofstock","18":"shipping-taxable","19":"purchasable","20":"product-type-simple"},"jetpack_sharing_enabled":true,"_links":{"self":[{"href":"https:\/\/lighthouselocarno.ch\/fr\/wp-json\/wp\/v2\/product\/128788","targetHints":{"allow":["GET"]}}],"collection":[{"href":"https:\/\/lighthouselocarno.ch\/fr\/wp-json\/wp\/v2\/product"}],"about":[{"href":"https:\/\/lighthouselocarno.ch\/fr\/wp-json\/wp\/v2\/types\/product"}],"wp:featuredmedia":[{"embeddable":true,"href":"https:\/\/lighthouselocarno.ch\/fr\/wp-json\/wp\/v2\/media\/113152"}],"wp:attachment":[{"href":"https:\/\/lighthouselocarno.ch\/fr\/wp-json\/wp\/v2\/media?parent=128788"}],"wp:term":[{"taxonomy":"product_brand","embeddable":true,"href":"https:\/\/lighthouselocarno.ch\/fr\/wp-json\/wp\/v2\/product_brand?post=128788"},{"taxonomy":"product_cat","embeddable":true,"href":"https:\/\/lighthouselocarno.ch\/fr\/wp-json\/wp\/v2\/product_cat?post=128788"},{"taxonomy":"product_tag","embeddable":true,"href":"https:\/\/lighthouselocarno.ch\/fr\/wp-json\/wp\/v2\/product_tag?post=128788"}],"curies":[{"name":"wp","href":"https:\/\/api.w.org\/{rel}","templated":true}]}}