{"id":128789,"date":"2022-10-08T09:05:39","date_gmt":"2022-10-08T09:05:39","guid":{"rendered":"https:\/\/lighthouselocarno.ch\/prodotti\/porte-t-light-verre-or\/"},"modified":"2025-08-18T11:55:25","modified_gmt":"2025-08-18T11:55:25","slug":"porta-t-light-glass-gold","status":"publish","type":"product","link":"https:\/\/lighthouselocarno.ch\/fr\/produit\/porta-t-light-glass-gold\/","title":{"rendered":"Porte t-light verre or"},"content":{"rendered":"<p>Lavage \u00e0 la main. Tenir hors de port\u00e9e des enfants. Ne laissez pas les bougies sans surveillance.<\/p>\n","protected":false},"excerpt":{"rendered":"<p>Bougie \u00e9l\u00e9gante. Verre avec d\u00e9coration dor\u00e9e.<\/p>\n","protected":false},"featured_media":112924,"template":"","meta":{"_seopress_robots_primary_cat":"2549","_seopress_titles_title":"","_seopress_titles_desc":"","_seopress_robots_index":""},"product_brand":[],"product_cat":[5935,3747,4040,3756],"product_tag":[6642,6632,6638,5255],"class_list":{"0":"post-128789","1":"product","2":"type-product","3":"status-publish","4":"has-post-thumbnail","6":"product_cat-actualites","7":"product_cat-decoration-interieure","8":"product_cat-decorations-fr","9":"product_cat-vente","10":"product_tag-bougeoir-fr-2","11":"product_tag-bougeoir-fr","12":"product_tag-kerzenhalter-fr","13":"product_tag-porte-bougies","15":"first","16":"instock","17":"sale","18":"shipping-taxable","19":"purchasable","20":"product-type-variable"},"jetpack_sharing_enabled":true,"_links":{"self":[{"href":"https:\/\/lighthouselocarno.ch\/fr\/wp-json\/wp\/v2\/product\/128789","targetHints":{"allow":["GET"]}}],"collection":[{"href":"https:\/\/lighthouselocarno.ch\/fr\/wp-json\/wp\/v2\/product"}],"about":[{"href":"https:\/\/lighthouselocarno.ch\/fr\/wp-json\/wp\/v2\/types\/product"}],"wp:featuredmedia":[{"embeddable":true,"href":"https:\/\/lighthouselocarno.ch\/fr\/wp-json\/wp\/v2\/media\/112924"}],"wp:attachment":[{"href":"https:\/\/lighthouselocarno.ch\/fr\/wp-json\/wp\/v2\/media?parent=128789"}],"wp:term":[{"taxonomy":"product_brand","embeddable":true,"href":"https:\/\/lighthouselocarno.ch\/fr\/wp-json\/wp\/v2\/product_brand?post=128789"},{"taxonomy":"product_cat","embeddable":true,"href":"https:\/\/lighthouselocarno.ch\/fr\/wp-json\/wp\/v2\/product_cat?post=128789"},{"taxonomy":"product_tag","embeddable":true,"href":"https:\/\/lighthouselocarno.ch\/fr\/wp-json\/wp\/v2\/product_tag?post=128789"}],"curies":[{"name":"wp","href":"https:\/\/api.w.org\/{rel}","templated":true}]}}