{"id":128815,"date":"2022-10-08T10:45:18","date_gmt":"2022-10-08T10:45:18","guid":{"rendered":"https:\/\/lighthouselocarno.ch\/prodotti\/bougeoir-a-feuilles-dor\/"},"modified":"2023-09-14T13:17:26","modified_gmt":"2023-09-14T13:17:26","slug":"bougeoir-feuille-or","status":"publish","type":"product","link":"https:\/\/lighthouselocarno.ch\/fr\/produit\/bougeoir-feuille-or\/","title":{"rendered":"Bougeoir \u00e0 feuilles d&rsquo;or"},"content":{"rendered":"<p>Utilisation en int\u00e9rieur. Laver avec un chiffon doux et l\u00e9g\u00e8rement humide. Ne laissez pas les bougies sans surveillance. Tenir hors de port\u00e9e des enfants.<\/p>\n","protected":false},"excerpt":{"rendered":"<p>Magnifique bougeoir en forme de feuille d&rsquo;or. Disponible en deux tailles. Meublez et illuminez les pi\u00e8ces de votre maison avec sophistication et raffinement.<\/p>\n","protected":false},"featured_media":113056,"template":"","meta":{"_seopress_robots_primary_cat":"3027","_seopress_titles_title":"","_seopress_titles_desc":"","_seopress_robots_index":""},"product_brand":[],"product_cat":[4268,7140,3747],"product_tag":[6646,6651,6662,6656],"class_list":{"0":"post-128815","1":"product","2":"type-product","3":"status-publish","4":"has-post-thumbnail","6":"product_cat-bougies","7":"product_cat-chandelier","8":"product_cat-decoration-interieure","9":"product_tag-bougeoir-a-feuilles-dor","10":"product_tag-bougeoir-a-feuilles-dor-fr","11":"product_tag-bougeoir-feuille-dor-fr","12":"product_tag-porte-crayon-en-or-jaune","14":"first","15":"instock","16":"shipping-taxable","17":"purchasable","18":"product-type-variable","19":"has-default-attributes"},"jetpack_sharing_enabled":true,"_links":{"self":[{"href":"https:\/\/lighthouselocarno.ch\/fr\/wp-json\/wp\/v2\/product\/128815","targetHints":{"allow":["GET"]}}],"collection":[{"href":"https:\/\/lighthouselocarno.ch\/fr\/wp-json\/wp\/v2\/product"}],"about":[{"href":"https:\/\/lighthouselocarno.ch\/fr\/wp-json\/wp\/v2\/types\/product"}],"wp:featuredmedia":[{"embeddable":true,"href":"https:\/\/lighthouselocarno.ch\/fr\/wp-json\/wp\/v2\/media\/113056"}],"wp:attachment":[{"href":"https:\/\/lighthouselocarno.ch\/fr\/wp-json\/wp\/v2\/media?parent=128815"}],"wp:term":[{"taxonomy":"product_brand","embeddable":true,"href":"https:\/\/lighthouselocarno.ch\/fr\/wp-json\/wp\/v2\/product_brand?post=128815"},{"taxonomy":"product_cat","embeddable":true,"href":"https:\/\/lighthouselocarno.ch\/fr\/wp-json\/wp\/v2\/product_cat?post=128815"},{"taxonomy":"product_tag","embeddable":true,"href":"https:\/\/lighthouselocarno.ch\/fr\/wp-json\/wp\/v2\/product_tag?post=128815"}],"curies":[{"name":"wp","href":"https:\/\/api.w.org\/{rel}","templated":true}]}}