{"id":128826,"date":"2022-09-25T08:54:52","date_gmt":"2022-09-25T08:54:52","guid":{"rendered":"https:\/\/lighthouselocarno.ch\/prodotti\/oreiller-en-velours-et-plumes-de-bordeaux\/"},"modified":"2022-09-25T08:54:52","modified_gmt":"2022-09-25T08:54:52","slug":"oreiller-velours-et-plume-bordeaux","status":"publish","type":"product","link":"https:\/\/lighthouselocarno.ch\/fr\/produit\/oreiller-velours-et-plume-bordeaux\/","title":{"rendered":"Oreiller en velours et plumes de Bordeaux"},"content":{"rendered":"<p>Y compris le rembourrage. Housse de coussin amovible. Nettoyage \u00e0 sec. 45&#215;45 cm 100% polyester  <\/p>\n","protected":false},"excerpt":{"rendered":"<p>Pr\u00e9cieux et \u00e9l\u00e9gant coussin d\u00e9coratif en velours bordeaux avec plumes ton sur ton. Meublez votre maison avec style et sophistication. Taille 45x45x13 cm 100% Polyester  <\/p>\n","protected":false},"featured_media":113140,"template":"","meta":{"_seopress_robots_primary_cat":"2549","_seopress_titles_title":"","_seopress_titles_desc":"","_seopress_robots_index":""},"product_brand":[],"product_cat":[5935,3747,4040],"product_tag":[6640,6597,6604,6612],"class_list":{"0":"post-128826","1":"product","2":"type-product","3":"status-publish","4":"has-post-thumbnail","6":"product_cat-actualites","7":"product_cat-decoration-interieure","8":"product_cat-decorations-fr","9":"product_tag-coussin-decoratif-en-velours-et-plumes","10":"product_tag-kissen-dekoratives","11":"product_tag-oreiller-decoratif-fr","12":"product_tag-oreiller-decoratif-fr-2","14":"first","15":"instock","16":"shipping-taxable","17":"purchasable","18":"product-type-simple"},"jetpack_sharing_enabled":true,"_links":{"self":[{"href":"https:\/\/lighthouselocarno.ch\/fr\/wp-json\/wp\/v2\/product\/128826","targetHints":{"allow":["GET"]}}],"collection":[{"href":"https:\/\/lighthouselocarno.ch\/fr\/wp-json\/wp\/v2\/product"}],"about":[{"href":"https:\/\/lighthouselocarno.ch\/fr\/wp-json\/wp\/v2\/types\/product"}],"wp:featuredmedia":[{"embeddable":true,"href":"https:\/\/lighthouselocarno.ch\/fr\/wp-json\/wp\/v2\/media\/113140"}],"wp:attachment":[{"href":"https:\/\/lighthouselocarno.ch\/fr\/wp-json\/wp\/v2\/media?parent=128826"}],"wp:term":[{"taxonomy":"product_brand","embeddable":true,"href":"https:\/\/lighthouselocarno.ch\/fr\/wp-json\/wp\/v2\/product_brand?post=128826"},{"taxonomy":"product_cat","embeddable":true,"href":"https:\/\/lighthouselocarno.ch\/fr\/wp-json\/wp\/v2\/product_cat?post=128826"},{"taxonomy":"product_tag","embeddable":true,"href":"https:\/\/lighthouselocarno.ch\/fr\/wp-json\/wp\/v2\/product_tag?post=128826"}],"curies":[{"name":"wp","href":"https:\/\/api.w.org\/{rel}","templated":true}]}}