{"id":128831,"date":"2022-10-08T10:12:01","date_gmt":"2022-10-08T10:12:01","guid":{"rendered":"https:\/\/lighthouselocarno.ch\/prodotti\/cygne-decoratif\/"},"modified":"2023-08-18T10:19:44","modified_gmt":"2023-08-18T10:19:44","slug":"cygne-decoratif","status":"publish","type":"product","link":"https:\/\/lighthouselocarno.ch\/fr\/produit\/cygne-decoratif\/","title":{"rendered":"Cygne d\u00e9coratif"},"content":{"rendered":"<p>D\u00e9coration int\u00e9rieure. Ne pas conserver \u00e0 proximit\u00e9 de sources de chaleur.<\/p>\n","protected":false},"excerpt":{"rendered":"<p>Pr\u00e9cieuse paire de cygnes d\u00e9coratifs avec de vraies plumes et perles. Ils peuvent \u00eatre achet\u00e9s s\u00e9par\u00e9ment. Couleur ivoire blanc. Pour meubler votre maison avec classe et originalit\u00e9.<\/p>\n","protected":false},"featured_media":113473,"template":"","meta":{"_seopress_robots_primary_cat":"2549","_seopress_titles_title":"","_seopress_titles_desc":"","_seopress_robots_index":""},"product_brand":[],"product_cat":[3747,4040,4137],"product_tag":[6658,6664,6668,6666],"class_list":{"0":"post-128831","1":"product","2":"type-product","3":"status-publish","4":"has-post-thumbnail","6":"product_cat-decoration-interieure","7":"product_cat-decorations-fr","8":"product_cat-decorations-de-noel","9":"product_tag-cygne-decoratif-fr","10":"product_tag-cygne-decoratif-fr-2","11":"product_tag-cygne-decoratif-fr-3","12":"product_tag-schwan-dekorativer","14":"first","15":"outofstock","16":"shipping-taxable","17":"purchasable","18":"product-type-variable","19":"has-default-attributes"},"jetpack_sharing_enabled":true,"_links":{"self":[{"href":"https:\/\/lighthouselocarno.ch\/fr\/wp-json\/wp\/v2\/product\/128831","targetHints":{"allow":["GET"]}}],"collection":[{"href":"https:\/\/lighthouselocarno.ch\/fr\/wp-json\/wp\/v2\/product"}],"about":[{"href":"https:\/\/lighthouselocarno.ch\/fr\/wp-json\/wp\/v2\/types\/product"}],"wp:featuredmedia":[{"embeddable":true,"href":"https:\/\/lighthouselocarno.ch\/fr\/wp-json\/wp\/v2\/media\/113473"}],"wp:attachment":[{"href":"https:\/\/lighthouselocarno.ch\/fr\/wp-json\/wp\/v2\/media?parent=128831"}],"wp:term":[{"taxonomy":"product_brand","embeddable":true,"href":"https:\/\/lighthouselocarno.ch\/fr\/wp-json\/wp\/v2\/product_brand?post=128831"},{"taxonomy":"product_cat","embeddable":true,"href":"https:\/\/lighthouselocarno.ch\/fr\/wp-json\/wp\/v2\/product_cat?post=128831"},{"taxonomy":"product_tag","embeddable":true,"href":"https:\/\/lighthouselocarno.ch\/fr\/wp-json\/wp\/v2\/product_tag?post=128831"}],"curies":[{"name":"wp","href":"https:\/\/api.w.org\/{rel}","templated":true}]}}