{"id":128862,"date":"2022-11-04T12:00:44","date_gmt":"2022-11-04T12:00:44","guid":{"rendered":"https:\/\/lighthouselocarno.ch\/prodotti\/lanterne-en-verre-et-metal-dore\/"},"modified":"2024-12-16T09:47:33","modified_gmt":"2024-12-16T09:47:33","slug":"lanterne-en-verre-dore","status":"publish","type":"product","link":"https:\/\/lighthouselocarno.ch\/fr\/produit\/lanterne-en-verre-dore\/","title":{"rendered":"Lanterne en verre et m\u00e9tal dor\u00e9"},"content":{"rendered":"<p><strong>Meubler votre maison avec des lanternes<\/strong> signifie cr\u00e9er une atmosph\u00e8re romantique, une petite oasis de plaisir pour profiter encore plus de nos moments d&rsquo;intimit\u00e9, mais pas seulement, cela signifie aussi pr\u00eater attention aux d\u00e9tails et d\u00e9cider d&rsquo;acheter des <strong>accessoires d&rsquo;ameublement<\/strong> uniques qui peuvent donner une nouvelle <strong>lumi\u00e8re<\/strong> et une nouvelle image \u00e0 vos espaces. Les lanternes sont en fait des <strong>points lumineux particuliers<\/strong>. La combinaison du <strong>m\u00e9tal <\/strong>et du <strong>verre<\/strong> cr\u00e9e des <strong>lanternes au style moderne et minimaliste<\/strong>.<\/p>\n<p>&nbsp;<\/p>\n","protected":false},"excerpt":{"rendered":"<p><strong>Bougeoir en verre et m\u00e9tal<\/strong> dor\u00e9, lanterne dor\u00e9e avec anneau de suspension. Illuminez les pi\u00e8ces de votre maison et de votre jardin avec sophistication et \u00e9l\u00e9gance.<\/p>\n","protected":false},"featured_media":112942,"template":"","meta":{"_seopress_robots_primary_cat":"3027","_seopress_titles_title":"","_seopress_titles_desc":"","_seopress_robots_index":""},"product_brand":[],"product_cat":[4268,3747,4625],"product_tag":[6683,4626,4627,5433,6687],"class_list":{"0":"post-128862","1":"product","2":"type-product","3":"status-publish","4":"has-post-thumbnail","6":"product_cat-bougies","7":"product_cat-decoration-interieure","8":"product_cat-lanternes","9":"product_tag-homedecor-fr","10":"product_tag-lanterne-fr","11":"product_tag-lanterne-fr-2","12":"product_tag-lanternes","13":"product_tag-laterne-fr","15":"first","16":"instock","17":"shipping-taxable","18":"purchasable","19":"product-type-variable","20":"has-default-attributes"},"jetpack_sharing_enabled":true,"_links":{"self":[{"href":"https:\/\/lighthouselocarno.ch\/fr\/wp-json\/wp\/v2\/product\/128862","targetHints":{"allow":["GET"]}}],"collection":[{"href":"https:\/\/lighthouselocarno.ch\/fr\/wp-json\/wp\/v2\/product"}],"about":[{"href":"https:\/\/lighthouselocarno.ch\/fr\/wp-json\/wp\/v2\/types\/product"}],"wp:featuredmedia":[{"embeddable":true,"href":"https:\/\/lighthouselocarno.ch\/fr\/wp-json\/wp\/v2\/media\/112942"}],"wp:attachment":[{"href":"https:\/\/lighthouselocarno.ch\/fr\/wp-json\/wp\/v2\/media?parent=128862"}],"wp:term":[{"taxonomy":"product_brand","embeddable":true,"href":"https:\/\/lighthouselocarno.ch\/fr\/wp-json\/wp\/v2\/product_brand?post=128862"},{"taxonomy":"product_cat","embeddable":true,"href":"https:\/\/lighthouselocarno.ch\/fr\/wp-json\/wp\/v2\/product_cat?post=128862"},{"taxonomy":"product_tag","embeddable":true,"href":"https:\/\/lighthouselocarno.ch\/fr\/wp-json\/wp\/v2\/product_tag?post=128862"}],"curies":[{"name":"wp","href":"https:\/\/api.w.org\/{rel}","templated":true}]}}