{"id":128889,"date":"2022-11-01T07:21:15","date_gmt":"2022-11-01T07:21:15","guid":{"rendered":"https:\/\/lighthouselocarno.ch\/prodotti\/mug-avec-ailes-dange-en-or\/"},"modified":"2023-08-18T15:00:52","modified_gmt":"2023-08-18T15:00:52","slug":"mug-avec-ali-ange-or","status":"publish","type":"product","link":"https:\/\/lighthouselocarno.ch\/fr\/produit\/mug-avec-ali-ange-or\/","title":{"rendered":"Mug avec ailes d&rsquo;ange en or"},"content":{"rendered":"<p>D\u00e9di\u00e9 aux amoureux des anges et \u00e0 ceux qui veulent un <strong>accessoire \u00e9l\u00e9gant pour d\u00e9corer leur maison<\/strong>. <strong>Id\u00e9e de cadeau pour No\u00ebl<\/strong> ou pour ceux qui aiment le monde des anges. Une<strong>id\u00e9e de cadeau unique<\/strong> avec une <strong>signification profonde<\/strong>.<\/p>\n<p>&nbsp;<\/p>\n","protected":false},"excerpt":{"rendered":"<p>Belle <strong>tasse<\/strong> raffin\u00e9e <strong>avec des ailes d&rsquo;ange dor\u00e9es<\/strong>. Id\u00e9al pour commencer la journ\u00e9e mais aussi comme <strong>id\u00e9e cadeau<\/strong>.<\/p>\n<p>Fabriqu\u00e9 en c\u00e9ramique blanche.<\/p>\n<p>Dimensions : 11&Prime;9&Prime;10 cm capacit\u00e9 350 ml.<\/p>\n<p>Passe au lave-vaisselle.<\/p>\n","protected":false},"featured_media":112627,"template":"","meta":{"_seopress_robots_primary_cat":"2552","_seopress_titles_title":"","_seopress_titles_desc":"","_seopress_robots_index":""},"product_brand":[],"product_cat":[3747,3757,7229],"product_tag":[6711,5872,6727,6732,5212,5130,5881,6720],"class_list":{"0":"post-128889","1":"product","2":"type-product","3":"status-publish","4":"has-post-thumbnail","6":"product_cat-decoration-interieure","7":"product_cat-table-fr","8":"product_cat-plats-et-tasses","9":"product_tag-accessoires-de-cuisine","10":"product_tag-gobelets","11":"product_tag-honoraires","12":"product_tag-idee-cadeau","13":"product_tag-idee-de-cadeau","14":"product_tag-mise-en-place-fr","15":"product_tag-tasse-fr-3","16":"product_tag-tasse-fr-4","18":"first","19":"outofstock","20":"shipping-taxable","21":"purchasable","22":"product-type-simple"},"jetpack_sharing_enabled":true,"_links":{"self":[{"href":"https:\/\/lighthouselocarno.ch\/fr\/wp-json\/wp\/v2\/product\/128889","targetHints":{"allow":["GET"]}}],"collection":[{"href":"https:\/\/lighthouselocarno.ch\/fr\/wp-json\/wp\/v2\/product"}],"about":[{"href":"https:\/\/lighthouselocarno.ch\/fr\/wp-json\/wp\/v2\/types\/product"}],"wp:featuredmedia":[{"embeddable":true,"href":"https:\/\/lighthouselocarno.ch\/fr\/wp-json\/wp\/v2\/media\/112627"}],"wp:attachment":[{"href":"https:\/\/lighthouselocarno.ch\/fr\/wp-json\/wp\/v2\/media?parent=128889"}],"wp:term":[{"taxonomy":"product_brand","embeddable":true,"href":"https:\/\/lighthouselocarno.ch\/fr\/wp-json\/wp\/v2\/product_brand?post=128889"},{"taxonomy":"product_cat","embeddable":true,"href":"https:\/\/lighthouselocarno.ch\/fr\/wp-json\/wp\/v2\/product_cat?post=128889"},{"taxonomy":"product_tag","embeddable":true,"href":"https:\/\/lighthouselocarno.ch\/fr\/wp-json\/wp\/v2\/product_tag?post=128889"}],"curies":[{"name":"wp","href":"https:\/\/api.w.org\/{rel}","templated":true}]}}