{"id":128894,"date":"2022-11-01T13:09:04","date_gmt":"2022-11-01T13:09:04","guid":{"rendered":"https:\/\/lighthouselocarno.ch\/prodotti\/sac-pour-telephone-portable\/"},"modified":"2024-12-20T14:55:36","modified_gmt":"2024-12-20T14:55:36","slug":"pochette-pour-telephone-portable","status":"publish","type":"product","link":"https:\/\/lighthouselocarno.ch\/fr\/produit\/pochette-pour-telephone-portable\/","title":{"rendered":"Sac pour t\u00e9l\u00e9phone portable"},"content":{"rendered":"<p><strong>Accessoire de mode fabriqu\u00e9 en Italie.<\/strong> Cr\u00e9ez votre <strong>propre look<\/strong> en choisissant des v\u00eatements de haute couture italienne. <a href=\"https:\/\/lighthouselocarno.ch\/product-category\/abbigliamento\/\"><br \/>\n  <strong>des v\u00eatements haute couture italiens<\/strong><br \/>\n<\/a>. Agr\u00e9mentez votre <strong>tenue<\/strong> d&rsquo;<strong><a href=\"https:\/\/lighthouselocarno.ch\/product-category\/gioielli\/bracciali\/\">accessoires<\/a> et de <a href=\"https:\/\/lighthouselocarno.ch\/product-category\/gioielli\/collane\/\">bijoux<\/a> uniques et originaux<\/strong>.<\/p>\n","protected":false},"excerpt":{"rendered":"<p>Le magnifique <strong>mini-sac pour t\u00e9l\u00e9phone portable<\/strong> d&rsquo;Elisa Cavaletti, en tissu matelass\u00e9 noir, est tr\u00e8s tendance. La <strong>bandouli\u00e8re en cha\u00eene dor\u00e9e<\/strong> est <strong>orn\u00e9e<\/strong> au centre d&rsquo;un grand <strong>cristal Swarovski en forme de c\u0153ur <\/strong>. Le dos du tissu est enti\u00e8rement matelass\u00e9.<\/p>\n","protected":false},"featured_media":113377,"template":"","meta":{"_seopress_robots_primary_cat":"3194","_seopress_titles_title":"","_seopress_titles_desc":"","_seopress_robots_index":""},"product_brand":[],"product_cat":[3896,3780,5510],"product_tag":[6738,6742,5003],"class_list":{"0":"post-128894","1":"product","2":"type-product","3":"status-publish","4":"has-post-thumbnail","6":"product_cat-chaussures-et-accessoires","7":"product_cat-mode-femme","8":"product_cat-sacs","9":"product_tag-mini-sac","10":"product_tag-sac-a-bandouliere","11":"product_tag-sac-elisa-cavaletti","13":"first","14":"outofstock","15":"shipping-taxable","16":"purchasable","17":"product-type-simple"},"jetpack_sharing_enabled":true,"_links":{"self":[{"href":"https:\/\/lighthouselocarno.ch\/fr\/wp-json\/wp\/v2\/product\/128894","targetHints":{"allow":["GET"]}}],"collection":[{"href":"https:\/\/lighthouselocarno.ch\/fr\/wp-json\/wp\/v2\/product"}],"about":[{"href":"https:\/\/lighthouselocarno.ch\/fr\/wp-json\/wp\/v2\/types\/product"}],"wp:featuredmedia":[{"embeddable":true,"href":"https:\/\/lighthouselocarno.ch\/fr\/wp-json\/wp\/v2\/media\/113377"}],"wp:attachment":[{"href":"https:\/\/lighthouselocarno.ch\/fr\/wp-json\/wp\/v2\/media?parent=128894"}],"wp:term":[{"taxonomy":"product_brand","embeddable":true,"href":"https:\/\/lighthouselocarno.ch\/fr\/wp-json\/wp\/v2\/product_brand?post=128894"},{"taxonomy":"product_cat","embeddable":true,"href":"https:\/\/lighthouselocarno.ch\/fr\/wp-json\/wp\/v2\/product_cat?post=128894"},{"taxonomy":"product_tag","embeddable":true,"href":"https:\/\/lighthouselocarno.ch\/fr\/wp-json\/wp\/v2\/product_tag?post=128894"}],"curies":[{"name":"wp","href":"https:\/\/api.w.org\/{rel}","templated":true}]}}